{"id":8618,"date":"2021-10-17T11:26:08","date_gmt":"2021-10-17T10:26:08","guid":{"rendered":"http:\/\/rayovac.eu\/mercury-free\/"},"modified":"2021-12-01T07:30:38","modified_gmt":"2021-12-01T07:30:38","slug":"mercury-free","status":"publish","type":"page","link":"https:\/\/rayovac.eu\/it\/innovation\/mercury-free\/","title":{"rendered":"Senza mercurio"},"content":{"rendered":"<h3>Innovazione senza impatto<\/h3>\n<p>Oggi, la richiesta di tecnologie che rispettino l\u2019ambiente \u00e8 pi\u00f9 grande che mai. La necessit\u00e0 di ridurre le emissioni di anidride carbonica e di proteggere il pianeta \u00e8 importante e i produttori devono impegnarsi in prima persona.<\/p>\n<p>Per questo Rayovac ha investito milioni e dedicato anni alla ricerca e allo sviluppo delle sue batterie prive di mercurio, per creare un prodotto pi\u00f9 rispettoso dell\u2019ambiente, con la potenza e le prestazioni richieste dagli apparecchi acustici odierni. Le nostre recenti batterie per apparecchi acustici senza mercurio durano pi\u00f9 a lungo, con prestazioni pi\u00f9 conformi ed affidabili, per un\u2019esperienza complessivamente migliorata.<\/p>\n<h3>Legislazione<\/h3>\n<p>Il mercurio \u00e8 stato bandito dalle pile alcaline nel 1996. Tuttavia, gli altri tipi di batteria di piccole dimensioni, come quelle per gli apparecchi acustici, erano esentati da tale divieto poich\u00e9 non vi era un\u2019alternativa al mercurio. La maggior parte delle batterie per impianti acustici contiene una piccola quantit\u00e0 di mercurio per assicurare la stabilit\u00e0 del prodotto.<\/p>\n<p>Nell\u2019ottobre 2014, la Commissione europea ha annunciato, in seguito a un approfondito studio sulla fattibilit\u00e0, che tutte le batterie di piccole dimensioni avrebbero dovuto essere prive di mercurio entro il 2 ottobre 2015, emendando la direttiva sulle pile 2006\/66\/CE. Si tratta di una messa al bando in tutta Europa della vendita di pile a bottone contenenti mercurio, dopo tale data.<\/p>\n<h3>Premi<\/h3>\n<p><img decoding=\"async\" src=\"http:\/\/rayovac.eu\/wp-content\/uploads\/2021\/11\/qae-logo.jpeg\" alt=\"\" width=\"300\" height=\"285\" class=\"aligncenter size-full wp-image-8726\" \/><\/p>\n<p>Il nostro successo nello sviluppo di batterie prive di mercurio \u00e8 risultato in una serie di importanti premi. Nel Regno Unito, abbiamo ricevuto il prestigioso Queen\u2019s Award for Enterprise for Innovation 2011. Negli Stati Uniti invece, la linea priva di mercurio ha ricevuto due onorificenze degli International Business Awards (anche detti Stevies). La rimozione del mercurio da tutte le batterie per apparecchi acustici comporta una riduzione del rilascio di tale materiale nell\u2019ambiente di 6.500 kg durante il prossimo anno. Ci\u00f2 equivale a 15.000 campi da calcio: questo mercurio potrebbe infatti venire esposto nell\u2019ambiente sotto forma di batterie usate e abbandonate, spesso in discariche.  <\/p>\n<p>Rayovac \u00e8 un membro del Programma delle Nazioni Unite per l\u2019ambiente (UNEP) Global Mercury Partnership. Questo organismo con adesione volontaria \u00e8 stato creato con l\u2019intento di ridurre l\u2019uso del mercurio e altri metalli pesanti nei prodotti di uso quotidiano.<\/p>\n","protected":false},"excerpt":{"rendered":"<p>Innovazione senza impatto Oggi, la richiesta di tecnologie che rispettino l\u2019ambiente \u00e8 pi\u00f9 grande che mai. La necessit\u00e0 di ridurre le emissioni di anidride carbonica e di proteggere il pianeta \u00e8 importante e i produttori devono impegnarsi in prima persona. Per questo Rayovac ha investito milioni e dedicato anni alla ricerca e allo sviluppo delle [&hellip;]<\/p>\n","protected":false},"author":3,"featured_media":0,"parent":8641,"menu_order":3,"comment_status":"closed","ping_status":"closed","template":"","meta":{"_acf_changed":false,"footnotes":""},"class_list":["post-8618","page","type-page","status-publish","hentry"],"acf":[],"yoast_head":"<!-- This site is optimized with the Yoast SEO plugin v27.2 - https:\/\/yoast.com\/product\/yoast-seo-wordpress\/ -->\n<title>Senza mercurio - Rayovac Hearing Aid Batteries<\/title>\n<meta name=\"robots\" content=\"index, follow, max-snippet:-1, max-image-preview:large, max-video-preview:-1\" \/>\n<link rel=\"canonical\" href=\"https:\/\/rayovac.eu\/it\/innovation\/mercury-free\/\" \/>\n<meta property=\"og:locale\" content=\"it_IT\" \/>\n<meta property=\"og:type\" content=\"article\" \/>\n<meta property=\"og:title\" content=\"Senza mercurio - Rayovac Hearing Aid Batteries\" \/>\n<meta property=\"og:description\" content=\"Innovazione senza impatto Oggi, la richiesta di tecnologie che rispettino l\u2019ambiente \u00e8 pi\u00f9 grande che mai. La necessit\u00e0 di ridurre le emissioni di anidride carbonica e di proteggere il pianeta \u00e8 importante e i produttori devono impegnarsi in prima persona. Per questo Rayovac ha investito milioni e dedicato anni alla ricerca e allo sviluppo delle [&hellip;]\" \/>\n<meta property=\"og:url\" content=\"https:\/\/rayovac.eu\/it\/innovation\/mercury-free\/\" \/>\n<meta property=\"og:site_name\" content=\"Rayovac Hearing Aid Batteries\" \/>\n<meta property=\"article:modified_time\" content=\"2021-12-01T07:30:38+00:00\" \/>\n<meta property=\"og:image\" content=\"http:\/\/rayovac.eu\/wp-content\/uploads\/2021\/11\/qae-logo.jpeg\" \/>\n<meta name=\"twitter:card\" content=\"summary_large_image\" \/>\n<meta name=\"twitter:label1\" content=\"Tempo di lettura stimato\" \/>\n\t<meta name=\"twitter:data1\" content=\"2 minuti\" \/>\n<script type=\"application\/ld+json\" class=\"yoast-schema-graph\">{\"@context\":\"https:\/\/schema.org\",\"@graph\":[{\"@type\":\"WebPage\",\"@id\":\"https:\/\/rayovac.eu\/it\/innovation\/mercury-free\/\",\"url\":\"https:\/\/rayovac.eu\/it\/innovation\/mercury-free\/\",\"name\":\"Senza mercurio - Rayovac Hearing Aid Batteries\",\"isPartOf\":{\"@id\":\"https:\/\/rayovac.eu\/it\/#website\"},\"primaryImageOfPage\":{\"@id\":\"https:\/\/rayovac.eu\/it\/innovation\/mercury-free\/#primaryimage\"},\"image\":{\"@id\":\"https:\/\/rayovac.eu\/it\/innovation\/mercury-free\/#primaryimage\"},\"thumbnailUrl\":\"http:\/\/rayovac.eu\/wp-content\/uploads\/2021\/11\/qae-logo.jpeg\",\"datePublished\":\"2021-10-17T10:26:08+00:00\",\"dateModified\":\"2021-12-01T07:30:38+00:00\",\"breadcrumb\":{\"@id\":\"https:\/\/rayovac.eu\/it\/innovation\/mercury-free\/#breadcrumb\"},\"inLanguage\":\"it-IT\",\"potentialAction\":[{\"@type\":\"ReadAction\",\"target\":[\"https:\/\/rayovac.eu\/it\/innovation\/mercury-free\/\"]}]},{\"@type\":\"ImageObject\",\"inLanguage\":\"it-IT\",\"@id\":\"https:\/\/rayovac.eu\/it\/innovation\/mercury-free\/#primaryimage\",\"url\":\"http:\/\/rayovac.eu\/wp-content\/uploads\/2021\/11\/qae-logo.jpeg\",\"contentUrl\":\"http:\/\/rayovac.eu\/wp-content\/uploads\/2021\/11\/qae-logo.jpeg\"},{\"@type\":\"BreadcrumbList\",\"@id\":\"https:\/\/rayovac.eu\/it\/innovation\/mercury-free\/#breadcrumb\",\"itemListElement\":[{\"@type\":\"ListItem\",\"position\":1,\"name\":\"Home\",\"item\":\"https:\/\/rayovac.eu\/it\/\"},{\"@type\":\"ListItem\",\"position\":2,\"name\":\"Innovazione\",\"item\":\"https:\/\/rayovac.eu\/it\/innovation\/\"},{\"@type\":\"ListItem\",\"position\":3,\"name\":\"Senza mercurio\"}]},{\"@type\":\"WebSite\",\"@id\":\"https:\/\/rayovac.eu\/it\/#website\",\"url\":\"https:\/\/rayovac.eu\/it\/\",\"name\":\"Rayovac Hearing Aid Batteries\",\"description\":\"\",\"potentialAction\":[{\"@type\":\"SearchAction\",\"target\":{\"@type\":\"EntryPoint\",\"urlTemplate\":\"https:\/\/rayovac.eu\/it\/?s={search_term_string}\"},\"query-input\":{\"@type\":\"PropertyValueSpecification\",\"valueRequired\":true,\"valueName\":\"search_term_string\"}}],\"inLanguage\":\"it-IT\"}]}<\/script>\n<!-- \/ Yoast SEO plugin. -->","yoast_head_json":{"title":"Senza mercurio - Rayovac Hearing Aid Batteries","robots":{"index":"index","follow":"follow","max-snippet":"max-snippet:-1","max-image-preview":"max-image-preview:large","max-video-preview":"max-video-preview:-1"},"canonical":"https:\/\/rayovac.eu\/it\/innovation\/mercury-free\/","og_locale":"it_IT","og_type":"article","og_title":"Senza mercurio - Rayovac Hearing Aid Batteries","og_description":"Innovazione senza impatto Oggi, la richiesta di tecnologie che rispettino l\u2019ambiente \u00e8 pi\u00f9 grande che mai. La necessit\u00e0 di ridurre le emissioni di anidride carbonica e di proteggere il pianeta \u00e8 importante e i produttori devono impegnarsi in prima persona. Per questo Rayovac ha investito milioni e dedicato anni alla ricerca e allo sviluppo delle [&hellip;]","og_url":"https:\/\/rayovac.eu\/it\/innovation\/mercury-free\/","og_site_name":"Rayovac Hearing Aid Batteries","article_modified_time":"2021-12-01T07:30:38+00:00","og_image":[{"url":"http:\/\/rayovac.eu\/wp-content\/uploads\/2021\/11\/qae-logo.jpeg","type":"","width":"","height":""}],"twitter_card":"summary_large_image","twitter_misc":{"Tempo di lettura stimato":"2 minuti"},"schema":{"@context":"https:\/\/schema.org","@graph":[{"@type":"WebPage","@id":"https:\/\/rayovac.eu\/it\/innovation\/mercury-free\/","url":"https:\/\/rayovac.eu\/it\/innovation\/mercury-free\/","name":"Senza mercurio - Rayovac Hearing Aid Batteries","isPartOf":{"@id":"https:\/\/rayovac.eu\/it\/#website"},"primaryImageOfPage":{"@id":"https:\/\/rayovac.eu\/it\/innovation\/mercury-free\/#primaryimage"},"image":{"@id":"https:\/\/rayovac.eu\/it\/innovation\/mercury-free\/#primaryimage"},"thumbnailUrl":"http:\/\/rayovac.eu\/wp-content\/uploads\/2021\/11\/qae-logo.jpeg","datePublished":"2021-10-17T10:26:08+00:00","dateModified":"2021-12-01T07:30:38+00:00","breadcrumb":{"@id":"https:\/\/rayovac.eu\/it\/innovation\/mercury-free\/#breadcrumb"},"inLanguage":"it-IT","potentialAction":[{"@type":"ReadAction","target":["https:\/\/rayovac.eu\/it\/innovation\/mercury-free\/"]}]},{"@type":"ImageObject","inLanguage":"it-IT","@id":"https:\/\/rayovac.eu\/it\/innovation\/mercury-free\/#primaryimage","url":"http:\/\/rayovac.eu\/wp-content\/uploads\/2021\/11\/qae-logo.jpeg","contentUrl":"http:\/\/rayovac.eu\/wp-content\/uploads\/2021\/11\/qae-logo.jpeg"},{"@type":"BreadcrumbList","@id":"https:\/\/rayovac.eu\/it\/innovation\/mercury-free\/#breadcrumb","itemListElement":[{"@type":"ListItem","position":1,"name":"Home","item":"https:\/\/rayovac.eu\/it\/"},{"@type":"ListItem","position":2,"name":"Innovazione","item":"https:\/\/rayovac.eu\/it\/innovation\/"},{"@type":"ListItem","position":3,"name":"Senza mercurio"}]},{"@type":"WebSite","@id":"https:\/\/rayovac.eu\/it\/#website","url":"https:\/\/rayovac.eu\/it\/","name":"Rayovac Hearing Aid Batteries","description":"","potentialAction":[{"@type":"SearchAction","target":{"@type":"EntryPoint","urlTemplate":"https:\/\/rayovac.eu\/it\/?s={search_term_string}"},"query-input":{"@type":"PropertyValueSpecification","valueRequired":true,"valueName":"search_term_string"}}],"inLanguage":"it-IT"}]}},"_links":{"self":[{"href":"https:\/\/rayovac.eu\/it\/wp-json\/wp\/v2\/pages\/8618","targetHints":{"allow":["GET"]}}],"collection":[{"href":"https:\/\/rayovac.eu\/it\/wp-json\/wp\/v2\/pages"}],"about":[{"href":"https:\/\/rayovac.eu\/it\/wp-json\/wp\/v2\/types\/page"}],"author":[{"embeddable":true,"href":"https:\/\/rayovac.eu\/it\/wp-json\/wp\/v2\/users\/3"}],"replies":[{"embeddable":true,"href":"https:\/\/rayovac.eu\/it\/wp-json\/wp\/v2\/comments?post=8618"}],"version-history":[{"count":1,"href":"https:\/\/rayovac.eu\/it\/wp-json\/wp\/v2\/pages\/8618\/revisions"}],"predecessor-version":[{"id":9544,"href":"https:\/\/rayovac.eu\/it\/wp-json\/wp\/v2\/pages\/8618\/revisions\/9544"}],"up":[{"embeddable":true,"href":"https:\/\/rayovac.eu\/it\/wp-json\/wp\/v2\/pages\/8641"}],"wp:attachment":[{"href":"https:\/\/rayovac.eu\/it\/wp-json\/wp\/v2\/media?parent=8618"}],"curies":[{"name":"wp","href":"https:\/\/api.w.org\/{rel}","templated":true}]}}