{"id":8608,"date":"2021-10-17T11:27:27","date_gmt":"2021-10-17T10:27:27","guid":{"rendered":"http:\/\/rayovac.eu\/how-to-test-your-hearing\/"},"modified":"2021-12-01T07:39:00","modified_gmt":"2021-12-01T07:39:00","slug":"how-to-test-your-hearing","status":"publish","type":"page","link":"https:\/\/rayovac.eu\/it\/discover\/how-to-test-your-hearing\/","title":{"rendered":"Controllare il proprio udito"},"content":{"rendered":"<h3>Come controllare l\u2019udito<\/h3>\n<p>\u00c8 importante prendersi cura del proprio udito e notare eventuali lievi cambiamenti nella qualit\u00e0 dell\u2019ascolto in quanto potrebbero essere sintomi premonitori precoci di possibili problemi uditivi. Questa pagina vi consente di leggere una serie di risposte fornite a domande frequenti ed a suggerimenti su come controllare il vostro udito. Se siete preoccupati per le vostre facolt\u00e0 uditive \u00e8 importante che vi rivolgiate a un professionista per ricevere ulteriori consigli.<\/p>\n<p><strong>Gli apparecchi acustici riducono gli effetti della perdita dell\u2019udito<\/strong><\/p>\n<p>\u00c8 una leggenda diffusa che gli apparecchi acustici possano ripristinare completamente l\u2019udito. Anche se possono essere un valido aiuto per migliorare la capacit\u00e0 di sentire di fronte a una perdita, non possono restituire del tutto l\u2019udito perduto. Esistono due tipi di apparecchi acustici: analogici e digitali.<\/p>\n<ul>\n<li>Gli apparecchi analogici semplicemente amplificano tutti i suoni; ci\u00f2 pu\u00f2 causare problemi in presenza di rumore di sottofondo e pu\u00f2 creare troppo rumore per chi li indossa.<\/li>\n<li>Gli apparecchi acustici digitali sono pi\u00f9 sofisticati in quanto possono contribuire a ridurre le interferenze causate da rumore di sottofondo, che per\u00f2 non vengono mai completamente escluse.<\/li>\n<\/ul>\n<p><strong>Quali sono le cause di una perdita dell\u2019udito?<\/strong><\/p>\n<p>La perdita dell\u2019udito pu\u00f2 essere causata da svariati fattori, tra cui l\u2019et\u00e0 avanzata, un\u2019infezione, un accumulo di cerume e una malattia ereditaria. Non esiste un\u2019unica causa, ma ci si pu\u00f2 impegnare per cercare di evitare la perdita dell\u2019udito, per esempio riducendo la propria esposizione a rumori elevati, asportando il cerume e corpi estranei e facendosi curare le infezioni il pi\u00f9 presto possibile.<\/p>\n<p><strong>Cos\u2019\u00e8 un impianto cocleare?<\/strong><\/p>\n<p>Un impianto cocleare viene utilizzato per individui affetti da una grave perdita dell\u2019udito che non traggono benefici dall\u2019utilizzo di apparecchi acustici. Il dispositivo \u00e8 composto da due parti: una interna e una esterna. La parte interna viene impiantata chirurgicamente nell\u2019osso posto dietro l\u2019orecchio, con degli elettrodi inseriti nella coclea dell\u2019orecchio interno. Gli elettrodi convertono i segnali in impulsi elettrici.<\/p>\n<p>La parte esterna \u00e8 composta da un microfono e un processore vocale che converte il suono in un segnale elettrico che viene inviato agli elettrodi posti nell\u2019orecchio interno. Questi poi stimolano il nervo acustico che invia un segnale al cervello, il quale viene percepito come suono.<\/p>\n<p><strong>Come si fa a sapere se si sta perdendo l\u2019udito?<\/strong><\/p>\n<p>Se sospettate di avere subito una perdita dell\u2019udito anche parziale, potete sottoporvi a questo <a href=\"http:\/\/www.actiononhearingloss.org.uk\/your-hearing\/look-after-your-hearing\/check-your-hearing\/take-the-check.aspx\" rel=\"noopener\" target=\"_blank\">test online<\/a>. Anche se questo test potr\u00e0 esservi di aiuto, dovreste consultare un professionista dell\u2019udito per un parere, se avete dei motivi di apprensione.<\/p>\n","protected":false},"excerpt":{"rendered":"<p>Come controllare l\u2019udito \u00c8 importante prendersi cura del proprio udito e notare eventuali lievi cambiamenti nella qualit\u00e0 dell\u2019ascolto in quanto potrebbero essere sintomi premonitori precoci di possibili problemi uditivi. Questa pagina vi consente di leggere una serie di risposte fornite a domande frequenti ed a suggerimenti su come controllare il vostro udito. Se siete preoccupati [&hellip;]<\/p>\n","protected":false},"author":3,"featured_media":0,"parent":8639,"menu_order":3,"comment_status":"closed","ping_status":"closed","template":"","meta":{"_acf_changed":false,"footnotes":""},"class_list":["post-8608","page","type-page","status-publish","hentry"],"acf":[],"yoast_head":"<!-- This site is optimized with the Yoast SEO plugin v27.2 - https:\/\/yoast.com\/product\/yoast-seo-wordpress\/ -->\n<title>Controllare il proprio udito - Rayovac Hearing Aid Batteries<\/title>\n<meta name=\"robots\" content=\"index, follow, max-snippet:-1, max-image-preview:large, max-video-preview:-1\" \/>\n<link rel=\"canonical\" href=\"https:\/\/rayovac.eu\/it\/discover\/how-to-test-your-hearing\/\" \/>\n<meta property=\"og:locale\" content=\"it_IT\" \/>\n<meta property=\"og:type\" content=\"article\" \/>\n<meta property=\"og:title\" content=\"Controllare il proprio udito - Rayovac Hearing Aid Batteries\" \/>\n<meta property=\"og:description\" content=\"Come controllare l\u2019udito \u00c8 importante prendersi cura del proprio udito e notare eventuali lievi cambiamenti nella qualit\u00e0 dell\u2019ascolto in quanto potrebbero essere sintomi premonitori precoci di possibili problemi uditivi. Questa pagina vi consente di leggere una serie di risposte fornite a domande frequenti ed a suggerimenti su come controllare il vostro udito. Se siete preoccupati [&hellip;]\" \/>\n<meta property=\"og:url\" content=\"https:\/\/rayovac.eu\/it\/discover\/how-to-test-your-hearing\/\" \/>\n<meta property=\"og:site_name\" content=\"Rayovac Hearing Aid Batteries\" \/>\n<meta property=\"article:modified_time\" content=\"2021-12-01T07:39:00+00:00\" \/>\n<meta name=\"twitter:card\" content=\"summary_large_image\" \/>\n<meta name=\"twitter:label1\" content=\"Tempo di lettura stimato\" \/>\n\t<meta name=\"twitter:data1\" content=\"2 minuti\" \/>\n<script type=\"application\/ld+json\" class=\"yoast-schema-graph\">{\"@context\":\"https:\/\/schema.org\",\"@graph\":[{\"@type\":\"WebPage\",\"@id\":\"https:\/\/rayovac.eu\/it\/discover\/how-to-test-your-hearing\/\",\"url\":\"https:\/\/rayovac.eu\/it\/discover\/how-to-test-your-hearing\/\",\"name\":\"Controllare il proprio udito - Rayovac Hearing Aid Batteries\",\"isPartOf\":{\"@id\":\"https:\/\/rayovac.eu\/it\/#website\"},\"datePublished\":\"2021-10-17T10:27:27+00:00\",\"dateModified\":\"2021-12-01T07:39:00+00:00\",\"breadcrumb\":{\"@id\":\"https:\/\/rayovac.eu\/it\/discover\/how-to-test-your-hearing\/#breadcrumb\"},\"inLanguage\":\"it-IT\",\"potentialAction\":[{\"@type\":\"ReadAction\",\"target\":[\"https:\/\/rayovac.eu\/it\/discover\/how-to-test-your-hearing\/\"]}]},{\"@type\":\"BreadcrumbList\",\"@id\":\"https:\/\/rayovac.eu\/it\/discover\/how-to-test-your-hearing\/#breadcrumb\",\"itemListElement\":[{\"@type\":\"ListItem\",\"position\":1,\"name\":\"Home\",\"item\":\"https:\/\/rayovac.eu\/it\/\"},{\"@type\":\"ListItem\",\"position\":2,\"name\":\"Scopri\",\"item\":\"https:\/\/rayovac.eu\/it\/discover\/\"},{\"@type\":\"ListItem\",\"position\":3,\"name\":\"Controllare il proprio udito\"}]},{\"@type\":\"WebSite\",\"@id\":\"https:\/\/rayovac.eu\/it\/#website\",\"url\":\"https:\/\/rayovac.eu\/it\/\",\"name\":\"Rayovac Hearing Aid Batteries\",\"description\":\"\",\"potentialAction\":[{\"@type\":\"SearchAction\",\"target\":{\"@type\":\"EntryPoint\",\"urlTemplate\":\"https:\/\/rayovac.eu\/it\/?s={search_term_string}\"},\"query-input\":{\"@type\":\"PropertyValueSpecification\",\"valueRequired\":true,\"valueName\":\"search_term_string\"}}],\"inLanguage\":\"it-IT\"}]}<\/script>\n<!-- \/ Yoast SEO plugin. -->","yoast_head_json":{"title":"Controllare il proprio udito - Rayovac Hearing Aid Batteries","robots":{"index":"index","follow":"follow","max-snippet":"max-snippet:-1","max-image-preview":"max-image-preview:large","max-video-preview":"max-video-preview:-1"},"canonical":"https:\/\/rayovac.eu\/it\/discover\/how-to-test-your-hearing\/","og_locale":"it_IT","og_type":"article","og_title":"Controllare il proprio udito - Rayovac Hearing Aid Batteries","og_description":"Come controllare l\u2019udito \u00c8 importante prendersi cura del proprio udito e notare eventuali lievi cambiamenti nella qualit\u00e0 dell\u2019ascolto in quanto potrebbero essere sintomi premonitori precoci di possibili problemi uditivi. Questa pagina vi consente di leggere una serie di risposte fornite a domande frequenti ed a suggerimenti su come controllare il vostro udito. Se siete preoccupati [&hellip;]","og_url":"https:\/\/rayovac.eu\/it\/discover\/how-to-test-your-hearing\/","og_site_name":"Rayovac Hearing Aid Batteries","article_modified_time":"2021-12-01T07:39:00+00:00","twitter_card":"summary_large_image","twitter_misc":{"Tempo di lettura stimato":"2 minuti"},"schema":{"@context":"https:\/\/schema.org","@graph":[{"@type":"WebPage","@id":"https:\/\/rayovac.eu\/it\/discover\/how-to-test-your-hearing\/","url":"https:\/\/rayovac.eu\/it\/discover\/how-to-test-your-hearing\/","name":"Controllare il proprio udito - Rayovac Hearing Aid Batteries","isPartOf":{"@id":"https:\/\/rayovac.eu\/it\/#website"},"datePublished":"2021-10-17T10:27:27+00:00","dateModified":"2021-12-01T07:39:00+00:00","breadcrumb":{"@id":"https:\/\/rayovac.eu\/it\/discover\/how-to-test-your-hearing\/#breadcrumb"},"inLanguage":"it-IT","potentialAction":[{"@type":"ReadAction","target":["https:\/\/rayovac.eu\/it\/discover\/how-to-test-your-hearing\/"]}]},{"@type":"BreadcrumbList","@id":"https:\/\/rayovac.eu\/it\/discover\/how-to-test-your-hearing\/#breadcrumb","itemListElement":[{"@type":"ListItem","position":1,"name":"Home","item":"https:\/\/rayovac.eu\/it\/"},{"@type":"ListItem","position":2,"name":"Scopri","item":"https:\/\/rayovac.eu\/it\/discover\/"},{"@type":"ListItem","position":3,"name":"Controllare il proprio udito"}]},{"@type":"WebSite","@id":"https:\/\/rayovac.eu\/it\/#website","url":"https:\/\/rayovac.eu\/it\/","name":"Rayovac Hearing Aid Batteries","description":"","potentialAction":[{"@type":"SearchAction","target":{"@type":"EntryPoint","urlTemplate":"https:\/\/rayovac.eu\/it\/?s={search_term_string}"},"query-input":{"@type":"PropertyValueSpecification","valueRequired":true,"valueName":"search_term_string"}}],"inLanguage":"it-IT"}]}},"_links":{"self":[{"href":"https:\/\/rayovac.eu\/it\/wp-json\/wp\/v2\/pages\/8608","targetHints":{"allow":["GET"]}}],"collection":[{"href":"https:\/\/rayovac.eu\/it\/wp-json\/wp\/v2\/pages"}],"about":[{"href":"https:\/\/rayovac.eu\/it\/wp-json\/wp\/v2\/types\/page"}],"author":[{"embeddable":true,"href":"https:\/\/rayovac.eu\/it\/wp-json\/wp\/v2\/users\/3"}],"replies":[{"embeddable":true,"href":"https:\/\/rayovac.eu\/it\/wp-json\/wp\/v2\/comments?post=8608"}],"version-history":[{"count":2,"href":"https:\/\/rayovac.eu\/it\/wp-json\/wp\/v2\/pages\/8608\/revisions"}],"predecessor-version":[{"id":9552,"href":"https:\/\/rayovac.eu\/it\/wp-json\/wp\/v2\/pages\/8608\/revisions\/9552"}],"up":[{"embeddable":true,"href":"https:\/\/rayovac.eu\/it\/wp-json\/wp\/v2\/pages\/8639"}],"wp:attachment":[{"href":"https:\/\/rayovac.eu\/it\/wp-json\/wp\/v2\/media?parent=8608"}],"curies":[{"name":"wp","href":"https:\/\/api.w.org\/{rel}","templated":true}]}}