{"id":6427,"date":"2021-10-17T10:33:30","date_gmt":"2021-10-17T09:33:30","guid":{"rendered":"http:\/\/rayovac.eu\/customer-service\/"},"modified":"2021-11-30T09:23:22","modified_gmt":"2021-11-30T09:23:22","slug":"customer-service","status":"publish","type":"page","link":"https:\/\/rayovac.eu\/fr\/customer-service\/","title":{"rendered":"Services Clients"},"content":{"rendered":"<p>Rayovac propose des produits r\u00e9pondant aux besoins individuels de tous ses clients. Qu\u2019il s&rsquo;agisse de piles pour appareils auditifs haute performance, de piles pour implants cochl\u00e9aires ou encore d\u2019accessoires pour appareils auditifs, nous avons la solution de qualit\u00e9 qui vous convient.<\/p>\n<p>Nous cherchons \u00e0 am\u00e9liorer la vie de nos clients en leur permettant de tirer le maximum de nos produits. Gr\u00e2ce \u00e0 sa documentation fournie de support client, Rayovac vous aide \u00e0 optimiser l\u2019usage vos piles.<\/p>\n<p>Vous avez des questions ? Notre \u00e9quipe de service client est l\u00e0 pour vous r\u00e9pondre. <a href=\"http:\/\/rayovac.eu\/fr\/customer-service\/contact-us\/\"><strong>Cliquez ici pour nous contacter<\/strong><\/a>.<\/p>\n","protected":false},"excerpt":{"rendered":"<p>Rayovac propose des produits r\u00e9pondant aux besoins individuels de tous ses clients. Qu\u2019il s&rsquo;agisse de piles pour appareils auditifs haute performance, de piles pour implants cochl\u00e9aires ou encore d\u2019accessoires pour appareils auditifs, nous avons la solution de qualit\u00e9 qui vous convient. Nous cherchons \u00e0 am\u00e9liorer la vie de nos clients en leur permettant de tirer [&hellip;]<\/p>\n","protected":false},"author":3,"featured_media":0,"parent":0,"menu_order":7,"comment_status":"closed","ping_status":"closed","template":"","meta":{"_acf_changed":false,"footnotes":""},"class_list":["post-6427","page","type-page","status-publish","hentry"],"acf":[],"yoast_head":"<!-- This site is optimized with the Yoast SEO plugin v27.2 - https:\/\/yoast.com\/product\/yoast-seo-wordpress\/ -->\n<title>Services Clients - Rayovac Hearing Aid Batteries<\/title>\n<meta name=\"robots\" content=\"index, follow, max-snippet:-1, max-image-preview:large, max-video-preview:-1\" \/>\n<link rel=\"canonical\" href=\"https:\/\/rayovac.eu\/fr\/customer-service\/\" \/>\n<meta property=\"og:locale\" content=\"fr_FR\" \/>\n<meta property=\"og:type\" content=\"article\" \/>\n<meta property=\"og:title\" content=\"Services Clients - Rayovac Hearing Aid Batteries\" \/>\n<meta property=\"og:description\" content=\"Rayovac propose des produits r\u00e9pondant aux besoins individuels de tous ses clients. Qu\u2019il s&rsquo;agisse de piles pour appareils auditifs haute performance, de piles pour implants cochl\u00e9aires ou encore d\u2019accessoires pour appareils auditifs, nous avons la solution de qualit\u00e9 qui vous convient. Nous cherchons \u00e0 am\u00e9liorer la vie de nos clients en leur permettant de tirer [&hellip;]\" \/>\n<meta property=\"og:url\" content=\"https:\/\/rayovac.eu\/fr\/customer-service\/\" \/>\n<meta property=\"og:site_name\" content=\"Rayovac Hearing Aid Batteries\" \/>\n<meta property=\"article:modified_time\" content=\"2021-11-30T09:23:22+00:00\" \/>\n<meta name=\"twitter:card\" content=\"summary_large_image\" \/>\n<meta name=\"twitter:label1\" content=\"Dur\u00e9e de lecture estim\u00e9e\" \/>\n\t<meta name=\"twitter:data1\" content=\"1 minute\" \/>\n<script type=\"application\/ld+json\" class=\"yoast-schema-graph\">{\"@context\":\"https:\/\/schema.org\",\"@graph\":[{\"@type\":\"WebPage\",\"@id\":\"https:\/\/rayovac.eu\/fr\/customer-service\/\",\"url\":\"https:\/\/rayovac.eu\/fr\/customer-service\/\",\"name\":\"Services Clients - Rayovac Hearing Aid Batteries\",\"isPartOf\":{\"@id\":\"https:\/\/rayovac.eu\/fr\/#website\"},\"datePublished\":\"2021-10-17T09:33:30+00:00\",\"dateModified\":\"2021-11-30T09:23:22+00:00\",\"breadcrumb\":{\"@id\":\"https:\/\/rayovac.eu\/fr\/customer-service\/#breadcrumb\"},\"inLanguage\":\"fr-FR\",\"potentialAction\":[{\"@type\":\"ReadAction\",\"target\":[\"https:\/\/rayovac.eu\/fr\/customer-service\/\"]}]},{\"@type\":\"BreadcrumbList\",\"@id\":\"https:\/\/rayovac.eu\/fr\/customer-service\/#breadcrumb\",\"itemListElement\":[{\"@type\":\"ListItem\",\"position\":1,\"name\":\"Home\",\"item\":\"https:\/\/rayovac.eu\/fr\/\"},{\"@type\":\"ListItem\",\"position\":2,\"name\":\"Services Clients\"}]},{\"@type\":\"WebSite\",\"@id\":\"https:\/\/rayovac.eu\/fr\/#website\",\"url\":\"https:\/\/rayovac.eu\/fr\/\",\"name\":\"Rayovac Hearing Aid Batteries\",\"description\":\"\",\"potentialAction\":[{\"@type\":\"SearchAction\",\"target\":{\"@type\":\"EntryPoint\",\"urlTemplate\":\"https:\/\/rayovac.eu\/fr\/?s={search_term_string}\"},\"query-input\":{\"@type\":\"PropertyValueSpecification\",\"valueRequired\":true,\"valueName\":\"search_term_string\"}}],\"inLanguage\":\"fr-FR\"}]}<\/script>\n<!-- \/ Yoast SEO plugin. -->","yoast_head_json":{"title":"Services Clients - Rayovac Hearing Aid Batteries","robots":{"index":"index","follow":"follow","max-snippet":"max-snippet:-1","max-image-preview":"max-image-preview:large","max-video-preview":"max-video-preview:-1"},"canonical":"https:\/\/rayovac.eu\/fr\/customer-service\/","og_locale":"fr_FR","og_type":"article","og_title":"Services Clients - Rayovac Hearing Aid Batteries","og_description":"Rayovac propose des produits r\u00e9pondant aux besoins individuels de tous ses clients. Qu\u2019il s&rsquo;agisse de piles pour appareils auditifs haute performance, de piles pour implants cochl\u00e9aires ou encore d\u2019accessoires pour appareils auditifs, nous avons la solution de qualit\u00e9 qui vous convient. Nous cherchons \u00e0 am\u00e9liorer la vie de nos clients en leur permettant de tirer [&hellip;]","og_url":"https:\/\/rayovac.eu\/fr\/customer-service\/","og_site_name":"Rayovac Hearing Aid Batteries","article_modified_time":"2021-11-30T09:23:22+00:00","twitter_card":"summary_large_image","twitter_misc":{"Dur\u00e9e de lecture estim\u00e9e":"1 minute"},"schema":{"@context":"https:\/\/schema.org","@graph":[{"@type":"WebPage","@id":"https:\/\/rayovac.eu\/fr\/customer-service\/","url":"https:\/\/rayovac.eu\/fr\/customer-service\/","name":"Services Clients - Rayovac Hearing Aid Batteries","isPartOf":{"@id":"https:\/\/rayovac.eu\/fr\/#website"},"datePublished":"2021-10-17T09:33:30+00:00","dateModified":"2021-11-30T09:23:22+00:00","breadcrumb":{"@id":"https:\/\/rayovac.eu\/fr\/customer-service\/#breadcrumb"},"inLanguage":"fr-FR","potentialAction":[{"@type":"ReadAction","target":["https:\/\/rayovac.eu\/fr\/customer-service\/"]}]},{"@type":"BreadcrumbList","@id":"https:\/\/rayovac.eu\/fr\/customer-service\/#breadcrumb","itemListElement":[{"@type":"ListItem","position":1,"name":"Home","item":"https:\/\/rayovac.eu\/fr\/"},{"@type":"ListItem","position":2,"name":"Services Clients"}]},{"@type":"WebSite","@id":"https:\/\/rayovac.eu\/fr\/#website","url":"https:\/\/rayovac.eu\/fr\/","name":"Rayovac Hearing Aid Batteries","description":"","potentialAction":[{"@type":"SearchAction","target":{"@type":"EntryPoint","urlTemplate":"https:\/\/rayovac.eu\/fr\/?s={search_term_string}"},"query-input":{"@type":"PropertyValueSpecification","valueRequired":true,"valueName":"search_term_string"}}],"inLanguage":"fr-FR"}]}},"_links":{"self":[{"href":"https:\/\/rayovac.eu\/fr\/wp-json\/wp\/v2\/pages\/6427","targetHints":{"allow":["GET"]}}],"collection":[{"href":"https:\/\/rayovac.eu\/fr\/wp-json\/wp\/v2\/pages"}],"about":[{"href":"https:\/\/rayovac.eu\/fr\/wp-json\/wp\/v2\/types\/page"}],"author":[{"embeddable":true,"href":"https:\/\/rayovac.eu\/fr\/wp-json\/wp\/v2\/users\/3"}],"replies":[{"embeddable":true,"href":"https:\/\/rayovac.eu\/fr\/wp-json\/wp\/v2\/comments?post=6427"}],"version-history":[{"count":1,"href":"https:\/\/rayovac.eu\/fr\/wp-json\/wp\/v2\/pages\/6427\/revisions"}],"predecessor-version":[{"id":7430,"href":"https:\/\/rayovac.eu\/fr\/wp-json\/wp\/v2\/pages\/6427\/revisions\/7430"}],"wp:attachment":[{"href":"https:\/\/rayovac.eu\/fr\/wp-json\/wp\/v2\/media?parent=6427"}],"curies":[{"name":"wp","href":"https:\/\/api.w.org\/{rel}","templated":true}]}}