{"id":6415,"date":"2021-10-17T11:25:06","date_gmt":"2021-10-17T10:25:06","guid":{"rendered":"http:\/\/rayovac.eu\/locations\/"},"modified":"2021-11-30T08:28:11","modified_gmt":"2021-11-30T08:28:11","slug":"locations","status":"publish","type":"page","link":"https:\/\/rayovac.eu\/fr\/company\/locations\/","title":{"rendered":"Implantations"},"content":{"rendered":"<p>Rayovac est une entreprise internationale qui distribue ses piles pour aide auditive dans plus de 100 pays \u00e0 travers le monde, offrant aux clients la puissance dont ils ont besoin pour vivre pleinement leur vie. Nous r\u00e9pondons \u00e0 la demande mondiale gr\u00e2ce \u00e0 nos 2 usines de fabrication de Washington, au Royaume-Uni, et de Portage dans le Wisconsin aux \u00c9tats-Unis. Gr\u00e2ce \u00e0 ces deux sites de production et plateformes de distribution, nous pouvons distribuer nos produits dans le monde entier avec efficacit\u00e9 : nous arrivons plus rapidement \u00e0 vos c\u00f4t\u00e9s.<\/p>\n<p>Nos techniciens de l\u2019Institut de Conception et d\u2019Innovation de Spectrum Brands dans le Wisconsin, aux \u00c9tats-Unis, travaillent pour que les piles Rayovac conservent leur place de leader dans l\u2019alimentation de la derni\u00e8re g\u00e9n\u00e9ration d\u2019appareils auditifs.<\/p>\n<p>Nos bureaux locaux \u00e0 travers le monde offrent aux clients un service et une assistance adapt\u00e9s aux march\u00e9s, leur garantissant un interlocuteur toujours accueillant qu\u2019ils comprendront facilement.<\/p>\n","protected":false},"excerpt":{"rendered":"<p>Rayovac est une entreprise internationale qui distribue ses piles pour aide auditive dans plus de 100 pays \u00e0 travers le monde, offrant aux clients la puissance dont ils ont besoin pour vivre pleinement leur vie. Nous r\u00e9pondons \u00e0 la demande mondiale gr\u00e2ce \u00e0 nos 2 usines de fabrication de Washington, au Royaume-Uni, et de Portage [&hellip;]<\/p>\n","protected":false},"author":3,"featured_media":0,"parent":6432,"menu_order":4,"comment_status":"closed","ping_status":"closed","template":"","meta":{"_acf_changed":false,"footnotes":""},"class_list":["post-6415","page","type-page","status-publish","hentry"],"acf":[],"yoast_head":"<!-- This site is optimized with the Yoast SEO plugin v27.2 - https:\/\/yoast.com\/product\/yoast-seo-wordpress\/ -->\n<title>Implantations - Rayovac Hearing Aid Batteries<\/title>\n<meta name=\"robots\" content=\"index, follow, max-snippet:-1, max-image-preview:large, max-video-preview:-1\" \/>\n<link rel=\"canonical\" href=\"https:\/\/rayovac.eu\/fr\/company\/locations\/\" \/>\n<meta property=\"og:locale\" content=\"fr_FR\" \/>\n<meta property=\"og:type\" content=\"article\" \/>\n<meta property=\"og:title\" content=\"Implantations - Rayovac Hearing Aid Batteries\" \/>\n<meta property=\"og:description\" content=\"Rayovac est une entreprise internationale qui distribue ses piles pour aide auditive dans plus de 100 pays \u00e0 travers le monde, offrant aux clients la puissance dont ils ont besoin pour vivre pleinement leur vie. Nous r\u00e9pondons \u00e0 la demande mondiale gr\u00e2ce \u00e0 nos 2 usines de fabrication de Washington, au Royaume-Uni, et de Portage [&hellip;]\" \/>\n<meta property=\"og:url\" content=\"https:\/\/rayovac.eu\/fr\/company\/locations\/\" \/>\n<meta property=\"og:site_name\" content=\"Rayovac Hearing Aid Batteries\" \/>\n<meta property=\"article:modified_time\" content=\"2021-11-30T08:28:11+00:00\" \/>\n<meta name=\"twitter:card\" content=\"summary_large_image\" \/>\n<meta name=\"twitter:label1\" content=\"Dur\u00e9e de lecture estim\u00e9e\" \/>\n\t<meta name=\"twitter:data1\" content=\"1 minute\" \/>\n<script type=\"application\/ld+json\" class=\"yoast-schema-graph\">{\"@context\":\"https:\/\/schema.org\",\"@graph\":[{\"@type\":\"WebPage\",\"@id\":\"https:\/\/rayovac.eu\/fr\/company\/locations\/\",\"url\":\"https:\/\/rayovac.eu\/fr\/company\/locations\/\",\"name\":\"Implantations - Rayovac Hearing Aid Batteries\",\"isPartOf\":{\"@id\":\"https:\/\/rayovac.eu\/fr\/#website\"},\"datePublished\":\"2021-10-17T10:25:06+00:00\",\"dateModified\":\"2021-11-30T08:28:11+00:00\",\"breadcrumb\":{\"@id\":\"https:\/\/rayovac.eu\/fr\/company\/locations\/#breadcrumb\"},\"inLanguage\":\"fr-FR\",\"potentialAction\":[{\"@type\":\"ReadAction\",\"target\":[\"https:\/\/rayovac.eu\/fr\/company\/locations\/\"]}]},{\"@type\":\"BreadcrumbList\",\"@id\":\"https:\/\/rayovac.eu\/fr\/company\/locations\/#breadcrumb\",\"itemListElement\":[{\"@type\":\"ListItem\",\"position\":1,\"name\":\"Home\",\"item\":\"https:\/\/rayovac.eu\/fr\/\"},{\"@type\":\"ListItem\",\"position\":2,\"name\":\"Entreprise\",\"item\":\"https:\/\/rayovac.eu\/fr\/company\/\"},{\"@type\":\"ListItem\",\"position\":3,\"name\":\"Implantations\"}]},{\"@type\":\"WebSite\",\"@id\":\"https:\/\/rayovac.eu\/fr\/#website\",\"url\":\"https:\/\/rayovac.eu\/fr\/\",\"name\":\"Rayovac Hearing Aid Batteries\",\"description\":\"\",\"potentialAction\":[{\"@type\":\"SearchAction\",\"target\":{\"@type\":\"EntryPoint\",\"urlTemplate\":\"https:\/\/rayovac.eu\/fr\/?s={search_term_string}\"},\"query-input\":{\"@type\":\"PropertyValueSpecification\",\"valueRequired\":true,\"valueName\":\"search_term_string\"}}],\"inLanguage\":\"fr-FR\"}]}<\/script>\n<!-- \/ Yoast SEO plugin. -->","yoast_head_json":{"title":"Implantations - Rayovac Hearing Aid Batteries","robots":{"index":"index","follow":"follow","max-snippet":"max-snippet:-1","max-image-preview":"max-image-preview:large","max-video-preview":"max-video-preview:-1"},"canonical":"https:\/\/rayovac.eu\/fr\/company\/locations\/","og_locale":"fr_FR","og_type":"article","og_title":"Implantations - Rayovac Hearing Aid Batteries","og_description":"Rayovac est une entreprise internationale qui distribue ses piles pour aide auditive dans plus de 100 pays \u00e0 travers le monde, offrant aux clients la puissance dont ils ont besoin pour vivre pleinement leur vie. Nous r\u00e9pondons \u00e0 la demande mondiale gr\u00e2ce \u00e0 nos 2 usines de fabrication de Washington, au Royaume-Uni, et de Portage [&hellip;]","og_url":"https:\/\/rayovac.eu\/fr\/company\/locations\/","og_site_name":"Rayovac Hearing Aid Batteries","article_modified_time":"2021-11-30T08:28:11+00:00","twitter_card":"summary_large_image","twitter_misc":{"Dur\u00e9e de lecture estim\u00e9e":"1 minute"},"schema":{"@context":"https:\/\/schema.org","@graph":[{"@type":"WebPage","@id":"https:\/\/rayovac.eu\/fr\/company\/locations\/","url":"https:\/\/rayovac.eu\/fr\/company\/locations\/","name":"Implantations - Rayovac Hearing Aid Batteries","isPartOf":{"@id":"https:\/\/rayovac.eu\/fr\/#website"},"datePublished":"2021-10-17T10:25:06+00:00","dateModified":"2021-11-30T08:28:11+00:00","breadcrumb":{"@id":"https:\/\/rayovac.eu\/fr\/company\/locations\/#breadcrumb"},"inLanguage":"fr-FR","potentialAction":[{"@type":"ReadAction","target":["https:\/\/rayovac.eu\/fr\/company\/locations\/"]}]},{"@type":"BreadcrumbList","@id":"https:\/\/rayovac.eu\/fr\/company\/locations\/#breadcrumb","itemListElement":[{"@type":"ListItem","position":1,"name":"Home","item":"https:\/\/rayovac.eu\/fr\/"},{"@type":"ListItem","position":2,"name":"Entreprise","item":"https:\/\/rayovac.eu\/fr\/company\/"},{"@type":"ListItem","position":3,"name":"Implantations"}]},{"@type":"WebSite","@id":"https:\/\/rayovac.eu\/fr\/#website","url":"https:\/\/rayovac.eu\/fr\/","name":"Rayovac Hearing Aid Batteries","description":"","potentialAction":[{"@type":"SearchAction","target":{"@type":"EntryPoint","urlTemplate":"https:\/\/rayovac.eu\/fr\/?s={search_term_string}"},"query-input":{"@type":"PropertyValueSpecification","valueRequired":true,"valueName":"search_term_string"}}],"inLanguage":"fr-FR"}]}},"_links":{"self":[{"href":"https:\/\/rayovac.eu\/fr\/wp-json\/wp\/v2\/pages\/6415","targetHints":{"allow":["GET"]}}],"collection":[{"href":"https:\/\/rayovac.eu\/fr\/wp-json\/wp\/v2\/pages"}],"about":[{"href":"https:\/\/rayovac.eu\/fr\/wp-json\/wp\/v2\/types\/page"}],"author":[{"embeddable":true,"href":"https:\/\/rayovac.eu\/fr\/wp-json\/wp\/v2\/users\/3"}],"replies":[{"embeddable":true,"href":"https:\/\/rayovac.eu\/fr\/wp-json\/wp\/v2\/comments?post=6415"}],"version-history":[{"count":1,"href":"https:\/\/rayovac.eu\/fr\/wp-json\/wp\/v2\/pages\/6415\/revisions"}],"predecessor-version":[{"id":7399,"href":"https:\/\/rayovac.eu\/fr\/wp-json\/wp\/v2\/pages\/6415\/revisions\/7399"}],"up":[{"embeddable":true,"href":"https:\/\/rayovac.eu\/fr\/wp-json\/wp\/v2\/pages\/6432"}],"wp:attachment":[{"href":"https:\/\/rayovac.eu\/fr\/wp-json\/wp\/v2\/media?parent=6415"}],"curies":[{"name":"wp","href":"https:\/\/api.w.org\/{rel}","templated":true}]}}