{"id":6407,"date":"2021-10-17T11:26:08","date_gmt":"2021-10-17T10:26:08","guid":{"rendered":"http:\/\/rayovac.eu\/mercury-free\/"},"modified":"2021-11-30T08:51:34","modified_gmt":"2021-11-30T08:51:34","slug":"mercury-free","status":"publish","type":"page","link":"https:\/\/rayovac.eu\/fr\/innovation\/mercury-free\/","title":{"rendered":"Sans mercure"},"content":{"rendered":"<h3>Innovation sans impact sur l\u2019environnement<\/h3>\n<p>La demande pour des technologies \u00e9co-responsables n\u2019a jamais \u00e9t\u00e9 aussi forte qu\u2019aujourd\u2019hui. Le besoin de r\u00e9duire les \u00e9missions de carbone et prot\u00e9ger la plan\u00e8te est tr\u00e8s pr\u00e9sent et les fabricants doivent en prendre l\u2019initiative.<\/p>\n<p>Rayovac a pour cela investi des millions et plusieurs ann\u00e9es dans la recherche et le d\u00e9veloppement des piles sans mercure pour fabriquer une pile plus \u00e9co-responsable qui offre la puissance et les performances n\u00e9cessaires aux appareils auditifs d\u2019aujourd\u2019hui. Les performances de nos toutes derni\u00e8res piles pour aide auditive durent plus longtemps, avec une constance et une fiabilit\u00e9 accrues vous offrant une meilleure exp\u00e9rience g\u00e9n\u00e9rale.<\/p>\n<h3>L\u00e9gislation<\/h3>\n<p>Le mercure est interdit dans les piles alcalines depuis 1996. Toutefois, certaines piles bouton telles que les piles pour aide auditive et pour montre faisaient exception \u00e0 cette interdiction, car aucun substitut du mercure n\u2019\u00e9tait disponible imm\u00e9diatement. La plupart des piles pour aide auditive contiennent une infime quantit\u00e9 de mercure pour maintenir la stabilit\u00e9 de la pile.<\/p>\n<p>En octobre 2014, faisant suite \u00e0 une \u00e9tude de faisabilit\u00e9 approfondie, la Commission europ\u00e9enne annon\u00e7ait dans un amendement de la directive 2006\/66\/CE relative aux piles et accumulateurs selon lequel toutes les piles bouton devaient \u00eatre exemptes de mercure d\u2019ici le 2 octobre 2015. Cette interdiction au niveau europ\u00e9en concerne la vente de piles bouton contenant du mercure au-del\u00e0 de cette date.<\/p>\n<h3>Prix et r\u00e9compenses<\/h3>\n<p><img decoding=\"async\" src=\"http:\/\/rayovac.eu\/wp-content\/uploads\/2021\/11\/qae-logo.jpeg\" alt=\"\" width=\"300\" height=\"285\" class=\"aligncenter size-full wp-image-6644\" \/><\/p>\n<p>Notre r\u00e9ussite dans le qae-logod\u00e9veloppement de piles sans mercure nous a permis d\u2019obtenir plusieurs r\u00e9compenses prestigieuses. Nous avons re\u00e7u le prestigieux Queen\u2019s Award for Enterprise 2011 de l\u2019innovation au Royaume-Uni. Notre gamme sans mercure recevait alors aux \u00c9tats-Unis deux prix lors des International Business Awards (ou Stevies). En retirant le mercure de toutes les piles pour aide auditive, ce serait chaque ann\u00e9e 6 500 kg de mercure qui ne seraient pas rejet\u00e9s dans l\u2019environnement, soit l\u2019\u00e9quivalent de 15 000 ballons de football. La r\u00e9duction des quantit\u00e9s de mercure auxquelles l\u2019environnement pourrait \u00eatre expos\u00e9, lors de la d\u00e9composition des piles us\u00e9es par exemple, le plus souvent dans des d\u00e9charges, pr\u00e9sente donc des avantages importants.<\/p>\n<p>Rayovac est membre du Partenariat mondial sur le mercure du Programme des Nations Unies pour l\u2019environnement (PNUE). Cet organisme b\u00e9n\u00e9vole a \u00e9t\u00e9 cr\u00e9\u00e9 dans le but de r\u00e9duire l\u2019utilisation du mercure et d\u2019autres m\u00e9taux lourds dans les produits du quotidien.<\/p>\n","protected":false},"excerpt":{"rendered":"<p>Innovation sans impact sur l\u2019environnement La demande pour des technologies \u00e9co-responsables n\u2019a jamais \u00e9t\u00e9 aussi forte qu\u2019aujourd\u2019hui. Le besoin de r\u00e9duire les \u00e9missions de carbone et prot\u00e9ger la plan\u00e8te est tr\u00e8s pr\u00e9sent et les fabricants doivent en prendre l\u2019initiative. Rayovac a pour cela investi des millions et plusieurs ann\u00e9es dans la recherche et le d\u00e9veloppement [&hellip;]<\/p>\n","protected":false},"author":3,"featured_media":0,"parent":6430,"menu_order":3,"comment_status":"closed","ping_status":"closed","template":"","meta":{"_acf_changed":false,"footnotes":""},"class_list":["post-6407","page","type-page","status-publish","hentry"],"acf":[],"yoast_head":"<!-- This site is optimized with the Yoast SEO plugin v27.2 - https:\/\/yoast.com\/product\/yoast-seo-wordpress\/ -->\n<title>Sans mercure - Rayovac Hearing Aid Batteries<\/title>\n<meta name=\"robots\" content=\"index, follow, max-snippet:-1, max-image-preview:large, max-video-preview:-1\" \/>\n<link rel=\"canonical\" href=\"https:\/\/rayovac.eu\/fr\/innovation\/mercury-free\/\" \/>\n<meta property=\"og:locale\" content=\"fr_FR\" \/>\n<meta property=\"og:type\" content=\"article\" \/>\n<meta property=\"og:title\" content=\"Sans mercure - Rayovac Hearing Aid Batteries\" \/>\n<meta property=\"og:description\" content=\"Innovation sans impact sur l\u2019environnement La demande pour des technologies \u00e9co-responsables n\u2019a jamais \u00e9t\u00e9 aussi forte qu\u2019aujourd\u2019hui. Le besoin de r\u00e9duire les \u00e9missions de carbone et prot\u00e9ger la plan\u00e8te est tr\u00e8s pr\u00e9sent et les fabricants doivent en prendre l\u2019initiative. Rayovac a pour cela investi des millions et plusieurs ann\u00e9es dans la recherche et le d\u00e9veloppement [&hellip;]\" \/>\n<meta property=\"og:url\" content=\"https:\/\/rayovac.eu\/fr\/innovation\/mercury-free\/\" \/>\n<meta property=\"og:site_name\" content=\"Rayovac Hearing Aid Batteries\" \/>\n<meta property=\"article:modified_time\" content=\"2021-11-30T08:51:34+00:00\" \/>\n<meta property=\"og:image\" content=\"http:\/\/rayovac.eu\/wp-content\/uploads\/2021\/11\/qae-logo.jpeg\" \/>\n<meta name=\"twitter:card\" content=\"summary_large_image\" \/>\n<meta name=\"twitter:label1\" content=\"Dur\u00e9e de lecture estim\u00e9e\" \/>\n\t<meta name=\"twitter:data1\" content=\"2 minutes\" \/>\n<script type=\"application\/ld+json\" class=\"yoast-schema-graph\">{\"@context\":\"https:\/\/schema.org\",\"@graph\":[{\"@type\":\"WebPage\",\"@id\":\"https:\/\/rayovac.eu\/fr\/innovation\/mercury-free\/\",\"url\":\"https:\/\/rayovac.eu\/fr\/innovation\/mercury-free\/\",\"name\":\"Sans mercure - Rayovac Hearing Aid Batteries\",\"isPartOf\":{\"@id\":\"https:\/\/rayovac.eu\/fr\/#website\"},\"primaryImageOfPage\":{\"@id\":\"https:\/\/rayovac.eu\/fr\/innovation\/mercury-free\/#primaryimage\"},\"image\":{\"@id\":\"https:\/\/rayovac.eu\/fr\/innovation\/mercury-free\/#primaryimage\"},\"thumbnailUrl\":\"http:\/\/rayovac.eu\/wp-content\/uploads\/2021\/11\/qae-logo.jpeg\",\"datePublished\":\"2021-10-17T10:26:08+00:00\",\"dateModified\":\"2021-11-30T08:51:34+00:00\",\"breadcrumb\":{\"@id\":\"https:\/\/rayovac.eu\/fr\/innovation\/mercury-free\/#breadcrumb\"},\"inLanguage\":\"fr-FR\",\"potentialAction\":[{\"@type\":\"ReadAction\",\"target\":[\"https:\/\/rayovac.eu\/fr\/innovation\/mercury-free\/\"]}]},{\"@type\":\"ImageObject\",\"inLanguage\":\"fr-FR\",\"@id\":\"https:\/\/rayovac.eu\/fr\/innovation\/mercury-free\/#primaryimage\",\"url\":\"http:\/\/rayovac.eu\/wp-content\/uploads\/2021\/11\/qae-logo.jpeg\",\"contentUrl\":\"http:\/\/rayovac.eu\/wp-content\/uploads\/2021\/11\/qae-logo.jpeg\"},{\"@type\":\"BreadcrumbList\",\"@id\":\"https:\/\/rayovac.eu\/fr\/innovation\/mercury-free\/#breadcrumb\",\"itemListElement\":[{\"@type\":\"ListItem\",\"position\":1,\"name\":\"Home\",\"item\":\"https:\/\/rayovac.eu\/fr\/\"},{\"@type\":\"ListItem\",\"position\":2,\"name\":\"Innovation\",\"item\":\"https:\/\/rayovac.eu\/fr\/innovation\/\"},{\"@type\":\"ListItem\",\"position\":3,\"name\":\"Sans mercure\"}]},{\"@type\":\"WebSite\",\"@id\":\"https:\/\/rayovac.eu\/fr\/#website\",\"url\":\"https:\/\/rayovac.eu\/fr\/\",\"name\":\"Rayovac Hearing Aid Batteries\",\"description\":\"\",\"potentialAction\":[{\"@type\":\"SearchAction\",\"target\":{\"@type\":\"EntryPoint\",\"urlTemplate\":\"https:\/\/rayovac.eu\/fr\/?s={search_term_string}\"},\"query-input\":{\"@type\":\"PropertyValueSpecification\",\"valueRequired\":true,\"valueName\":\"search_term_string\"}}],\"inLanguage\":\"fr-FR\"}]}<\/script>\n<!-- \/ Yoast SEO plugin. -->","yoast_head_json":{"title":"Sans mercure - Rayovac Hearing Aid Batteries","robots":{"index":"index","follow":"follow","max-snippet":"max-snippet:-1","max-image-preview":"max-image-preview:large","max-video-preview":"max-video-preview:-1"},"canonical":"https:\/\/rayovac.eu\/fr\/innovation\/mercury-free\/","og_locale":"fr_FR","og_type":"article","og_title":"Sans mercure - Rayovac Hearing Aid Batteries","og_description":"Innovation sans impact sur l\u2019environnement La demande pour des technologies \u00e9co-responsables n\u2019a jamais \u00e9t\u00e9 aussi forte qu\u2019aujourd\u2019hui. Le besoin de r\u00e9duire les \u00e9missions de carbone et prot\u00e9ger la plan\u00e8te est tr\u00e8s pr\u00e9sent et les fabricants doivent en prendre l\u2019initiative. Rayovac a pour cela investi des millions et plusieurs ann\u00e9es dans la recherche et le d\u00e9veloppement [&hellip;]","og_url":"https:\/\/rayovac.eu\/fr\/innovation\/mercury-free\/","og_site_name":"Rayovac Hearing Aid Batteries","article_modified_time":"2021-11-30T08:51:34+00:00","og_image":[{"url":"http:\/\/rayovac.eu\/wp-content\/uploads\/2021\/11\/qae-logo.jpeg","type":"","width":"","height":""}],"twitter_card":"summary_large_image","twitter_misc":{"Dur\u00e9e de lecture estim\u00e9e":"2 minutes"},"schema":{"@context":"https:\/\/schema.org","@graph":[{"@type":"WebPage","@id":"https:\/\/rayovac.eu\/fr\/innovation\/mercury-free\/","url":"https:\/\/rayovac.eu\/fr\/innovation\/mercury-free\/","name":"Sans mercure - Rayovac Hearing Aid Batteries","isPartOf":{"@id":"https:\/\/rayovac.eu\/fr\/#website"},"primaryImageOfPage":{"@id":"https:\/\/rayovac.eu\/fr\/innovation\/mercury-free\/#primaryimage"},"image":{"@id":"https:\/\/rayovac.eu\/fr\/innovation\/mercury-free\/#primaryimage"},"thumbnailUrl":"http:\/\/rayovac.eu\/wp-content\/uploads\/2021\/11\/qae-logo.jpeg","datePublished":"2021-10-17T10:26:08+00:00","dateModified":"2021-11-30T08:51:34+00:00","breadcrumb":{"@id":"https:\/\/rayovac.eu\/fr\/innovation\/mercury-free\/#breadcrumb"},"inLanguage":"fr-FR","potentialAction":[{"@type":"ReadAction","target":["https:\/\/rayovac.eu\/fr\/innovation\/mercury-free\/"]}]},{"@type":"ImageObject","inLanguage":"fr-FR","@id":"https:\/\/rayovac.eu\/fr\/innovation\/mercury-free\/#primaryimage","url":"http:\/\/rayovac.eu\/wp-content\/uploads\/2021\/11\/qae-logo.jpeg","contentUrl":"http:\/\/rayovac.eu\/wp-content\/uploads\/2021\/11\/qae-logo.jpeg"},{"@type":"BreadcrumbList","@id":"https:\/\/rayovac.eu\/fr\/innovation\/mercury-free\/#breadcrumb","itemListElement":[{"@type":"ListItem","position":1,"name":"Home","item":"https:\/\/rayovac.eu\/fr\/"},{"@type":"ListItem","position":2,"name":"Innovation","item":"https:\/\/rayovac.eu\/fr\/innovation\/"},{"@type":"ListItem","position":3,"name":"Sans mercure"}]},{"@type":"WebSite","@id":"https:\/\/rayovac.eu\/fr\/#website","url":"https:\/\/rayovac.eu\/fr\/","name":"Rayovac Hearing Aid Batteries","description":"","potentialAction":[{"@type":"SearchAction","target":{"@type":"EntryPoint","urlTemplate":"https:\/\/rayovac.eu\/fr\/?s={search_term_string}"},"query-input":{"@type":"PropertyValueSpecification","valueRequired":true,"valueName":"search_term_string"}}],"inLanguage":"fr-FR"}]}},"_links":{"self":[{"href":"https:\/\/rayovac.eu\/fr\/wp-json\/wp\/v2\/pages\/6407","targetHints":{"allow":["GET"]}}],"collection":[{"href":"https:\/\/rayovac.eu\/fr\/wp-json\/wp\/v2\/pages"}],"about":[{"href":"https:\/\/rayovac.eu\/fr\/wp-json\/wp\/v2\/types\/page"}],"author":[{"embeddable":true,"href":"https:\/\/rayovac.eu\/fr\/wp-json\/wp\/v2\/users\/3"}],"replies":[{"embeddable":true,"href":"https:\/\/rayovac.eu\/fr\/wp-json\/wp\/v2\/comments?post=6407"}],"version-history":[{"count":2,"href":"https:\/\/rayovac.eu\/fr\/wp-json\/wp\/v2\/pages\/6407\/revisions"}],"predecessor-version":[{"id":7414,"href":"https:\/\/rayovac.eu\/fr\/wp-json\/wp\/v2\/pages\/6407\/revisions\/7414"}],"up":[{"embeddable":true,"href":"https:\/\/rayovac.eu\/fr\/wp-json\/wp\/v2\/pages\/6430"}],"wp:attachment":[{"href":"https:\/\/rayovac.eu\/fr\/wp-json\/wp\/v2\/media?parent=6407"}],"curies":[{"name":"wp","href":"https:\/\/api.w.org\/{rel}","templated":true}]}}