{"id":6403,"date":"2021-10-17T11:26:37","date_gmt":"2021-10-17T10:26:37","guid":{"rendered":"http:\/\/rayovac.eu\/easy-packaging\/"},"modified":"2021-11-30T08:56:09","modified_gmt":"2021-11-30T08:56:09","slug":"easy-packaging","status":"publish","type":"page","link":"https:\/\/rayovac.eu\/fr\/innovation\/easy-packaging\/","title":{"rendered":"Emballage facile \u00e0 utiliser"},"content":{"rendered":"<div id=\"easy-packaging\">\n<h3>Emballage transportable, facile \u00e0 utiliser<\/h3>\n<p>Con\u00e7u pour r\u00e9pondre \u00e0 vos besoins, l\u2019emballage des piles pour aide auditive Rayovac est facile \u00e0 utiliser, s\u00e9curis\u00e9 et transportable. Les caract\u00e9ristiques de notre emballage incluent :<\/p>\n<div class=\"spacer\"><\/div>\n<h3>Coques de pile sur\u00e9lev\u00e9es<\/h3>\n<p>Des coques de pile sur\u00e9lev\u00e9es pour saisir et faire tourner plus facilement la coque.<\/p>\n<p><img decoding=\"async\" src=\"http:\/\/rayovac.eu\/wp-content\/uploads\/2021\/11\/raised-dialhardedge.png\" alt=\"\" width=\"2100\" height=\"518\" class=\"aligncenter size-full wp-image-6404\" srcset=\"https:\/\/rayovac.eu\/wp-content\/uploads\/2021\/11\/raised-dialhardedge.png 2100w, https:\/\/rayovac.eu\/wp-content\/uploads\/2021\/11\/raised-dialhardedge-300x74.png 300w, https:\/\/rayovac.eu\/wp-content\/uploads\/2021\/11\/raised-dialhardedge-1024x253.png 1024w, https:\/\/rayovac.eu\/wp-content\/uploads\/2021\/11\/raised-dialhardedge-768x189.png 768w, https:\/\/rayovac.eu\/wp-content\/uploads\/2021\/11\/raised-dialhardedge-1536x379.png 1536w, https:\/\/rayovac.eu\/wp-content\/uploads\/2021\/11\/raised-dialhardedge-2048x505.png 2048w\" sizes=\"(max-width: 2100px) 100vw, 2100px\" \/><\/p>\n<div class=\"spacer\"><\/div>\n<h3>Clapet arri\u00e8re en plastique<\/h3>\n<p>Un clapet arri\u00e8re en plastique qui prot\u00e8ge vos piles et les maintient en place de mani\u00e8re s\u00e9curis\u00e9e.<\/p>\n<div class=\"spacer\"><\/div>\n<p><img decoding=\"async\" src=\"http:\/\/rayovac.eu\/wp-content\/uploads\/2021\/11\/plastic-door.png\" alt=\"\" width=\"500\" height=\"500\" class=\"aligncenter size-full wp-image-6647\" srcset=\"https:\/\/rayovac.eu\/wp-content\/uploads\/2021\/11\/plastic-door.png 500w, https:\/\/rayovac.eu\/wp-content\/uploads\/2021\/11\/plastic-door-300x300.png 300w, https:\/\/rayovac.eu\/wp-content\/uploads\/2021\/11\/plastic-door-150x150.png 150w\" sizes=\"(max-width: 500px) 100vw, 500px\" \/><\/p>\n<div class=\"spacer\"><\/div>\n<h3>Carton Perfor\u00e9<\/h3>\n<p>Un carton perfor\u00e9 afin de s\u00e9parer la coque inf\u00e9rieure des piles pour rendre le transport des piles de rechange simple et discret.<\/p>\n<p><img decoding=\"async\" src=\"http:\/\/rayovac.eu\/wp-content\/uploads\/2021\/11\/white-perf.png\" alt=\"\" width=\"850\" height=\"250\" class=\"aligncenter size-full wp-image-6648\" srcset=\"https:\/\/rayovac.eu\/wp-content\/uploads\/2021\/11\/white-perf.png 850w, https:\/\/rayovac.eu\/wp-content\/uploads\/2021\/11\/white-perf-300x88.png 300w, https:\/\/rayovac.eu\/wp-content\/uploads\/2021\/11\/white-perf-768x226.png 768w\" sizes=\"(max-width: 850px) 100vw, 850px\" \/><\/p>\n<div class=\"spacer\"><\/div>\n<h3 class=\"page-title-lrg centered\">Languettes longs optimis\u00e9s<\/h3>\n<p>Nos languettes ont \u00e9t\u00e9 con\u00e7ues de mani\u00e8re ergonomique pour une meilleure prise en main.<\/p>\n<\/div>\n","protected":false},"excerpt":{"rendered":"<p>Emballage transportable, facile \u00e0 utiliser Con\u00e7u pour r\u00e9pondre \u00e0 vos besoins, l\u2019emballage des piles pour aide auditive Rayovac est facile \u00e0 utiliser, s\u00e9curis\u00e9 et transportable. Les caract\u00e9ristiques de notre emballage incluent : Coques de pile sur\u00e9lev\u00e9es Des coques de pile sur\u00e9lev\u00e9es pour saisir et faire tourner plus facilement la coque. Clapet arri\u00e8re en plastique Un [&hellip;]<\/p>\n","protected":false},"author":3,"featured_media":0,"parent":6430,"menu_order":5,"comment_status":"closed","ping_status":"closed","template":"","meta":{"_acf_changed":false,"footnotes":""},"class_list":["post-6403","page","type-page","status-publish","hentry"],"acf":[],"yoast_head":"<!-- This site is optimized with the Yoast SEO plugin v27.2 - https:\/\/yoast.com\/product\/yoast-seo-wordpress\/ -->\n<title>Emballage facile \u00e0 utiliser - Rayovac Hearing Aid Batteries<\/title>\n<meta name=\"robots\" content=\"index, follow, max-snippet:-1, max-image-preview:large, max-video-preview:-1\" \/>\n<link rel=\"canonical\" href=\"https:\/\/rayovac.eu\/fr\/innovation\/easy-packaging\/\" \/>\n<meta property=\"og:locale\" content=\"fr_FR\" \/>\n<meta property=\"og:type\" content=\"article\" \/>\n<meta property=\"og:title\" content=\"Emballage facile \u00e0 utiliser - Rayovac Hearing Aid Batteries\" \/>\n<meta property=\"og:description\" content=\"Emballage transportable, facile \u00e0 utiliser Con\u00e7u pour r\u00e9pondre \u00e0 vos besoins, l\u2019emballage des piles pour aide auditive Rayovac est facile \u00e0 utiliser, s\u00e9curis\u00e9 et transportable. Les caract\u00e9ristiques de notre emballage incluent : Coques de pile sur\u00e9lev\u00e9es Des coques de pile sur\u00e9lev\u00e9es pour saisir et faire tourner plus facilement la coque. Clapet arri\u00e8re en plastique Un [&hellip;]\" \/>\n<meta property=\"og:url\" content=\"https:\/\/rayovac.eu\/fr\/innovation\/easy-packaging\/\" \/>\n<meta property=\"og:site_name\" content=\"Rayovac Hearing Aid Batteries\" \/>\n<meta property=\"article:modified_time\" content=\"2021-11-30T08:56:09+00:00\" \/>\n<meta property=\"og:image\" content=\"http:\/\/rayovac.eu\/wp-content\/uploads\/2021\/11\/raised-dialhardedge.png\" \/>\n<meta name=\"twitter:card\" content=\"summary_large_image\" \/>\n<meta name=\"twitter:label1\" content=\"Dur\u00e9e de lecture estim\u00e9e\" \/>\n\t<meta name=\"twitter:data1\" content=\"1 minute\" \/>\n<script type=\"application\/ld+json\" class=\"yoast-schema-graph\">{\"@context\":\"https:\/\/schema.org\",\"@graph\":[{\"@type\":\"WebPage\",\"@id\":\"https:\/\/rayovac.eu\/fr\/innovation\/easy-packaging\/\",\"url\":\"https:\/\/rayovac.eu\/fr\/innovation\/easy-packaging\/\",\"name\":\"Emballage facile \u00e0 utiliser - Rayovac Hearing Aid Batteries\",\"isPartOf\":{\"@id\":\"https:\/\/rayovac.eu\/fr\/#website\"},\"primaryImageOfPage\":{\"@id\":\"https:\/\/rayovac.eu\/fr\/innovation\/easy-packaging\/#primaryimage\"},\"image\":{\"@id\":\"https:\/\/rayovac.eu\/fr\/innovation\/easy-packaging\/#primaryimage\"},\"thumbnailUrl\":\"http:\/\/rayovac.eu\/wp-content\/uploads\/2021\/11\/raised-dialhardedge.png\",\"datePublished\":\"2021-10-17T10:26:37+00:00\",\"dateModified\":\"2021-11-30T08:56:09+00:00\",\"breadcrumb\":{\"@id\":\"https:\/\/rayovac.eu\/fr\/innovation\/easy-packaging\/#breadcrumb\"},\"inLanguage\":\"fr-FR\",\"potentialAction\":[{\"@type\":\"ReadAction\",\"target\":[\"https:\/\/rayovac.eu\/fr\/innovation\/easy-packaging\/\"]}]},{\"@type\":\"ImageObject\",\"inLanguage\":\"fr-FR\",\"@id\":\"https:\/\/rayovac.eu\/fr\/innovation\/easy-packaging\/#primaryimage\",\"url\":\"http:\/\/rayovac.eu\/wp-content\/uploads\/2021\/11\/raised-dialhardedge.png\",\"contentUrl\":\"http:\/\/rayovac.eu\/wp-content\/uploads\/2021\/11\/raised-dialhardedge.png\"},{\"@type\":\"BreadcrumbList\",\"@id\":\"https:\/\/rayovac.eu\/fr\/innovation\/easy-packaging\/#breadcrumb\",\"itemListElement\":[{\"@type\":\"ListItem\",\"position\":1,\"name\":\"Home\",\"item\":\"https:\/\/rayovac.eu\/fr\/\"},{\"@type\":\"ListItem\",\"position\":2,\"name\":\"Innovation\",\"item\":\"https:\/\/rayovac.eu\/fr\/innovation\/\"},{\"@type\":\"ListItem\",\"position\":3,\"name\":\"Emballage facile \u00e0 utiliser\"}]},{\"@type\":\"WebSite\",\"@id\":\"https:\/\/rayovac.eu\/fr\/#website\",\"url\":\"https:\/\/rayovac.eu\/fr\/\",\"name\":\"Rayovac Hearing Aid Batteries\",\"description\":\"\",\"potentialAction\":[{\"@type\":\"SearchAction\",\"target\":{\"@type\":\"EntryPoint\",\"urlTemplate\":\"https:\/\/rayovac.eu\/fr\/?s={search_term_string}\"},\"query-input\":{\"@type\":\"PropertyValueSpecification\",\"valueRequired\":true,\"valueName\":\"search_term_string\"}}],\"inLanguage\":\"fr-FR\"}]}<\/script>\n<!-- \/ Yoast SEO plugin. -->","yoast_head_json":{"title":"Emballage facile \u00e0 utiliser - Rayovac Hearing Aid Batteries","robots":{"index":"index","follow":"follow","max-snippet":"max-snippet:-1","max-image-preview":"max-image-preview:large","max-video-preview":"max-video-preview:-1"},"canonical":"https:\/\/rayovac.eu\/fr\/innovation\/easy-packaging\/","og_locale":"fr_FR","og_type":"article","og_title":"Emballage facile \u00e0 utiliser - Rayovac Hearing Aid Batteries","og_description":"Emballage transportable, facile \u00e0 utiliser Con\u00e7u pour r\u00e9pondre \u00e0 vos besoins, l\u2019emballage des piles pour aide auditive Rayovac est facile \u00e0 utiliser, s\u00e9curis\u00e9 et transportable. Les caract\u00e9ristiques de notre emballage incluent : Coques de pile sur\u00e9lev\u00e9es Des coques de pile sur\u00e9lev\u00e9es pour saisir et faire tourner plus facilement la coque. Clapet arri\u00e8re en plastique Un [&hellip;]","og_url":"https:\/\/rayovac.eu\/fr\/innovation\/easy-packaging\/","og_site_name":"Rayovac Hearing Aid Batteries","article_modified_time":"2021-11-30T08:56:09+00:00","og_image":[{"url":"http:\/\/rayovac.eu\/wp-content\/uploads\/2021\/11\/raised-dialhardedge.png","type":"","width":"","height":""}],"twitter_card":"summary_large_image","twitter_misc":{"Dur\u00e9e de lecture estim\u00e9e":"1 minute"},"schema":{"@context":"https:\/\/schema.org","@graph":[{"@type":"WebPage","@id":"https:\/\/rayovac.eu\/fr\/innovation\/easy-packaging\/","url":"https:\/\/rayovac.eu\/fr\/innovation\/easy-packaging\/","name":"Emballage facile \u00e0 utiliser - Rayovac Hearing Aid Batteries","isPartOf":{"@id":"https:\/\/rayovac.eu\/fr\/#website"},"primaryImageOfPage":{"@id":"https:\/\/rayovac.eu\/fr\/innovation\/easy-packaging\/#primaryimage"},"image":{"@id":"https:\/\/rayovac.eu\/fr\/innovation\/easy-packaging\/#primaryimage"},"thumbnailUrl":"http:\/\/rayovac.eu\/wp-content\/uploads\/2021\/11\/raised-dialhardedge.png","datePublished":"2021-10-17T10:26:37+00:00","dateModified":"2021-11-30T08:56:09+00:00","breadcrumb":{"@id":"https:\/\/rayovac.eu\/fr\/innovation\/easy-packaging\/#breadcrumb"},"inLanguage":"fr-FR","potentialAction":[{"@type":"ReadAction","target":["https:\/\/rayovac.eu\/fr\/innovation\/easy-packaging\/"]}]},{"@type":"ImageObject","inLanguage":"fr-FR","@id":"https:\/\/rayovac.eu\/fr\/innovation\/easy-packaging\/#primaryimage","url":"http:\/\/rayovac.eu\/wp-content\/uploads\/2021\/11\/raised-dialhardedge.png","contentUrl":"http:\/\/rayovac.eu\/wp-content\/uploads\/2021\/11\/raised-dialhardedge.png"},{"@type":"BreadcrumbList","@id":"https:\/\/rayovac.eu\/fr\/innovation\/easy-packaging\/#breadcrumb","itemListElement":[{"@type":"ListItem","position":1,"name":"Home","item":"https:\/\/rayovac.eu\/fr\/"},{"@type":"ListItem","position":2,"name":"Innovation","item":"https:\/\/rayovac.eu\/fr\/innovation\/"},{"@type":"ListItem","position":3,"name":"Emballage facile \u00e0 utiliser"}]},{"@type":"WebSite","@id":"https:\/\/rayovac.eu\/fr\/#website","url":"https:\/\/rayovac.eu\/fr\/","name":"Rayovac Hearing Aid Batteries","description":"","potentialAction":[{"@type":"SearchAction","target":{"@type":"EntryPoint","urlTemplate":"https:\/\/rayovac.eu\/fr\/?s={search_term_string}"},"query-input":{"@type":"PropertyValueSpecification","valueRequired":true,"valueName":"search_term_string"}}],"inLanguage":"fr-FR"}]}},"_links":{"self":[{"href":"https:\/\/rayovac.eu\/fr\/wp-json\/wp\/v2\/pages\/6403","targetHints":{"allow":["GET"]}}],"collection":[{"href":"https:\/\/rayovac.eu\/fr\/wp-json\/wp\/v2\/pages"}],"about":[{"href":"https:\/\/rayovac.eu\/fr\/wp-json\/wp\/v2\/types\/page"}],"author":[{"embeddable":true,"href":"https:\/\/rayovac.eu\/fr\/wp-json\/wp\/v2\/users\/3"}],"replies":[{"embeddable":true,"href":"https:\/\/rayovac.eu\/fr\/wp-json\/wp\/v2\/comments?post=6403"}],"version-history":[{"count":2,"href":"https:\/\/rayovac.eu\/fr\/wp-json\/wp\/v2\/pages\/6403\/revisions"}],"predecessor-version":[{"id":7418,"href":"https:\/\/rayovac.eu\/fr\/wp-json\/wp\/v2\/pages\/6403\/revisions\/7418"}],"up":[{"embeddable":true,"href":"https:\/\/rayovac.eu\/fr\/wp-json\/wp\/v2\/pages\/6430"}],"wp:attachment":[{"href":"https:\/\/rayovac.eu\/fr\/wp-json\/wp\/v2\/media?parent=6403"}],"curies":[{"name":"wp","href":"https:\/\/api.w.org\/{rel}","templated":true}]}}