{"id":6401,"date":"2021-10-17T11:26:58","date_gmt":"2021-10-17T10:26:58","guid":{"rendered":"http:\/\/rayovac.eu\/audiologist-of-the-year\/"},"modified":"2021-11-30T08:59:22","modified_gmt":"2021-11-30T08:59:22","slug":"audiologist-of-the-year","status":"publish","type":"page","link":"https:\/\/rayovac.eu\/fr\/discover\/audiologist-of-the-year\/","title":{"rendered":"Audioproth\u00e9siste de l\u2019Ann\u00e9e"},"content":{"rendered":"<p>Organis\u00e9 chaque ann\u00e9e par RAYOVAC\u00ae, de 2008 \u00e0 2019, le concours de l\u2019Audioproth\u00e9siste de l\u2019Ann\u00e9e r\u00e9compensait les professionnels de l\u2019audition pour le niveau de service exceptionnel qu\u2019ils offraient \u00e0 leurs patients.<\/p>\n<p>Alors que le concours touche \u00e0 sa fin apr\u00e8s 11 ann\u00e9es de succ\u00e8s, nous tenions \u00e0 remercier toutes les parties prenantes pour leur soutien.<\/p>\n<p>Apr\u00e8s plus d\u2019une d\u00e9cennie de formidables r\u00e9alisations, c\u2019est avec \u00e9motion que nous refermons le chapitre du concours de l\u2019Audioproth\u00e9siste Europ\u00e9en de l\u2019Ann\u00e9e.<\/p>\n<p>Nous avons v\u00e9cu une aventure extraordinaire pendant 11 ans et toute l\u2019\u00e9quipe RAYOVAC\u00ae gardera de cet \u00e9v\u00e9nement un souvenir \u00e9mu teint\u00e9 d\u2019une certaine fiert\u00e9.<\/p>\n<p>MERCI aux partenaires du concours et aux jur\u00e9s, aux patients qui ont pris le temps d\u2019envoyer leurs t\u00e9moignages, et bien s\u00fbr, aux audioproth\u00e9sistes qui ont chang\u00e9 la vie de tant de personnes.<\/p>\n","protected":false},"excerpt":{"rendered":"<p>Organis\u00e9 chaque ann\u00e9e par RAYOVAC\u00ae, de 2008 \u00e0 2019, le concours de l\u2019Audioproth\u00e9siste de l\u2019Ann\u00e9e r\u00e9compensait les professionnels de l\u2019audition pour le niveau de service exceptionnel qu\u2019ils offraient \u00e0 leurs patients. Alors que le concours touche \u00e0 sa fin apr\u00e8s 11 ann\u00e9es de succ\u00e8s, nous tenions \u00e0 remercier toutes les parties prenantes pour leur soutien. [&hellip;]<\/p>\n","protected":false},"author":3,"featured_media":0,"parent":6428,"menu_order":1,"comment_status":"closed","ping_status":"closed","template":"","meta":{"_acf_changed":false,"footnotes":""},"class_list":["post-6401","page","type-page","status-publish","hentry"],"acf":[],"yoast_head":"<!-- This site is optimized with the Yoast SEO plugin v27.2 - https:\/\/yoast.com\/product\/yoast-seo-wordpress\/ -->\n<title>Audioproth\u00e9siste de l\u2019Ann\u00e9e - Rayovac Hearing Aid Batteries<\/title>\n<meta name=\"robots\" content=\"index, follow, max-snippet:-1, max-image-preview:large, max-video-preview:-1\" \/>\n<link rel=\"canonical\" href=\"https:\/\/rayovac.eu\/fr\/discover\/audiologist-of-the-year\/\" \/>\n<meta property=\"og:locale\" content=\"fr_FR\" \/>\n<meta property=\"og:type\" content=\"article\" \/>\n<meta property=\"og:title\" content=\"Audioproth\u00e9siste de l\u2019Ann\u00e9e - Rayovac Hearing Aid Batteries\" \/>\n<meta property=\"og:description\" content=\"Organis\u00e9 chaque ann\u00e9e par RAYOVAC\u00ae, de 2008 \u00e0 2019, le concours de l\u2019Audioproth\u00e9siste de l\u2019Ann\u00e9e r\u00e9compensait les professionnels de l\u2019audition pour le niveau de service exceptionnel qu\u2019ils offraient \u00e0 leurs patients. Alors que le concours touche \u00e0 sa fin apr\u00e8s 11 ann\u00e9es de succ\u00e8s, nous tenions \u00e0 remercier toutes les parties prenantes pour leur soutien. [&hellip;]\" \/>\n<meta property=\"og:url\" content=\"https:\/\/rayovac.eu\/fr\/discover\/audiologist-of-the-year\/\" \/>\n<meta property=\"og:site_name\" content=\"Rayovac Hearing Aid Batteries\" \/>\n<meta property=\"article:modified_time\" content=\"2021-11-30T08:59:22+00:00\" \/>\n<meta name=\"twitter:card\" content=\"summary_large_image\" \/>\n<meta name=\"twitter:label1\" content=\"Dur\u00e9e de lecture estim\u00e9e\" \/>\n\t<meta name=\"twitter:data1\" content=\"1 minute\" \/>\n<script type=\"application\/ld+json\" class=\"yoast-schema-graph\">{\"@context\":\"https:\/\/schema.org\",\"@graph\":[{\"@type\":\"WebPage\",\"@id\":\"https:\/\/rayovac.eu\/fr\/discover\/audiologist-of-the-year\/\",\"url\":\"https:\/\/rayovac.eu\/fr\/discover\/audiologist-of-the-year\/\",\"name\":\"Audioproth\u00e9siste de l\u2019Ann\u00e9e - Rayovac Hearing Aid Batteries\",\"isPartOf\":{\"@id\":\"https:\/\/rayovac.eu\/fr\/#website\"},\"datePublished\":\"2021-10-17T10:26:58+00:00\",\"dateModified\":\"2021-11-30T08:59:22+00:00\",\"breadcrumb\":{\"@id\":\"https:\/\/rayovac.eu\/fr\/discover\/audiologist-of-the-year\/#breadcrumb\"},\"inLanguage\":\"fr-FR\",\"potentialAction\":[{\"@type\":\"ReadAction\",\"target\":[\"https:\/\/rayovac.eu\/fr\/discover\/audiologist-of-the-year\/\"]}]},{\"@type\":\"BreadcrumbList\",\"@id\":\"https:\/\/rayovac.eu\/fr\/discover\/audiologist-of-the-year\/#breadcrumb\",\"itemListElement\":[{\"@type\":\"ListItem\",\"position\":1,\"name\":\"Home\",\"item\":\"https:\/\/rayovac.eu\/fr\/\"},{\"@type\":\"ListItem\",\"position\":2,\"name\":\"D\u00e9couvrir\",\"item\":\"https:\/\/rayovac.eu\/fr\/discover\/\"},{\"@type\":\"ListItem\",\"position\":3,\"name\":\"Audioproth\u00e9siste de l\u2019Ann\u00e9e\"}]},{\"@type\":\"WebSite\",\"@id\":\"https:\/\/rayovac.eu\/fr\/#website\",\"url\":\"https:\/\/rayovac.eu\/fr\/\",\"name\":\"Rayovac Hearing Aid Batteries\",\"description\":\"\",\"potentialAction\":[{\"@type\":\"SearchAction\",\"target\":{\"@type\":\"EntryPoint\",\"urlTemplate\":\"https:\/\/rayovac.eu\/fr\/?s={search_term_string}\"},\"query-input\":{\"@type\":\"PropertyValueSpecification\",\"valueRequired\":true,\"valueName\":\"search_term_string\"}}],\"inLanguage\":\"fr-FR\"}]}<\/script>\n<!-- \/ Yoast SEO plugin. -->","yoast_head_json":{"title":"Audioproth\u00e9siste de l\u2019Ann\u00e9e - Rayovac Hearing Aid Batteries","robots":{"index":"index","follow":"follow","max-snippet":"max-snippet:-1","max-image-preview":"max-image-preview:large","max-video-preview":"max-video-preview:-1"},"canonical":"https:\/\/rayovac.eu\/fr\/discover\/audiologist-of-the-year\/","og_locale":"fr_FR","og_type":"article","og_title":"Audioproth\u00e9siste de l\u2019Ann\u00e9e - Rayovac Hearing Aid Batteries","og_description":"Organis\u00e9 chaque ann\u00e9e par RAYOVAC\u00ae, de 2008 \u00e0 2019, le concours de l\u2019Audioproth\u00e9siste de l\u2019Ann\u00e9e r\u00e9compensait les professionnels de l\u2019audition pour le niveau de service exceptionnel qu\u2019ils offraient \u00e0 leurs patients. Alors que le concours touche \u00e0 sa fin apr\u00e8s 11 ann\u00e9es de succ\u00e8s, nous tenions \u00e0 remercier toutes les parties prenantes pour leur soutien. [&hellip;]","og_url":"https:\/\/rayovac.eu\/fr\/discover\/audiologist-of-the-year\/","og_site_name":"Rayovac Hearing Aid Batteries","article_modified_time":"2021-11-30T08:59:22+00:00","twitter_card":"summary_large_image","twitter_misc":{"Dur\u00e9e de lecture estim\u00e9e":"1 minute"},"schema":{"@context":"https:\/\/schema.org","@graph":[{"@type":"WebPage","@id":"https:\/\/rayovac.eu\/fr\/discover\/audiologist-of-the-year\/","url":"https:\/\/rayovac.eu\/fr\/discover\/audiologist-of-the-year\/","name":"Audioproth\u00e9siste de l\u2019Ann\u00e9e - Rayovac Hearing Aid Batteries","isPartOf":{"@id":"https:\/\/rayovac.eu\/fr\/#website"},"datePublished":"2021-10-17T10:26:58+00:00","dateModified":"2021-11-30T08:59:22+00:00","breadcrumb":{"@id":"https:\/\/rayovac.eu\/fr\/discover\/audiologist-of-the-year\/#breadcrumb"},"inLanguage":"fr-FR","potentialAction":[{"@type":"ReadAction","target":["https:\/\/rayovac.eu\/fr\/discover\/audiologist-of-the-year\/"]}]},{"@type":"BreadcrumbList","@id":"https:\/\/rayovac.eu\/fr\/discover\/audiologist-of-the-year\/#breadcrumb","itemListElement":[{"@type":"ListItem","position":1,"name":"Home","item":"https:\/\/rayovac.eu\/fr\/"},{"@type":"ListItem","position":2,"name":"D\u00e9couvrir","item":"https:\/\/rayovac.eu\/fr\/discover\/"},{"@type":"ListItem","position":3,"name":"Audioproth\u00e9siste de l\u2019Ann\u00e9e"}]},{"@type":"WebSite","@id":"https:\/\/rayovac.eu\/fr\/#website","url":"https:\/\/rayovac.eu\/fr\/","name":"Rayovac Hearing Aid Batteries","description":"","potentialAction":[{"@type":"SearchAction","target":{"@type":"EntryPoint","urlTemplate":"https:\/\/rayovac.eu\/fr\/?s={search_term_string}"},"query-input":{"@type":"PropertyValueSpecification","valueRequired":true,"valueName":"search_term_string"}}],"inLanguage":"fr-FR"}]}},"_links":{"self":[{"href":"https:\/\/rayovac.eu\/fr\/wp-json\/wp\/v2\/pages\/6401","targetHints":{"allow":["GET"]}}],"collection":[{"href":"https:\/\/rayovac.eu\/fr\/wp-json\/wp\/v2\/pages"}],"about":[{"href":"https:\/\/rayovac.eu\/fr\/wp-json\/wp\/v2\/types\/page"}],"author":[{"embeddable":true,"href":"https:\/\/rayovac.eu\/fr\/wp-json\/wp\/v2\/users\/3"}],"replies":[{"embeddable":true,"href":"https:\/\/rayovac.eu\/fr\/wp-json\/wp\/v2\/comments?post=6401"}],"version-history":[{"count":1,"href":"https:\/\/rayovac.eu\/fr\/wp-json\/wp\/v2\/pages\/6401\/revisions"}],"predecessor-version":[{"id":7421,"href":"https:\/\/rayovac.eu\/fr\/wp-json\/wp\/v2\/pages\/6401\/revisions\/7421"}],"up":[{"embeddable":true,"href":"https:\/\/rayovac.eu\/fr\/wp-json\/wp\/v2\/pages\/6428"}],"wp:attachment":[{"href":"https:\/\/rayovac.eu\/fr\/wp-json\/wp\/v2\/media?parent=6401"}],"curies":[{"name":"wp","href":"https:\/\/api.w.org\/{rel}","templated":true}]}}