{"id":6397,"date":"2021-10-17T11:27:27","date_gmt":"2021-10-17T10:27:27","guid":{"rendered":"http:\/\/rayovac.eu\/how-to-test-your-hearing\/"},"modified":"2021-11-30T09:03:14","modified_gmt":"2021-11-30T09:03:14","slug":"how-to-test-your-hearing","status":"publish","type":"page","link":"https:\/\/rayovac.eu\/fr\/discover\/how-to-test-your-hearing\/","title":{"rendered":"Testez votre audition"},"content":{"rendered":"<h3>Comment tester son audition<\/h3>\n<p>Il est important de prendre soin de votre audition et d\u2019\u00eatre conscient des l\u00e9gers changements de qualit\u00e9, car ils peuvent \u00eatre pr\u00e9curseurs de probl\u00e8mes d\u2019audition potentiels. Cette page vous permet de consulter les questions fr\u00e9quentes ainsi que des suggestions de v\u00e9rification de votre audition. Si vous rencontrez des probl\u00e8mes d\u2019audition, il est important de demander conseil aupr\u00e8s d\u2019un professionnel.<\/p>\n<p><strong>Les aides auditives r\u00e9duisent les effets d\u2019une perte d\u2019audition<\/strong><\/p>\n<p>La capacit\u00e9 des aides auditives \u00e0 restaurer la totalit\u00e9 de l\u2019audition n\u2019est qu\u2019un mythe. Si elles aident consid\u00e9rablement \u00e0 am\u00e9liorer le d\u00e9ficit d\u2019audition, elles ne peuvent pas restaurer la totalit\u00e9 de l\u2019audition perdue. Il existe deux types d\u2019aides auditives : analogique et num\u00e9rique.<\/p>\n<ul>\n<li>Les aides auditives analogiques amplifient simplement tous les sons, ce qui peut g\u00e9n\u00e9rer pour l\u2019utilisateur des probl\u00e8mes dus au bruit de fond, car cela g\u00e9n\u00e8re trop de bruit.<\/li>\n<li>Les aides auditives num\u00e9riques sont plus sophistiqu\u00e9es, car elles aident \u00e0 r\u00e9duire l\u2019interf\u00e9rence due au bruit de fond. Toutefois, celui-ci n\u2019est pas totalement \u00e9limin\u00e9.<\/li>\n<\/ul>\n<p><strong>Quelles sont les causes d\u2019une perte d\u2019audition ?<\/strong><\/p>\n<p>Une perte d\u2019audition peut \u00eatre due \u00e0 plusieurs facteurs, notamment un \u00e2ge avanc\u00e9, une infection, une accumulation de c\u00e9rumen ou des maladies h\u00e9r\u00e9ditaires. Il n\u2019existe pas une cause unique, mais vous pouvez pr\u00e9venir la perte d\u2019audition en limitant votre exposition aux bruits forts, en retirant le c\u00e9rumen et les impuret\u00e9s et en demandant d\u00e8s que possible un traitement contre les infections.<\/p>\n<p><strong>Qu\u2019est-ce qu\u2019un implant cochl\u00e9aire ?<\/strong><\/p>\n<p>Un implant cochl\u00e9aire est utilis\u00e9 par des personnes souffrant d\u2019une perte d\u2019audition s\u00e9v\u00e8re et pour qui les aides auditives ne sont d\u2019aucune aide. L\u2019appareil comprend deux parties : une partie interne et une partie externe. La partie interne de l\u2019implant est pos\u00e9e par voie chirurgicale dans l\u2019os situ\u00e9 \u00e0 l\u2019arri\u00e8re de l\u2019oreille, gr\u00e2ce \u00e0 deux \u00e9lectrodes ins\u00e9r\u00e9es dans la cochl\u00e9e de l\u2019oreille interne. Les \u00e9lectrodes convertissent les signaux en impulsions \u00e9lectriques.<\/p>\n<p>La partie externe comprend un microphone et un processeur vocal qui convertit le son en un signal \u00e9lectrique envoy\u00e9 aux \u00e9lectrodes, dans l\u2019oreille interne. Ces derni\u00e8res stimulent alors le nerf auditif en envoyant un signal au cerveau, o\u00f9 il est per\u00e7u comme un son.<\/p>\n<p><strong>Comment puis-je savoir si je souffre d\u2019une perte d\u2019audition ?<\/strong><\/p>\n<p>Si vous pensez que vous pouvez avoir perdu une partie de votre audition, vous devriez effectuer ce <a href=\"http:\/\/www.actiononhearingloss.org.uk\/your-hearing\/look-after-your-hearing\/check-your-hearing\/take-the-check.aspx\" rel=\"noopener\" target=\"_blank\"><strong>test en ligne<\/strong><\/a>. Bien que ce test puisse vous aider, si vous rencontrez des probl\u00e8mes d\u2019audition il convient de demander conseil aupr\u00e8s d\u2019un professionnel.<\/p>\n","protected":false},"excerpt":{"rendered":"<p>Comment tester son audition Il est important de prendre soin de votre audition et d\u2019\u00eatre conscient des l\u00e9gers changements de qualit\u00e9, car ils peuvent \u00eatre pr\u00e9curseurs de probl\u00e8mes d\u2019audition potentiels. Cette page vous permet de consulter les questions fr\u00e9quentes ainsi que des suggestions de v\u00e9rification de votre audition. Si vous rencontrez des probl\u00e8mes d\u2019audition, il [&hellip;]<\/p>\n","protected":false},"author":3,"featured_media":0,"parent":6428,"menu_order":3,"comment_status":"closed","ping_status":"closed","template":"","meta":{"_acf_changed":false,"footnotes":""},"class_list":["post-6397","page","type-page","status-publish","hentry"],"acf":[],"yoast_head":"<!-- This site is optimized with the Yoast SEO plugin v27.2 - https:\/\/yoast.com\/product\/yoast-seo-wordpress\/ -->\n<title>Testez votre audition - Rayovac Hearing Aid Batteries<\/title>\n<meta name=\"robots\" content=\"index, follow, max-snippet:-1, max-image-preview:large, max-video-preview:-1\" \/>\n<link rel=\"canonical\" href=\"https:\/\/rayovac.eu\/fr\/discover\/how-to-test-your-hearing\/\" \/>\n<meta property=\"og:locale\" content=\"fr_FR\" \/>\n<meta property=\"og:type\" content=\"article\" \/>\n<meta property=\"og:title\" content=\"Testez votre audition - Rayovac Hearing Aid Batteries\" \/>\n<meta property=\"og:description\" content=\"Comment tester son audition Il est important de prendre soin de votre audition et d\u2019\u00eatre conscient des l\u00e9gers changements de qualit\u00e9, car ils peuvent \u00eatre pr\u00e9curseurs de probl\u00e8mes d\u2019audition potentiels. Cette page vous permet de consulter les questions fr\u00e9quentes ainsi que des suggestions de v\u00e9rification de votre audition. Si vous rencontrez des probl\u00e8mes d\u2019audition, il [&hellip;]\" \/>\n<meta property=\"og:url\" content=\"https:\/\/rayovac.eu\/fr\/discover\/how-to-test-your-hearing\/\" \/>\n<meta property=\"og:site_name\" content=\"Rayovac Hearing Aid Batteries\" \/>\n<meta property=\"article:modified_time\" content=\"2021-11-30T09:03:14+00:00\" \/>\n<meta name=\"twitter:card\" content=\"summary_large_image\" \/>\n<meta name=\"twitter:label1\" content=\"Dur\u00e9e de lecture estim\u00e9e\" \/>\n\t<meta name=\"twitter:data1\" content=\"2 minutes\" \/>\n<script type=\"application\/ld+json\" class=\"yoast-schema-graph\">{\"@context\":\"https:\/\/schema.org\",\"@graph\":[{\"@type\":\"WebPage\",\"@id\":\"https:\/\/rayovac.eu\/fr\/discover\/how-to-test-your-hearing\/\",\"url\":\"https:\/\/rayovac.eu\/fr\/discover\/how-to-test-your-hearing\/\",\"name\":\"Testez votre audition - Rayovac Hearing Aid Batteries\",\"isPartOf\":{\"@id\":\"https:\/\/rayovac.eu\/fr\/#website\"},\"datePublished\":\"2021-10-17T10:27:27+00:00\",\"dateModified\":\"2021-11-30T09:03:14+00:00\",\"breadcrumb\":{\"@id\":\"https:\/\/rayovac.eu\/fr\/discover\/how-to-test-your-hearing\/#breadcrumb\"},\"inLanguage\":\"fr-FR\",\"potentialAction\":[{\"@type\":\"ReadAction\",\"target\":[\"https:\/\/rayovac.eu\/fr\/discover\/how-to-test-your-hearing\/\"]}]},{\"@type\":\"BreadcrumbList\",\"@id\":\"https:\/\/rayovac.eu\/fr\/discover\/how-to-test-your-hearing\/#breadcrumb\",\"itemListElement\":[{\"@type\":\"ListItem\",\"position\":1,\"name\":\"Home\",\"item\":\"https:\/\/rayovac.eu\/fr\/\"},{\"@type\":\"ListItem\",\"position\":2,\"name\":\"D\u00e9couvrir\",\"item\":\"https:\/\/rayovac.eu\/fr\/discover\/\"},{\"@type\":\"ListItem\",\"position\":3,\"name\":\"Testez votre audition\"}]},{\"@type\":\"WebSite\",\"@id\":\"https:\/\/rayovac.eu\/fr\/#website\",\"url\":\"https:\/\/rayovac.eu\/fr\/\",\"name\":\"Rayovac Hearing Aid Batteries\",\"description\":\"\",\"potentialAction\":[{\"@type\":\"SearchAction\",\"target\":{\"@type\":\"EntryPoint\",\"urlTemplate\":\"https:\/\/rayovac.eu\/fr\/?s={search_term_string}\"},\"query-input\":{\"@type\":\"PropertyValueSpecification\",\"valueRequired\":true,\"valueName\":\"search_term_string\"}}],\"inLanguage\":\"fr-FR\"}]}<\/script>\n<!-- \/ Yoast SEO plugin. -->","yoast_head_json":{"title":"Testez votre audition - Rayovac Hearing Aid Batteries","robots":{"index":"index","follow":"follow","max-snippet":"max-snippet:-1","max-image-preview":"max-image-preview:large","max-video-preview":"max-video-preview:-1"},"canonical":"https:\/\/rayovac.eu\/fr\/discover\/how-to-test-your-hearing\/","og_locale":"fr_FR","og_type":"article","og_title":"Testez votre audition - Rayovac Hearing Aid Batteries","og_description":"Comment tester son audition Il est important de prendre soin de votre audition et d\u2019\u00eatre conscient des l\u00e9gers changements de qualit\u00e9, car ils peuvent \u00eatre pr\u00e9curseurs de probl\u00e8mes d\u2019audition potentiels. Cette page vous permet de consulter les questions fr\u00e9quentes ainsi que des suggestions de v\u00e9rification de votre audition. Si vous rencontrez des probl\u00e8mes d\u2019audition, il [&hellip;]","og_url":"https:\/\/rayovac.eu\/fr\/discover\/how-to-test-your-hearing\/","og_site_name":"Rayovac Hearing Aid Batteries","article_modified_time":"2021-11-30T09:03:14+00:00","twitter_card":"summary_large_image","twitter_misc":{"Dur\u00e9e de lecture estim\u00e9e":"2 minutes"},"schema":{"@context":"https:\/\/schema.org","@graph":[{"@type":"WebPage","@id":"https:\/\/rayovac.eu\/fr\/discover\/how-to-test-your-hearing\/","url":"https:\/\/rayovac.eu\/fr\/discover\/how-to-test-your-hearing\/","name":"Testez votre audition - Rayovac Hearing Aid Batteries","isPartOf":{"@id":"https:\/\/rayovac.eu\/fr\/#website"},"datePublished":"2021-10-17T10:27:27+00:00","dateModified":"2021-11-30T09:03:14+00:00","breadcrumb":{"@id":"https:\/\/rayovac.eu\/fr\/discover\/how-to-test-your-hearing\/#breadcrumb"},"inLanguage":"fr-FR","potentialAction":[{"@type":"ReadAction","target":["https:\/\/rayovac.eu\/fr\/discover\/how-to-test-your-hearing\/"]}]},{"@type":"BreadcrumbList","@id":"https:\/\/rayovac.eu\/fr\/discover\/how-to-test-your-hearing\/#breadcrumb","itemListElement":[{"@type":"ListItem","position":1,"name":"Home","item":"https:\/\/rayovac.eu\/fr\/"},{"@type":"ListItem","position":2,"name":"D\u00e9couvrir","item":"https:\/\/rayovac.eu\/fr\/discover\/"},{"@type":"ListItem","position":3,"name":"Testez votre audition"}]},{"@type":"WebSite","@id":"https:\/\/rayovac.eu\/fr\/#website","url":"https:\/\/rayovac.eu\/fr\/","name":"Rayovac Hearing Aid Batteries","description":"","potentialAction":[{"@type":"SearchAction","target":{"@type":"EntryPoint","urlTemplate":"https:\/\/rayovac.eu\/fr\/?s={search_term_string}"},"query-input":{"@type":"PropertyValueSpecification","valueRequired":true,"valueName":"search_term_string"}}],"inLanguage":"fr-FR"}]}},"_links":{"self":[{"href":"https:\/\/rayovac.eu\/fr\/wp-json\/wp\/v2\/pages\/6397","targetHints":{"allow":["GET"]}}],"collection":[{"href":"https:\/\/rayovac.eu\/fr\/wp-json\/wp\/v2\/pages"}],"about":[{"href":"https:\/\/rayovac.eu\/fr\/wp-json\/wp\/v2\/types\/page"}],"author":[{"embeddable":true,"href":"https:\/\/rayovac.eu\/fr\/wp-json\/wp\/v2\/users\/3"}],"replies":[{"embeddable":true,"href":"https:\/\/rayovac.eu\/fr\/wp-json\/wp\/v2\/comments?post=6397"}],"version-history":[{"count":2,"href":"https:\/\/rayovac.eu\/fr\/wp-json\/wp\/v2\/pages\/6397\/revisions"}],"predecessor-version":[{"id":7424,"href":"https:\/\/rayovac.eu\/fr\/wp-json\/wp\/v2\/pages\/6397\/revisions\/7424"}],"up":[{"embeddable":true,"href":"https:\/\/rayovac.eu\/fr\/wp-json\/wp\/v2\/pages\/6428"}],"wp:attachment":[{"href":"https:\/\/rayovac.eu\/fr\/wp-json\/wp\/v2\/media?parent=6397"}],"curies":[{"name":"wp","href":"https:\/\/api.w.org\/{rel}","templated":true}]}}