{"id":6354,"date":"2021-11-08T09:17:27","date_gmt":"2021-11-08T09:17:27","guid":{"rendered":"http:\/\/rayovac.eu\/privacy-policy\/"},"modified":"2021-11-30T17:36:38","modified_gmt":"2021-11-30T17:36:38","slug":"privacy-policy","status":"publish","type":"page","link":"https:\/\/rayovac.eu\/fr\/privacy-policy\/","title":{"rendered":"Politique de confidentialit\u00e9"},"content":{"rendered":"<h1 class=\"text-center\">Politique de confidentialit\u00e9<\/h1>\n<p>&nbsp;<\/p>\n<p>&nbsp;<\/p>\n<h2 class=\"section-title\">BIENVENUE SUR NOS SITES WEB<\/h2>\n<p>Votre vie priv\u00e9e et votre confiance nous tiennent \u00e0 c\u0153ur. Le pr\u00e9sent avis sur la protection des donn\u00e9es explique comment nos sites Web, applications (y compris mobiles), produits, logiciels, promotions ou services (ci-apr\u00e8s collectivement d\u00e9nomm\u00e9s \u00ab services \u00bb) exploitent vos informations. Il s\u2019applique en l\u2019absence de tout autre avis distinct ou annexe sur la protection des donn\u00e9es.<\/p>\n<p>&nbsp;<\/p>\n<h2 class=\"section-title\">VOTRE VIE PRIV\u00c9E ET VOS INFORMATIONS<\/h2>\n","protected":false},"excerpt":{"rendered":"<p>Politique de confidentialit\u00e9 &nbsp; &nbsp; BIENVENUE SUR NOS SITES WEB Votre vie priv\u00e9e et votre confiance nous tiennent \u00e0 c\u0153ur. Le pr\u00e9sent avis sur la protection des donn\u00e9es explique comment nos sites Web, applications (y compris mobiles), produits, logiciels, promotions ou services (ci-apr\u00e8s collectivement d\u00e9nomm\u00e9s \u00ab services \u00bb) exploitent vos informations. Il s\u2019applique en l\u2019absence [&hellip;]<\/p>\n","protected":false},"author":3,"featured_media":0,"parent":0,"menu_order":99,"comment_status":"closed","ping_status":"closed","template":"page-privacy.php","meta":{"_acf_changed":false,"footnotes":""},"class_list":["post-6354","page","type-page","status-publish","hentry"],"acf":[],"yoast_head":"<!-- This site is optimized with the Yoast SEO plugin v27.2 - https:\/\/yoast.com\/product\/yoast-seo-wordpress\/ -->\n<title>Politique de confidentialit\u00e9 - Rayovac Hearing Aid Batteries<\/title>\n<meta name=\"robots\" content=\"index, follow, max-snippet:-1, max-image-preview:large, max-video-preview:-1\" \/>\n<link rel=\"canonical\" href=\"https:\/\/rayovac.eu\/fr\/privacy-policy\/\" \/>\n<meta property=\"og:locale\" content=\"fr_FR\" \/>\n<meta property=\"og:type\" content=\"article\" \/>\n<meta property=\"og:title\" content=\"Politique de confidentialit\u00e9 - Rayovac Hearing Aid Batteries\" \/>\n<meta property=\"og:description\" content=\"Politique de confidentialit\u00e9 &nbsp; &nbsp; BIENVENUE SUR NOS SITES WEB Votre vie priv\u00e9e et votre confiance nous tiennent \u00e0 c\u0153ur. Le pr\u00e9sent avis sur la protection des donn\u00e9es explique comment nos sites Web, applications (y compris mobiles), produits, logiciels, promotions ou services (ci-apr\u00e8s collectivement d\u00e9nomm\u00e9s \u00ab services \u00bb) exploitent vos informations. Il s\u2019applique en l\u2019absence [&hellip;]\" \/>\n<meta property=\"og:url\" content=\"https:\/\/rayovac.eu\/fr\/privacy-policy\/\" \/>\n<meta property=\"og:site_name\" content=\"Rayovac Hearing Aid Batteries\" \/>\n<meta property=\"article:modified_time\" content=\"2021-11-30T17:36:38+00:00\" \/>\n<meta name=\"twitter:card\" content=\"summary_large_image\" \/>\n<script type=\"application\/ld+json\" class=\"yoast-schema-graph\">{\"@context\":\"https:\/\/schema.org\",\"@graph\":[{\"@type\":\"WebPage\",\"@id\":\"https:\/\/rayovac.eu\/fr\/privacy-policy\/\",\"url\":\"https:\/\/rayovac.eu\/fr\/privacy-policy\/\",\"name\":\"Politique de confidentialit\u00e9 - Rayovac Hearing Aid Batteries\",\"isPartOf\":{\"@id\":\"https:\/\/rayovac.eu\/fr\/#website\"},\"datePublished\":\"2021-11-08T09:17:27+00:00\",\"dateModified\":\"2021-11-30T17:36:38+00:00\",\"breadcrumb\":{\"@id\":\"https:\/\/rayovac.eu\/fr\/privacy-policy\/#breadcrumb\"},\"inLanguage\":\"fr-FR\",\"potentialAction\":[{\"@type\":\"ReadAction\",\"target\":[\"https:\/\/rayovac.eu\/fr\/privacy-policy\/\"]}]},{\"@type\":\"BreadcrumbList\",\"@id\":\"https:\/\/rayovac.eu\/fr\/privacy-policy\/#breadcrumb\",\"itemListElement\":[{\"@type\":\"ListItem\",\"position\":1,\"name\":\"Home\",\"item\":\"https:\/\/rayovac.eu\/fr\/\"},{\"@type\":\"ListItem\",\"position\":2,\"name\":\"Politique de confidentialit\u00e9\"}]},{\"@type\":\"WebSite\",\"@id\":\"https:\/\/rayovac.eu\/fr\/#website\",\"url\":\"https:\/\/rayovac.eu\/fr\/\",\"name\":\"Rayovac Hearing Aid Batteries\",\"description\":\"\",\"potentialAction\":[{\"@type\":\"SearchAction\",\"target\":{\"@type\":\"EntryPoint\",\"urlTemplate\":\"https:\/\/rayovac.eu\/fr\/?s={search_term_string}\"},\"query-input\":{\"@type\":\"PropertyValueSpecification\",\"valueRequired\":true,\"valueName\":\"search_term_string\"}}],\"inLanguage\":\"fr-FR\"}]}<\/script>\n<!-- \/ Yoast SEO plugin. -->","yoast_head_json":{"title":"Politique de confidentialit\u00e9 - Rayovac Hearing Aid Batteries","robots":{"index":"index","follow":"follow","max-snippet":"max-snippet:-1","max-image-preview":"max-image-preview:large","max-video-preview":"max-video-preview:-1"},"canonical":"https:\/\/rayovac.eu\/fr\/privacy-policy\/","og_locale":"fr_FR","og_type":"article","og_title":"Politique de confidentialit\u00e9 - Rayovac Hearing Aid Batteries","og_description":"Politique de confidentialit\u00e9 &nbsp; &nbsp; BIENVENUE SUR NOS SITES WEB Votre vie priv\u00e9e et votre confiance nous tiennent \u00e0 c\u0153ur. Le pr\u00e9sent avis sur la protection des donn\u00e9es explique comment nos sites Web, applications (y compris mobiles), produits, logiciels, promotions ou services (ci-apr\u00e8s collectivement d\u00e9nomm\u00e9s \u00ab services \u00bb) exploitent vos informations. Il s\u2019applique en l\u2019absence [&hellip;]","og_url":"https:\/\/rayovac.eu\/fr\/privacy-policy\/","og_site_name":"Rayovac Hearing Aid Batteries","article_modified_time":"2021-11-30T17:36:38+00:00","twitter_card":"summary_large_image","schema":{"@context":"https:\/\/schema.org","@graph":[{"@type":"WebPage","@id":"https:\/\/rayovac.eu\/fr\/privacy-policy\/","url":"https:\/\/rayovac.eu\/fr\/privacy-policy\/","name":"Politique de confidentialit\u00e9 - Rayovac Hearing Aid Batteries","isPartOf":{"@id":"https:\/\/rayovac.eu\/fr\/#website"},"datePublished":"2021-11-08T09:17:27+00:00","dateModified":"2021-11-30T17:36:38+00:00","breadcrumb":{"@id":"https:\/\/rayovac.eu\/fr\/privacy-policy\/#breadcrumb"},"inLanguage":"fr-FR","potentialAction":[{"@type":"ReadAction","target":["https:\/\/rayovac.eu\/fr\/privacy-policy\/"]}]},{"@type":"BreadcrumbList","@id":"https:\/\/rayovac.eu\/fr\/privacy-policy\/#breadcrumb","itemListElement":[{"@type":"ListItem","position":1,"name":"Home","item":"https:\/\/rayovac.eu\/fr\/"},{"@type":"ListItem","position":2,"name":"Politique de confidentialit\u00e9"}]},{"@type":"WebSite","@id":"https:\/\/rayovac.eu\/fr\/#website","url":"https:\/\/rayovac.eu\/fr\/","name":"Rayovac Hearing Aid Batteries","description":"","potentialAction":[{"@type":"SearchAction","target":{"@type":"EntryPoint","urlTemplate":"https:\/\/rayovac.eu\/fr\/?s={search_term_string}"},"query-input":{"@type":"PropertyValueSpecification","valueRequired":true,"valueName":"search_term_string"}}],"inLanguage":"fr-FR"}]}},"_links":{"self":[{"href":"https:\/\/rayovac.eu\/fr\/wp-json\/wp\/v2\/pages\/6354","targetHints":{"allow":["GET"]}}],"collection":[{"href":"https:\/\/rayovac.eu\/fr\/wp-json\/wp\/v2\/pages"}],"about":[{"href":"https:\/\/rayovac.eu\/fr\/wp-json\/wp\/v2\/types\/page"}],"author":[{"embeddable":true,"href":"https:\/\/rayovac.eu\/fr\/wp-json\/wp\/v2\/users\/3"}],"replies":[{"embeddable":true,"href":"https:\/\/rayovac.eu\/fr\/wp-json\/wp\/v2\/comments?post=6354"}],"version-history":[{"count":2,"href":"https:\/\/rayovac.eu\/fr\/wp-json\/wp\/v2\/pages\/6354\/revisions"}],"predecessor-version":[{"id":7481,"href":"https:\/\/rayovac.eu\/fr\/wp-json\/wp\/v2\/pages\/6354\/revisions\/7481"}],"wp:attachment":[{"href":"https:\/\/rayovac.eu\/fr\/wp-json\/wp\/v2\/media?parent=6354"}],"curies":[{"name":"wp","href":"https:\/\/api.w.org\/{rel}","templated":true}]}}