{"id":6352,"date":"2021-11-08T09:59:36","date_gmt":"2021-11-08T09:59:36","guid":{"rendered":"http:\/\/rayovac.eu\/cookie-policy\/"},"modified":"2021-11-30T17:46:10","modified_gmt":"2021-11-30T17:46:10","slug":"cookie-policy","status":"publish","type":"page","link":"https:\/\/rayovac.eu\/fr\/cookie-policy\/","title":{"rendered":"Politique de cookies"},"content":{"rendered":"<p>La pr\u00e9sente Politique de Cookies d\u00e9crit la mani\u00e8re dont Energizer Holdings, Inc. utilise des cookies pour collecter des informations sur le site Internet www.rayovac.eu. Pour obtenir d\u2019autres informations sur la mani\u00e8re dont nous utilisons, stockons et partageons les informations relatives aux utilisateurs du site Internet, veuillez \u00e9galement consulter notre Politique de Confidentialit\u00e9.<\/p>\n<p>&nbsp;<\/p>\n<h2 class=\"section-title\">Que sont les \u00ab\u2009cookies\u2009\u00bb\u2009?<\/h2>\n<p>Les cookies sont de petits fichiers texte transf\u00e9r\u00e9s sur votre ordinateur ou votre appareil mobile lorsque vous consultez nos sites Internet ou applications, apr\u00e8s avoir donn\u00e9 votre consentement (si celui-ci est exig\u00e9). \u00c0 chaque visite ult\u00e9rieure, votre navigateur web (par exemple Internet Explorer, Mozilla Firefox, Safari ou Google Chrome) renverra ces cookies au site Internet ou \u00e0 l\u2019application afin que celui-ci puisse vous reconna\u00eetre et reconna\u00eetre vos renseignements personnels ou pr\u00e9f\u00e9rences d\u2019utilisateur.<\/p>\n<p>Les cookies sont tr\u00e8s utiles et ex\u00e9cutent un certain nombre de t\u00e2ches diff\u00e9rentes. Ils contribuent \u00e0 am\u00e9liorer votre exp\u00e9rience sur notre site Internet en l\u2019adaptant \u00e0 vos besoins. Ils reconnaissent vos pr\u00e9f\u00e9rences et am\u00e9liorent votre exp\u00e9rience d\u2019utilisateur g\u00e9n\u00e9rale.<\/p>\n<p>Il existe deux types de cookies :<\/p>\n<ul>\n<li><strong>Cookies de session.<\/strong><br \/>\nIls ne durent que le temps de votre session en ligne, puis disparaissent de votre ordinateur ou appareil lorsque vous fermez votre navigateur web.<\/p>\n<li><strong>Cookies permanents.<\/strong><br \/>\nIls restent sur votre ordinateur ou appareil une fois que votre navigateur est ferm\u00e9 et durent le temps pr\u00e9vu dans la configuration du cookie. Ces cookies permanents seront activ\u00e9s chaque fois que vous visitez le site Internet pour lequel le cookie a \u00e9t\u00e9 cr\u00e9\u00e9.<\/li>\n<\/ul>\n<p>&nbsp;<\/p>\n<h2 class=\"section-title\">Comment utilisons-nous les cookies\u2009?<\/h2>\n<p>Nous utilisons des cookies sur notre site Internet, nos sites mobiles et nos applications mobiles afin d\u2019am\u00e9liorer leur ergonomie, ainsi que de collecter et enregistrer des donn\u00e9es \u00e0 des fins marketing et d\u2019optimisation. Les cookies sont de petits fichiers texte provenant de notre site Internet, enregistr\u00e9s sur votre disque dur, puis reconnu par la suite par les navigateurs web. Nos cookies ne contiennent aucune donn\u00e9e \u00e0 votre sujet. Au contraire, ils utilisent un identifiant sous forme de pseudonyme et ne peuvent pas nuire \u00e0 votre syst\u00e8me utilisateur.<\/p>\n<p>Nous ne vendons pas les donn\u00e9es collect\u00e9es par nos cookies, et ne transf\u00e9rons pas ces informations \u00e0 des tiers, sauf si la loi l\u2019exige (par exemple aux autorit\u00e9s nationales ou aux repr\u00e9sentants l\u00e9gaux).<\/p>\n<p>Les cookies strictement n\u00e9cessaires servent \u00e0 vous proposer le site Internet. Nous utilisons ces cookies sans votre consentement pr\u00e9alable. Tous les autres cookies sont envoy\u00e9s une fois que vous avez donn\u00e9 votre consentement via la banni\u00e8re figurant sur notre site Internet. En acceptant les cookies dans notre banni\u00e8re de consentement aux cookies, vous acceptez que nous utilisions des cookies, tel que mentionn\u00e9 dans la pr\u00e9sente politique.<\/p>\n<p>Vous pouvez r\u00e9voquer cette autorisation \u00e0 tout moment en modifiant les param\u00e8tres de votre navigateur. Vous pouvez param\u00e9trer votre navigateur de fa\u00e7on \u00e0 ce que votre autorisation vous soit demand\u00e9e chaque fois qu\u2019un cookie tente d\u2019acc\u00e9der \u00e0 votre ordinateur ou appareil mobile, ou de mani\u00e8re \u00e0 ce que l\u2019utilisation des cookies soit d\u00e9sactiv\u00e9e, dans certains cas ou en int\u00e9gralit\u00e9. Toutefois, cette mesure pourra conduire \u00e0 un dysfonctionnement de certaines fonctionnalit\u00e9s de notre site Internet.<\/p>\n<p>&nbsp;<\/p>\n<h2 class=\"section-title\">Quelles sortes de cookies utilisons-nous\u2009?<\/h2>\n<p>Les cat\u00e9gories suivantes de cookies peuvent \u00eatre install\u00e9es sur votre appareil lorsque vous utilisez des sites Internet, sites mobiles ou applications mobiles :<\/p>\n<ul>\n<li><strong>Cookies strictement n\u00e9cessaires<\/strong><br \/>\nCes cookies sont essentiels, dans la mesure o\u00f9 ils vous aident \u00e0 naviguer sur notre site Internet et utilisent des fonctions comme les pages d\u2019inscription. Sans ces cookies, le site ne pourrait fonctionner correctement. Ces cookies ne collectent aucune donn\u00e9e quelle qu\u2019elle soit \u00e0 votre sujet.<\/p>\n<li><strong>Cookies fonctionnels<\/strong><br \/>\nCes cookies permettent aux sites Internet et applications de m\u00e9moriser vos pr\u00e9f\u00e9rences (notamment votre identifiant et vos param\u00e8tres de langue). Ils nous permettent de vous proposer des fonctions am\u00e9lior\u00e9es et personnalis\u00e9es. Nous ne pouvons pas vous identifier personnellement \u00e0 l\u2019aide des informations collect\u00e9es par ces cookies.<\/li>\n<li><strong>Cookies de performance<\/strong><br \/>\nCes cookies nous aident \u00e0 comprendre comment les visiteurs interagissent avec nos sites, en nous fournissant des renseignements sur les rubriques consult\u00e9es, le temps pass\u00e9 sur le site et les probl\u00e8mes rencontr\u00e9s, par exemple les messages d\u2019erreur re\u00e7us. Ils contribuent \u00e0 am\u00e9liorer la performance de nos sites Internet.<\/p>\n<li><strong>Cookies d\u2019analyse<\/strong><br \/>\nAfin de garantir que nos sites Internet, sites mobiles et applications mobiles soient faciles \u00e0 utiliser et \u00e0 jour, nous avons recours au service d\u2019analyse Google Analytics pour comprendre la mani\u00e8re dont les Internautes se servent de nos sites. Nous pouvons ainsi d\u00e9terminer par exemple le contenu le plus populaire sur notre site et garantir que notre offre soit constamment actualis\u00e9e et am\u00e9lior\u00e9e. Les informations que nous collectons sont anonymes et utilis\u00e9es uniquement \u00e0 des fins statistiques.<\/li>\n<\/ul>\n<p>&nbsp;<\/p>\n<h2 class=\"section-title\">Quels cookies tiers utilisons-nous\u2009?<\/h2>\n<ul>\n<li><strong>Google Analytics<\/strong><br \/>\nCe site Internet utilise Google Analytics, un service d\u2019analyse web fourni par Google Inc., 1600 Amphitheatre Parkway, Mountain View, CA 94043, \u00c9tats-Unis (ci-apr\u00e8s \u00ab\u2009Google\u2009\u00bb). Google Analytics utilise des cookies pour analyser la mani\u00e8re dont les utilisateurs se servent du site. Les informations g\u00e9n\u00e9r\u00e9es par les cookies sur votre utilisation de notre site Internet (y compris votre adresse IP) seront transmises et conserv\u00e9es par Google sur des serveurs aux \u00c9tats-Unis.<\/p>\n<p>Dans l\u2019hypoth\u00e8se o\u00f9 l\u2019anonymisation de l\u2019IP est activ\u00e9e sur ce site Internet, votre adresse IP sera tronqu\u00e9e par Google dans les \u00c9tats membres de l\u2019Union europ\u00e9enne ou dans d\u2019autres \u00c9tats parties \u00e0 l\u2019Accord sur l\u2019Espace \u00e9conomique europ\u00e9en. Dans quelques circonstances exceptionnelles, une adresse IP compl\u00e8te sera enregistr\u00e9e sur un serveur de Google aux \u00c9tats-Unis et y sera alors tronqu\u00e9e. L\u2019anonymisation de l\u2019IP est activ\u00e9e sur ce site Internet. Google utilisera ces informations pour notre compte dans le but d\u2019\u00e9valuer votre utilisation de ce site Internet, d\u2019\u00e9tablir des rapports sur l\u2019activit\u00e9 de notre site, et de nous fournir d\u2019autres services en ce qui concerne l\u2019utilisation du site et d\u2019Internet.<\/p>\n<p>L\u2019adresse IP que votre navigateur porte, aux fins de Google Analytics, ne sera pas associ\u00e9e aux autres donn\u00e9es d\u00e9tenues par Google.<\/p>\n<p>En utilisant ce site Internet, vous acceptez que les donn\u00e9es collect\u00e9es par Google soient trait\u00e9es, et donnez votre consentement aux m\u00e9thodes de traitement des donn\u00e9es et objectifs mentionn\u00e9s ci-dessus. Vous pouvez refuser l\u2019utilisation des cookies en s\u00e9lectionnant les param\u00e8tres appropri\u00e9s sur votre navigateur web. Toutefois, cette mesure pourra conduire \u00e0 un dysfonctionnement de certaines fonctionnalit\u00e9s de notre site Internet. Vous pouvez \u00e9galement emp\u00eacher les cookies de collecter des donn\u00e9es relatives \u00e0 votre utilisation du site (notamment votre adresse IP), ainsi bloquer le traitement de ces donn\u00e9es par Google, en t\u00e9l\u00e9chargeant et en installant l\u2019extension pour navigateur disponible \u00e0 l\u2019adresse suivante : (http:\/\/tools.google.com\/dlpage\/gaoptout?hl=en).<\/p>\n<p>Outre l\u2019extension pour navigateur, vous pouvez cliquer sur ce lien afin de vous opposer au suivi effectu\u00e9 par Google Analytics sur ce site \u00e0 l\u2019avenir (l\u2019opposition ne s\u2019applique qu\u2019au navigateur que vous avez param\u00e9tr\u00e9 et \u00e0 ce domaine). Un cookie de refus sera stock\u00e9 sur votre appareil, ce qui signifie que vous devrez de nouveau cliquer sur ce lient si vous supprimez vos cookies.<\/p>\n<p>Vous pouvez trouver davantage d\u2019information sur les dispositions d\u2019utilisation et de protection de donn\u00e9es de Google aux liens suivants : https:\/\/www.google.com\/analytics\/terms\/gb.html ou https:\/\/www.google.de\/intl\/gb\/policies\/<\/p>\n<li><strong>Statistiques Twitter \/ Publicit\u00e9s Twitter \/ Suivi des conversations Twitter<\/strong>\n<p>Nous utilisons les services Twitter pour nous permettre de surveiller la fa\u00e7on dont notre pr\u00e9sence sociale oriente la fr\u00e9quentation de notre site Web. Ces services nous permettent de mesurer le taux de conversion et d\u2019int\u00e9grer des offres cibl\u00e9es sur des sites Web de tiers. Nous utilisons des donn\u00e9es de conversion anonymes pour d\u00e9finir la valeur de divers partenaires publicitaires sur un serveur publicitaire central et pour afficher des offres cibl\u00e9es sur des sites Web de tiers par l\u2019interm\u00e9diaire de ce serveur publicitaire.<\/p>\n<p>\u00c0 cette fin, un cookie appel\u00e9 personalization_id sera enregistr\u00e9 sur votre appareil. Pour plus d\u2019informations sur le type, l\u2019utilisation et la finalit\u00e9 du cookie, cliquez sur le lien suivant : https:\/\/twitter.com\/privacy<\/li>\n<li><strong>Hotjar<\/strong>\n<p>Nous utilisons Hotjar, un service de la soci\u00e9t\u00e9 Hotjar Ltd. bas\u00e9e \u00e0 Malte, pour analyser et am\u00e9liorer le site Web que nous vous proposons. Hotjar utilise des cookies pour analyser la fa\u00e7on dont vous utilisez notre site Web. Les informations g\u00e9n\u00e9r\u00e9es par les cookies qui se rapportent \u00e0 l\u2019utilisation de notre site Web sont transmises \u00e0 un serveur en Irlande et y sont stock\u00e9es. Votre adresse IP est toujours abr\u00e9g\u00e9e par Hotjar avant le transfert, et de ce fait anonymis\u00e9e, de sorte qu\u2019aucun tiers ne puisse plus g\u00e9n\u00e9rer une quelconque r\u00e9f\u00e9rence personnelle. L\u2019int\u00e9gralit\u00e9 de la politique de confidentialit\u00e9 des donn\u00e9es de Hotjar est consultable en suivant ce lien. Si vous ne souhaitez pas que Hotjar collecte vos donn\u00e9es, vous pouvez vous y opposer en suivant ce lien.<\/p>\n<li><strong>Pixel Facebook<\/strong><br \/>\nNous utilisons \u00e0 la fois un pixel Facebook et un cookie Facebook (fr-cookie) pour nous permettre de mesurer, d\u2019optimiser et de g\u00e9n\u00e9rer de l\u2019audience pour nos campagnes publicitaires diffus\u00e9es sur Facebook. Cela nous permet notamment de voir comment nos utilisateurs passent d\u2019un appareil \u00e0 un autre lorsqu\u2019ils acc\u00e8dent au site Web de Rayovac et \u00e0 Facebook, et ce, dans le but de nous assurer que la publicit\u00e9 Facebook de Rayovac est vue par les utilisateurs les plus susceptibles de s\u2019y int\u00e9resser, de conna\u00eetre le contenu vu par un utilisateur et de savoir si ce contenu a g\u00e9n\u00e9r\u00e9 une interaction sur le site Web de Rayovac. Pour plus d\u2019informations sur le pixel Facebook, veuillez consulter les liens suivants : https:\/\/en-gb.facebook.com\/business\/help\/651294705016616 et https:\/\/www.facebook.com\/policies\/cookies\/<\/li>\n<\/ul>\n<p>&nbsp;<\/p>\n<h2 class=\"section-title\">Comment pouvez-vous contr\u00f4ler ou supprimer des cookies\u2009?<\/h2>\n<p>La plupart des navigateurs sont configur\u00e9s pour accepter automatiquement les cookies d\u00e8s le d\u00e9but. Vous pouvez modifier les param\u00e8tres du navigateur pour bloquer les cookies ou \u00eatre inform\u00e9 lorsque des cookies sont envoy\u00e9s \u00e0 votre appareil. Il existe un certain nombre de moyens de g\u00e9rer les cookies. Veuillez consulter les param\u00e8tres de votre navigateur ou la section d\u2019aide pour en savoir plus sur la mani\u00e8re dont vous pouvez ajuster ou modifier les param\u00e8tres du navigateur.<\/p>\n<p>Si vous d\u00e9sactivez les cookies que nous utilisons, votre exp\u00e9rience du site pourra en \u00eatre affect\u00e9e au cours de votre utilisation. Ainsi, l\u2019acc\u00e8s \u00e0 certaines rubriques du site pourra vous \u00eatre impossible ou vous pourrez ne plus recevoir d\u2019informations personnalis\u00e9es de la part du site.<\/p>\n<p>Si vous utilisez diff\u00e9rents appareils pour visualiser et acc\u00e9der \u00e0 notre site Internet (par ex. ordinateur, smartphone, tablette, etc.), vous devez vous assurer que les param\u00e8tres de chaque navigateur, sur chaque appareil, soient adapt\u00e9s \u00e0 vos pr\u00e9f\u00e9rences de cookies.<\/p>\n<p>&nbsp;<\/p>\n<p>RAYOVAC\u00ae, Energizer Holdings, Inc. 2019<\/p>\n","protected":false},"excerpt":{"rendered":"<p>La pr\u00e9sente Politique de Cookies d\u00e9crit la mani\u00e8re dont Energizer Holdings, Inc. utilise des cookies pour collecter des informations sur le site Internet www.rayovac.eu. Pour obtenir d\u2019autres informations sur la mani\u00e8re dont nous utilisons, stockons et partageons les informations relatives aux utilisateurs du site Internet, veuillez \u00e9galement consulter notre Politique de Confidentialit\u00e9. &nbsp; Que sont [&hellip;]<\/p>\n","protected":false},"author":3,"featured_media":0,"parent":0,"menu_order":99,"comment_status":"closed","ping_status":"closed","template":"","meta":{"_acf_changed":false,"footnotes":""},"class_list":["post-6352","page","type-page","status-publish","hentry"],"acf":[],"yoast_head":"<!-- This site is optimized with the Yoast SEO plugin v27.2 - https:\/\/yoast.com\/product\/yoast-seo-wordpress\/ -->\n<title>Politique de cookies - Rayovac Hearing Aid Batteries<\/title>\n<meta name=\"robots\" content=\"index, follow, max-snippet:-1, max-image-preview:large, max-video-preview:-1\" \/>\n<link rel=\"canonical\" href=\"https:\/\/rayovac.eu\/fr\/cookie-policy\/\" \/>\n<meta property=\"og:locale\" content=\"fr_FR\" \/>\n<meta property=\"og:type\" content=\"article\" \/>\n<meta property=\"og:title\" content=\"Politique de cookies - Rayovac Hearing Aid Batteries\" \/>\n<meta property=\"og:description\" content=\"La pr\u00e9sente Politique de Cookies d\u00e9crit la mani\u00e8re dont Energizer Holdings, Inc. utilise des cookies pour collecter des informations sur le site Internet www.rayovac.eu. Pour obtenir d\u2019autres informations sur la mani\u00e8re dont nous utilisons, stockons et partageons les informations relatives aux utilisateurs du site Internet, veuillez \u00e9galement consulter notre Politique de Confidentialit\u00e9. &nbsp; Que sont [&hellip;]\" \/>\n<meta property=\"og:url\" content=\"https:\/\/rayovac.eu\/fr\/cookie-policy\/\" \/>\n<meta property=\"og:site_name\" content=\"Rayovac Hearing Aid Batteries\" \/>\n<meta property=\"article:modified_time\" content=\"2021-11-30T17:46:10+00:00\" \/>\n<meta name=\"twitter:card\" content=\"summary_large_image\" \/>\n<meta name=\"twitter:label1\" content=\"Dur\u00e9e de lecture estim\u00e9e\" \/>\n\t<meta name=\"twitter:data1\" content=\"10 minutes\" \/>\n<script type=\"application\/ld+json\" class=\"yoast-schema-graph\">{\"@context\":\"https:\/\/schema.org\",\"@graph\":[{\"@type\":\"WebPage\",\"@id\":\"https:\/\/rayovac.eu\/fr\/cookie-policy\/\",\"url\":\"https:\/\/rayovac.eu\/fr\/cookie-policy\/\",\"name\":\"Politique de cookies - Rayovac Hearing Aid Batteries\",\"isPartOf\":{\"@id\":\"https:\/\/rayovac.eu\/fr\/#website\"},\"datePublished\":\"2021-11-08T09:59:36+00:00\",\"dateModified\":\"2021-11-30T17:46:10+00:00\",\"breadcrumb\":{\"@id\":\"https:\/\/rayovac.eu\/fr\/cookie-policy\/#breadcrumb\"},\"inLanguage\":\"fr-FR\",\"potentialAction\":[{\"@type\":\"ReadAction\",\"target\":[\"https:\/\/rayovac.eu\/fr\/cookie-policy\/\"]}]},{\"@type\":\"BreadcrumbList\",\"@id\":\"https:\/\/rayovac.eu\/fr\/cookie-policy\/#breadcrumb\",\"itemListElement\":[{\"@type\":\"ListItem\",\"position\":1,\"name\":\"Home\",\"item\":\"https:\/\/rayovac.eu\/fr\/\"},{\"@type\":\"ListItem\",\"position\":2,\"name\":\"Politique de cookies\"}]},{\"@type\":\"WebSite\",\"@id\":\"https:\/\/rayovac.eu\/fr\/#website\",\"url\":\"https:\/\/rayovac.eu\/fr\/\",\"name\":\"Rayovac Hearing Aid Batteries\",\"description\":\"\",\"potentialAction\":[{\"@type\":\"SearchAction\",\"target\":{\"@type\":\"EntryPoint\",\"urlTemplate\":\"https:\/\/rayovac.eu\/fr\/?s={search_term_string}\"},\"query-input\":{\"@type\":\"PropertyValueSpecification\",\"valueRequired\":true,\"valueName\":\"search_term_string\"}}],\"inLanguage\":\"fr-FR\"}]}<\/script>\n<!-- \/ Yoast SEO plugin. -->","yoast_head_json":{"title":"Politique de cookies - Rayovac Hearing Aid Batteries","robots":{"index":"index","follow":"follow","max-snippet":"max-snippet:-1","max-image-preview":"max-image-preview:large","max-video-preview":"max-video-preview:-1"},"canonical":"https:\/\/rayovac.eu\/fr\/cookie-policy\/","og_locale":"fr_FR","og_type":"article","og_title":"Politique de cookies - Rayovac Hearing Aid Batteries","og_description":"La pr\u00e9sente Politique de Cookies d\u00e9crit la mani\u00e8re dont Energizer Holdings, Inc. utilise des cookies pour collecter des informations sur le site Internet www.rayovac.eu. Pour obtenir d\u2019autres informations sur la mani\u00e8re dont nous utilisons, stockons et partageons les informations relatives aux utilisateurs du site Internet, veuillez \u00e9galement consulter notre Politique de Confidentialit\u00e9. &nbsp; Que sont [&hellip;]","og_url":"https:\/\/rayovac.eu\/fr\/cookie-policy\/","og_site_name":"Rayovac Hearing Aid Batteries","article_modified_time":"2021-11-30T17:46:10+00:00","twitter_card":"summary_large_image","twitter_misc":{"Dur\u00e9e de lecture estim\u00e9e":"10 minutes"},"schema":{"@context":"https:\/\/schema.org","@graph":[{"@type":"WebPage","@id":"https:\/\/rayovac.eu\/fr\/cookie-policy\/","url":"https:\/\/rayovac.eu\/fr\/cookie-policy\/","name":"Politique de cookies - Rayovac Hearing Aid Batteries","isPartOf":{"@id":"https:\/\/rayovac.eu\/fr\/#website"},"datePublished":"2021-11-08T09:59:36+00:00","dateModified":"2021-11-30T17:46:10+00:00","breadcrumb":{"@id":"https:\/\/rayovac.eu\/fr\/cookie-policy\/#breadcrumb"},"inLanguage":"fr-FR","potentialAction":[{"@type":"ReadAction","target":["https:\/\/rayovac.eu\/fr\/cookie-policy\/"]}]},{"@type":"BreadcrumbList","@id":"https:\/\/rayovac.eu\/fr\/cookie-policy\/#breadcrumb","itemListElement":[{"@type":"ListItem","position":1,"name":"Home","item":"https:\/\/rayovac.eu\/fr\/"},{"@type":"ListItem","position":2,"name":"Politique de cookies"}]},{"@type":"WebSite","@id":"https:\/\/rayovac.eu\/fr\/#website","url":"https:\/\/rayovac.eu\/fr\/","name":"Rayovac Hearing Aid Batteries","description":"","potentialAction":[{"@type":"SearchAction","target":{"@type":"EntryPoint","urlTemplate":"https:\/\/rayovac.eu\/fr\/?s={search_term_string}"},"query-input":{"@type":"PropertyValueSpecification","valueRequired":true,"valueName":"search_term_string"}}],"inLanguage":"fr-FR"}]}},"_links":{"self":[{"href":"https:\/\/rayovac.eu\/fr\/wp-json\/wp\/v2\/pages\/6352","targetHints":{"allow":["GET"]}}],"collection":[{"href":"https:\/\/rayovac.eu\/fr\/wp-json\/wp\/v2\/pages"}],"about":[{"href":"https:\/\/rayovac.eu\/fr\/wp-json\/wp\/v2\/types\/page"}],"author":[{"embeddable":true,"href":"https:\/\/rayovac.eu\/fr\/wp-json\/wp\/v2\/users\/3"}],"replies":[{"embeddable":true,"href":"https:\/\/rayovac.eu\/fr\/wp-json\/wp\/v2\/comments?post=6352"}],"version-history":[{"count":2,"href":"https:\/\/rayovac.eu\/fr\/wp-json\/wp\/v2\/pages\/6352\/revisions"}],"predecessor-version":[{"id":7484,"href":"https:\/\/rayovac.eu\/fr\/wp-json\/wp\/v2\/pages\/6352\/revisions\/7484"}],"wp:attachment":[{"href":"https:\/\/rayovac.eu\/fr\/wp-json\/wp\/v2\/media?parent=6352"}],"curies":[{"name":"wp","href":"https:\/\/api.w.org\/{rel}","templated":true}]}}