{"id":4623,"date":"2021-10-17T11:25:06","date_gmt":"2021-10-17T10:25:06","guid":{"rendered":"http:\/\/rayovac.eu\/locations\/"},"modified":"2021-11-25T08:58:30","modified_gmt":"2021-11-25T08:58:30","slug":"establecimientos","status":"publish","type":"page","link":"https:\/\/rayovac.eu\/es\/empresa\/establecimientos\/","title":{"rendered":"Establecimientos"},"content":{"rendered":"<p>Rayovac es una empresa con presencia mundial que env\u00eda pilas para aud\u00edfonos a m\u00e1s de 100 pa\u00edses en todo el mundo, proporcion\u00e1ndoles a nuestros clientes la energ\u00eda que necesitan para vivir la vida sin interrupciones. Para satisfacer la demanda de nuestras pilas l\u00edderes en el sector, contamos con dos f\u00e1bricas. Una en Washington (Reino Unido) y otra en Portage, Wisconsin (EE. UU.). Al disponer de dos centros de fabricaci\u00f3n y distribuci\u00f3n en el mundo, somos capaces de distribuir nuestros productos en todo el mundo de un modo eficiente y eficaz, lo que nos permite llegar a nuestros clientes m\u00e1s r\u00e1pido.<\/p>\n<p>El Instituto de Dise\u00f1o e Innovaci\u00f3n de Spectrum Brands en Middleton, Wisconsin (EE. UU.) es donde trabajan nuestros t\u00e9cnicos especializados en investigaci\u00f3n y desarrollo para garantizar que nuestras pilas Rayovac sigan siendo l\u00edderes por su capacidad para hacer funcionar la \u00faltima generaci\u00f3n de aud\u00edfonos.<\/p>\n<p>Las oficinas regionales de ventas de las que disponemos en todo el planeta dan a nuestros clientes un servicio y un soporte local al cliente, garantizando que siempre dispongan un interlocutor amable y cercano.<\/p>\n","protected":false},"excerpt":{"rendered":"<p>Rayovac es una empresa con presencia mundial que env\u00eda pilas para aud\u00edfonos a m\u00e1s de 100 pa\u00edses en todo el mundo, proporcion\u00e1ndoles a nuestros clientes la energ\u00eda que necesitan para vivir la vida sin interrupciones. Para satisfacer la demanda de nuestras pilas l\u00edderes en el sector, contamos con dos f\u00e1bricas. Una en Washington (Reino Unido) [&hellip;]<\/p>\n","protected":false},"author":3,"featured_media":0,"parent":4650,"menu_order":4,"comment_status":"closed","ping_status":"closed","template":"","meta":{"_acf_changed":false,"footnotes":""},"class_list":["post-4623","page","type-page","status-publish","hentry"],"acf":[],"yoast_head":"<!-- This site is optimized with the Yoast SEO plugin v27.2 - https:\/\/yoast.com\/product\/yoast-seo-wordpress\/ -->\n<title>Establecimientos - Rayovac Hearing Aid Batteries<\/title>\n<meta name=\"robots\" content=\"index, follow, max-snippet:-1, max-image-preview:large, max-video-preview:-1\" \/>\n<link rel=\"canonical\" href=\"https:\/\/rayovac.eu\/es\/empresa\/establecimientos\/\" \/>\n<meta property=\"og:locale\" content=\"es_ES\" \/>\n<meta property=\"og:type\" content=\"article\" \/>\n<meta property=\"og:title\" content=\"Establecimientos - Rayovac Hearing Aid Batteries\" \/>\n<meta property=\"og:description\" content=\"Rayovac es una empresa con presencia mundial que env\u00eda pilas para aud\u00edfonos a m\u00e1s de 100 pa\u00edses en todo el mundo, proporcion\u00e1ndoles a nuestros clientes la energ\u00eda que necesitan para vivir la vida sin interrupciones. Para satisfacer la demanda de nuestras pilas l\u00edderes en el sector, contamos con dos f\u00e1bricas. Una en Washington (Reino Unido) [&hellip;]\" \/>\n<meta property=\"og:url\" content=\"https:\/\/rayovac.eu\/es\/empresa\/establecimientos\/\" \/>\n<meta property=\"og:site_name\" content=\"Rayovac Hearing Aid Batteries\" \/>\n<meta property=\"article:modified_time\" content=\"2021-11-25T08:58:30+00:00\" \/>\n<meta name=\"twitter:card\" content=\"summary_large_image\" \/>\n<meta name=\"twitter:label1\" content=\"Tiempo de lectura\" \/>\n\t<meta name=\"twitter:data1\" content=\"1 minuto\" \/>\n<script type=\"application\/ld+json\" class=\"yoast-schema-graph\">{\"@context\":\"https:\/\/schema.org\",\"@graph\":[{\"@type\":\"WebPage\",\"@id\":\"https:\/\/rayovac.eu\/es\/empresa\/establecimientos\/\",\"url\":\"https:\/\/rayovac.eu\/es\/empresa\/establecimientos\/\",\"name\":\"Establecimientos - Rayovac Hearing Aid Batteries\",\"isPartOf\":{\"@id\":\"https:\/\/rayovac.eu\/es\/#website\"},\"datePublished\":\"2021-10-17T10:25:06+00:00\",\"dateModified\":\"2021-11-25T08:58:30+00:00\",\"breadcrumb\":{\"@id\":\"https:\/\/rayovac.eu\/es\/empresa\/establecimientos\/#breadcrumb\"},\"inLanguage\":\"es\",\"potentialAction\":[{\"@type\":\"ReadAction\",\"target\":[\"https:\/\/rayovac.eu\/es\/empresa\/establecimientos\/\"]}]},{\"@type\":\"BreadcrumbList\",\"@id\":\"https:\/\/rayovac.eu\/es\/empresa\/establecimientos\/#breadcrumb\",\"itemListElement\":[{\"@type\":\"ListItem\",\"position\":1,\"name\":\"Home\",\"item\":\"https:\/\/rayovac.eu\/es\/\"},{\"@type\":\"ListItem\",\"position\":2,\"name\":\"Empresa\",\"item\":\"https:\/\/rayovac.eu\/es\/empresa\/\"},{\"@type\":\"ListItem\",\"position\":3,\"name\":\"Establecimientos\"}]},{\"@type\":\"WebSite\",\"@id\":\"https:\/\/rayovac.eu\/es\/#website\",\"url\":\"https:\/\/rayovac.eu\/es\/\",\"name\":\"Rayovac Hearing Aid Batteries\",\"description\":\"\",\"potentialAction\":[{\"@type\":\"SearchAction\",\"target\":{\"@type\":\"EntryPoint\",\"urlTemplate\":\"https:\/\/rayovac.eu\/es\/?s={search_term_string}\"},\"query-input\":{\"@type\":\"PropertyValueSpecification\",\"valueRequired\":true,\"valueName\":\"search_term_string\"}}],\"inLanguage\":\"es\"}]}<\/script>\n<!-- \/ Yoast SEO plugin. -->","yoast_head_json":{"title":"Establecimientos - Rayovac Hearing Aid Batteries","robots":{"index":"index","follow":"follow","max-snippet":"max-snippet:-1","max-image-preview":"max-image-preview:large","max-video-preview":"max-video-preview:-1"},"canonical":"https:\/\/rayovac.eu\/es\/empresa\/establecimientos\/","og_locale":"es_ES","og_type":"article","og_title":"Establecimientos - Rayovac Hearing Aid Batteries","og_description":"Rayovac es una empresa con presencia mundial que env\u00eda pilas para aud\u00edfonos a m\u00e1s de 100 pa\u00edses en todo el mundo, proporcion\u00e1ndoles a nuestros clientes la energ\u00eda que necesitan para vivir la vida sin interrupciones. Para satisfacer la demanda de nuestras pilas l\u00edderes en el sector, contamos con dos f\u00e1bricas. Una en Washington (Reino Unido) [&hellip;]","og_url":"https:\/\/rayovac.eu\/es\/empresa\/establecimientos\/","og_site_name":"Rayovac Hearing Aid Batteries","article_modified_time":"2021-11-25T08:58:30+00:00","twitter_card":"summary_large_image","twitter_misc":{"Tiempo de lectura":"1 minuto"},"schema":{"@context":"https:\/\/schema.org","@graph":[{"@type":"WebPage","@id":"https:\/\/rayovac.eu\/es\/empresa\/establecimientos\/","url":"https:\/\/rayovac.eu\/es\/empresa\/establecimientos\/","name":"Establecimientos - Rayovac Hearing Aid Batteries","isPartOf":{"@id":"https:\/\/rayovac.eu\/es\/#website"},"datePublished":"2021-10-17T10:25:06+00:00","dateModified":"2021-11-25T08:58:30+00:00","breadcrumb":{"@id":"https:\/\/rayovac.eu\/es\/empresa\/establecimientos\/#breadcrumb"},"inLanguage":"es","potentialAction":[{"@type":"ReadAction","target":["https:\/\/rayovac.eu\/es\/empresa\/establecimientos\/"]}]},{"@type":"BreadcrumbList","@id":"https:\/\/rayovac.eu\/es\/empresa\/establecimientos\/#breadcrumb","itemListElement":[{"@type":"ListItem","position":1,"name":"Home","item":"https:\/\/rayovac.eu\/es\/"},{"@type":"ListItem","position":2,"name":"Empresa","item":"https:\/\/rayovac.eu\/es\/empresa\/"},{"@type":"ListItem","position":3,"name":"Establecimientos"}]},{"@type":"WebSite","@id":"https:\/\/rayovac.eu\/es\/#website","url":"https:\/\/rayovac.eu\/es\/","name":"Rayovac Hearing Aid Batteries","description":"","potentialAction":[{"@type":"SearchAction","target":{"@type":"EntryPoint","urlTemplate":"https:\/\/rayovac.eu\/es\/?s={search_term_string}"},"query-input":{"@type":"PropertyValueSpecification","valueRequired":true,"valueName":"search_term_string"}}],"inLanguage":"es"}]}},"_links":{"self":[{"href":"https:\/\/rayovac.eu\/es\/wp-json\/wp\/v2\/pages\/4623","targetHints":{"allow":["GET"]}}],"collection":[{"href":"https:\/\/rayovac.eu\/es\/wp-json\/wp\/v2\/pages"}],"about":[{"href":"https:\/\/rayovac.eu\/es\/wp-json\/wp\/v2\/types\/page"}],"author":[{"embeddable":true,"href":"https:\/\/rayovac.eu\/es\/wp-json\/wp\/v2\/users\/3"}],"replies":[{"embeddable":true,"href":"https:\/\/rayovac.eu\/es\/wp-json\/wp\/v2\/comments?post=4623"}],"version-history":[{"count":1,"href":"https:\/\/rayovac.eu\/es\/wp-json\/wp\/v2\/pages\/4623\/revisions"}],"predecessor-version":[{"id":4926,"href":"https:\/\/rayovac.eu\/es\/wp-json\/wp\/v2\/pages\/4623\/revisions\/4926"}],"up":[{"embeddable":true,"href":"https:\/\/rayovac.eu\/es\/wp-json\/wp\/v2\/pages\/4650"}],"wp:attachment":[{"href":"https:\/\/rayovac.eu\/es\/wp-json\/wp\/v2\/media?parent=4623"}],"curies":[{"name":"wp","href":"https:\/\/api.w.org\/{rel}","templated":true}]}}