{"id":4612,"date":"2021-10-17T11:26:08","date_gmt":"2021-10-17T10:26:08","guid":{"rendered":"http:\/\/rayovac.eu\/mercury-free\/"},"modified":"2021-11-25T09:17:18","modified_gmt":"2021-11-25T09:17:18","slug":"sin-mercurio","status":"publish","type":"page","link":"https:\/\/rayovac.eu\/es\/innovacion\/sin-mercurio\/","title":{"rendered":"Sin mercurio"},"content":{"rendered":"<h3>Innovaci\u00f3n sin impacto<\/h3>\n<p>Hoy en d\u00eda, la demanda de tecnolog\u00eda respetuosa con el medio ambiente se ha disparado. La necesidad de rebajar las emisiones de carbono y proteger el planeta es inmensa y los fabricantes deben tomar las riendas.<\/p>\n<p>En este sentido, Rayovac ha invertido millones y ha dedicado muchos a\u00f1os a investigar y desarrollar nuestras pilas sin mercurio para producir una pila m\u00e1s respetuosa con el medio ambiente, que cuente con la energ\u00eda y el rendimiento que exigen los aud\u00edfonos en la actualidad. Nuestras pilas para aud\u00edfonos sin mercurio m\u00e1s novedosas presentan un rendimiento m\u00e1s duradero y una mayor constancia y fiabilidad, lo que garantiza una mayor satisfacci\u00f3n del usuario.<\/p>\n<h3>Legislaci\u00f3n<\/h3>\n<p>En 1996 se prohibi\u00f3 el uso de mercurio en las pilas alcalinas. Sin embargo, algunas otras pilas de bot\u00f3n, como las de los aud\u00edfonos y relojes quedaban exentas de esta prohibici\u00f3n ya que no siempre hab\u00eda todav\u00eda una alternativa al mercurio disponible. La mayor\u00eda de las pilas para aud\u00edfonos contienen una peque\u00f1\u00edsima cantidad de mercurio para garantizar la estabilidad de la pila.<\/p>\n<p>En octubre de 2014, tras un minucioso estudio de viabilidad y mediante una modificaci\u00f3n a la Directiva sobre pilas 2006\/66\/CE, la Comisi\u00f3n Europea anunci\u00f3 que a partir del 2 de octubre de 2015 las pilas de bot\u00f3n no deb\u00edan contener mercurio. A partir de esta fecha en toda Europa est\u00e1 prohibido vender pilas de bot\u00f3n que contengan mercurio.<\/p>\n<h3>Premios<\/h3>\n<p><img decoding=\"async\" src=\"http:\/\/rayovac.eu\/wp-content\/uploads\/2021\/11\/qae-logo.jpeg\" alt=\"\" width=\"300\" height=\"285\" class=\"aligncenter size-full wp-image-4691\" \/><\/p>\n<p>Nuestro \u00e9xito en el desarrollo de pilas sin mercurio ha dado lugar a la obtenci\u00f3n de varios premios destacados. En el Reino Unido, recibimos el prestigioso Queens Award for Entreprise for Innovation 2011. En Estados Unidos, la gama libre de mercurio recibi\u00f3 dos galardones en los International Business Awards (tambi\u00e9n conocidos como premios Stevie). Si se eliminase el mercurio de todas las pilas para aud\u00edfonos, cada a\u00f1o se arrojar\u00edan 6.500 kg menos de mercurio al medio ambiente. Esto equivale a 15.000 campos de f\u00fatbol, as\u00ed que los beneficios son enormes si pensamos en la cantidad de mercurio que podr\u00eda exponerse al medio ambiente, ya que las pilas se descomponen, a menudo en vertederos.<\/p>\n<p>Rayovac es miembro de la Asociaci\u00f3n Mundial sobre el Mercurio del Programa de las Naciones Unidas para el Medio ambiente (PNUMA). Este organismo voluntario se ha creado con el fin de reducir el uso de mercurio y otros metales pesados en bienes de uso diario.<\/p>\n","protected":false},"excerpt":{"rendered":"<p>Innovaci\u00f3n sin impacto Hoy en d\u00eda, la demanda de tecnolog\u00eda respetuosa con el medio ambiente se ha disparado. La necesidad de rebajar las emisiones de carbono y proteger el planeta es inmensa y los fabricantes deben tomar las riendas. En este sentido, Rayovac ha invertido millones y ha dedicado muchos a\u00f1os a investigar y desarrollar [&hellip;]<\/p>\n","protected":false},"author":3,"featured_media":0,"parent":4649,"menu_order":3,"comment_status":"closed","ping_status":"closed","template":"","meta":{"_acf_changed":false,"footnotes":""},"class_list":["post-4612","page","type-page","status-publish","hentry"],"acf":[],"yoast_head":"<!-- This site is optimized with the Yoast SEO plugin v27.2 - https:\/\/yoast.com\/product\/yoast-seo-wordpress\/ -->\n<title>Sin mercurio - Rayovac Hearing Aid Batteries<\/title>\n<meta name=\"robots\" content=\"index, follow, max-snippet:-1, max-image-preview:large, max-video-preview:-1\" \/>\n<link rel=\"canonical\" href=\"https:\/\/rayovac.eu\/es\/innovacion\/sin-mercurio\/\" \/>\n<meta property=\"og:locale\" content=\"es_ES\" \/>\n<meta property=\"og:type\" content=\"article\" \/>\n<meta property=\"og:title\" content=\"Sin mercurio - Rayovac Hearing Aid Batteries\" \/>\n<meta property=\"og:description\" content=\"Innovaci\u00f3n sin impacto Hoy en d\u00eda, la demanda de tecnolog\u00eda respetuosa con el medio ambiente se ha disparado. La necesidad de rebajar las emisiones de carbono y proteger el planeta es inmensa y los fabricantes deben tomar las riendas. En este sentido, Rayovac ha invertido millones y ha dedicado muchos a\u00f1os a investigar y desarrollar [&hellip;]\" \/>\n<meta property=\"og:url\" content=\"https:\/\/rayovac.eu\/es\/innovacion\/sin-mercurio\/\" \/>\n<meta property=\"og:site_name\" content=\"Rayovac Hearing Aid Batteries\" \/>\n<meta property=\"article:modified_time\" content=\"2021-11-25T09:17:18+00:00\" \/>\n<meta property=\"og:image\" content=\"http:\/\/rayovac.eu\/wp-content\/uploads\/2021\/11\/qae-logo.jpeg\" \/>\n<meta name=\"twitter:card\" content=\"summary_large_image\" \/>\n<meta name=\"twitter:label1\" content=\"Tiempo de lectura\" \/>\n\t<meta name=\"twitter:data1\" content=\"2 minutos\" \/>\n<script type=\"application\/ld+json\" class=\"yoast-schema-graph\">{\"@context\":\"https:\/\/schema.org\",\"@graph\":[{\"@type\":\"WebPage\",\"@id\":\"https:\/\/rayovac.eu\/es\/innovacion\/sin-mercurio\/\",\"url\":\"https:\/\/rayovac.eu\/es\/innovacion\/sin-mercurio\/\",\"name\":\"Sin mercurio - Rayovac Hearing Aid Batteries\",\"isPartOf\":{\"@id\":\"https:\/\/rayovac.eu\/es\/#website\"},\"primaryImageOfPage\":{\"@id\":\"https:\/\/rayovac.eu\/es\/innovacion\/sin-mercurio\/#primaryimage\"},\"image\":{\"@id\":\"https:\/\/rayovac.eu\/es\/innovacion\/sin-mercurio\/#primaryimage\"},\"thumbnailUrl\":\"http:\/\/rayovac.eu\/wp-content\/uploads\/2021\/11\/qae-logo.jpeg\",\"datePublished\":\"2021-10-17T10:26:08+00:00\",\"dateModified\":\"2021-11-25T09:17:18+00:00\",\"breadcrumb\":{\"@id\":\"https:\/\/rayovac.eu\/es\/innovacion\/sin-mercurio\/#breadcrumb\"},\"inLanguage\":\"es\",\"potentialAction\":[{\"@type\":\"ReadAction\",\"target\":[\"https:\/\/rayovac.eu\/es\/innovacion\/sin-mercurio\/\"]}]},{\"@type\":\"ImageObject\",\"inLanguage\":\"es\",\"@id\":\"https:\/\/rayovac.eu\/es\/innovacion\/sin-mercurio\/#primaryimage\",\"url\":\"http:\/\/rayovac.eu\/wp-content\/uploads\/2021\/11\/qae-logo.jpeg\",\"contentUrl\":\"http:\/\/rayovac.eu\/wp-content\/uploads\/2021\/11\/qae-logo.jpeg\"},{\"@type\":\"BreadcrumbList\",\"@id\":\"https:\/\/rayovac.eu\/es\/innovacion\/sin-mercurio\/#breadcrumb\",\"itemListElement\":[{\"@type\":\"ListItem\",\"position\":1,\"name\":\"Home\",\"item\":\"https:\/\/rayovac.eu\/es\/\"},{\"@type\":\"ListItem\",\"position\":2,\"name\":\"Innovaci\u00f3n\",\"item\":\"https:\/\/rayovac.eu\/es\/innovacion\/\"},{\"@type\":\"ListItem\",\"position\":3,\"name\":\"Sin mercurio\"}]},{\"@type\":\"WebSite\",\"@id\":\"https:\/\/rayovac.eu\/es\/#website\",\"url\":\"https:\/\/rayovac.eu\/es\/\",\"name\":\"Rayovac Hearing Aid Batteries\",\"description\":\"\",\"potentialAction\":[{\"@type\":\"SearchAction\",\"target\":{\"@type\":\"EntryPoint\",\"urlTemplate\":\"https:\/\/rayovac.eu\/es\/?s={search_term_string}\"},\"query-input\":{\"@type\":\"PropertyValueSpecification\",\"valueRequired\":true,\"valueName\":\"search_term_string\"}}],\"inLanguage\":\"es\"}]}<\/script>\n<!-- \/ Yoast SEO plugin. -->","yoast_head_json":{"title":"Sin mercurio - Rayovac Hearing Aid Batteries","robots":{"index":"index","follow":"follow","max-snippet":"max-snippet:-1","max-image-preview":"max-image-preview:large","max-video-preview":"max-video-preview:-1"},"canonical":"https:\/\/rayovac.eu\/es\/innovacion\/sin-mercurio\/","og_locale":"es_ES","og_type":"article","og_title":"Sin mercurio - Rayovac Hearing Aid Batteries","og_description":"Innovaci\u00f3n sin impacto Hoy en d\u00eda, la demanda de tecnolog\u00eda respetuosa con el medio ambiente se ha disparado. La necesidad de rebajar las emisiones de carbono y proteger el planeta es inmensa y los fabricantes deben tomar las riendas. En este sentido, Rayovac ha invertido millones y ha dedicado muchos a\u00f1os a investigar y desarrollar [&hellip;]","og_url":"https:\/\/rayovac.eu\/es\/innovacion\/sin-mercurio\/","og_site_name":"Rayovac Hearing Aid Batteries","article_modified_time":"2021-11-25T09:17:18+00:00","og_image":[{"url":"http:\/\/rayovac.eu\/wp-content\/uploads\/2021\/11\/qae-logo.jpeg","type":"","width":"","height":""}],"twitter_card":"summary_large_image","twitter_misc":{"Tiempo de lectura":"2 minutos"},"schema":{"@context":"https:\/\/schema.org","@graph":[{"@type":"WebPage","@id":"https:\/\/rayovac.eu\/es\/innovacion\/sin-mercurio\/","url":"https:\/\/rayovac.eu\/es\/innovacion\/sin-mercurio\/","name":"Sin mercurio - Rayovac Hearing Aid Batteries","isPartOf":{"@id":"https:\/\/rayovac.eu\/es\/#website"},"primaryImageOfPage":{"@id":"https:\/\/rayovac.eu\/es\/innovacion\/sin-mercurio\/#primaryimage"},"image":{"@id":"https:\/\/rayovac.eu\/es\/innovacion\/sin-mercurio\/#primaryimage"},"thumbnailUrl":"http:\/\/rayovac.eu\/wp-content\/uploads\/2021\/11\/qae-logo.jpeg","datePublished":"2021-10-17T10:26:08+00:00","dateModified":"2021-11-25T09:17:18+00:00","breadcrumb":{"@id":"https:\/\/rayovac.eu\/es\/innovacion\/sin-mercurio\/#breadcrumb"},"inLanguage":"es","potentialAction":[{"@type":"ReadAction","target":["https:\/\/rayovac.eu\/es\/innovacion\/sin-mercurio\/"]}]},{"@type":"ImageObject","inLanguage":"es","@id":"https:\/\/rayovac.eu\/es\/innovacion\/sin-mercurio\/#primaryimage","url":"http:\/\/rayovac.eu\/wp-content\/uploads\/2021\/11\/qae-logo.jpeg","contentUrl":"http:\/\/rayovac.eu\/wp-content\/uploads\/2021\/11\/qae-logo.jpeg"},{"@type":"BreadcrumbList","@id":"https:\/\/rayovac.eu\/es\/innovacion\/sin-mercurio\/#breadcrumb","itemListElement":[{"@type":"ListItem","position":1,"name":"Home","item":"https:\/\/rayovac.eu\/es\/"},{"@type":"ListItem","position":2,"name":"Innovaci\u00f3n","item":"https:\/\/rayovac.eu\/es\/innovacion\/"},{"@type":"ListItem","position":3,"name":"Sin mercurio"}]},{"@type":"WebSite","@id":"https:\/\/rayovac.eu\/es\/#website","url":"https:\/\/rayovac.eu\/es\/","name":"Rayovac Hearing Aid Batteries","description":"","potentialAction":[{"@type":"SearchAction","target":{"@type":"EntryPoint","urlTemplate":"https:\/\/rayovac.eu\/es\/?s={search_term_string}"},"query-input":{"@type":"PropertyValueSpecification","valueRequired":true,"valueName":"search_term_string"}}],"inLanguage":"es"}]}},"_links":{"self":[{"href":"https:\/\/rayovac.eu\/es\/wp-json\/wp\/v2\/pages\/4612","targetHints":{"allow":["GET"]}}],"collection":[{"href":"https:\/\/rayovac.eu\/es\/wp-json\/wp\/v2\/pages"}],"about":[{"href":"https:\/\/rayovac.eu\/es\/wp-json\/wp\/v2\/types\/page"}],"author":[{"embeddable":true,"href":"https:\/\/rayovac.eu\/es\/wp-json\/wp\/v2\/users\/3"}],"replies":[{"embeddable":true,"href":"https:\/\/rayovac.eu\/es\/wp-json\/wp\/v2\/comments?post=4612"}],"version-history":[{"count":1,"href":"https:\/\/rayovac.eu\/es\/wp-json\/wp\/v2\/pages\/4612\/revisions"}],"predecessor-version":[{"id":4935,"href":"https:\/\/rayovac.eu\/es\/wp-json\/wp\/v2\/pages\/4612\/revisions\/4935"}],"up":[{"embeddable":true,"href":"https:\/\/rayovac.eu\/es\/wp-json\/wp\/v2\/pages\/4649"}],"wp:attachment":[{"href":"https:\/\/rayovac.eu\/es\/wp-json\/wp\/v2\/media?parent=4612"}],"curies":[{"name":"wp","href":"https:\/\/api.w.org\/{rel}","templated":true}]}}