{"id":4603,"date":"2021-10-17T11:26:58","date_gmt":"2021-10-17T10:26:58","guid":{"rendered":"http:\/\/rayovac.eu\/audiologist-of-the-year\/"},"modified":"2021-11-25T09:28:32","modified_gmt":"2021-11-25T09:28:32","slug":"audiologo-del-ano","status":"publish","type":"page","link":"https:\/\/rayovac.eu\/es\/discover\/audiologo-del-ano\/","title":{"rendered":"Audi\u00f3logo del a\u00f1o"},"content":{"rendered":"<p>El concurso \u00abAudi\u00f3logo del a\u00f1o\u00bb se organiz\u00f3 entre 2008 y 2019 para celebrar la extraordinaria atenci\u00f3n que los profesionales de la audici\u00f3n brindan a sus pacientes.<\/p>\n<p>Los organizadores del evento RAYOVAC\u00ae desean agradecerles su apoyo ahora que el concurso ha llegado a su final tras 11 exitosos a\u00f1os.<\/p>\n<p>Tras m\u00e1s de una d\u00e9cada de increibles logros, nos despedimos con cari\u00f1o del concurso al Audi\u00f3logo europeo del a\u00f1o.<\/p>\n<p>Han sido 11 a\u00f1os incre\u00edbles y todo el equipo de RAYOVAC\u00ae recodar\u00e1 el concurso con gran cari\u00f1o y orgullo.<\/p>\n<p>GRACIAS a nuestros socios del concurso y a los jueces, a los pacientes que han dedicado el tiempo de compartir sus historias y, por supuesto, a los audi\u00f3logos, que han marcado la diferencia en tantas vidas.<\/p>\n","protected":false},"excerpt":{"rendered":"<p>El concurso \u00abAudi\u00f3logo del a\u00f1o\u00bb se organiz\u00f3 entre 2008 y 2019 para celebrar la extraordinaria atenci\u00f3n que los profesionales de la audici\u00f3n brindan a sus pacientes. Los organizadores del evento RAYOVAC\u00ae desean agradecerles su apoyo ahora que el concurso ha llegado a su final tras 11 exitosos a\u00f1os. Tras m\u00e1s de una d\u00e9cada de increibles [&hellip;]<\/p>\n","protected":false},"author":3,"featured_media":0,"parent":4648,"menu_order":1,"comment_status":"closed","ping_status":"closed","template":"","meta":{"_acf_changed":false,"footnotes":""},"class_list":["post-4603","page","type-page","status-publish","hentry"],"acf":[],"yoast_head":"<!-- This site is optimized with the Yoast SEO plugin v27.2 - https:\/\/yoast.com\/product\/yoast-seo-wordpress\/ -->\n<title>Audi\u00f3logo del a\u00f1o - Rayovac Hearing Aid Batteries<\/title>\n<meta name=\"robots\" content=\"index, follow, max-snippet:-1, max-image-preview:large, max-video-preview:-1\" \/>\n<link rel=\"canonical\" href=\"https:\/\/rayovac.eu\/es\/discover\/audiologo-del-ano\/\" \/>\n<meta property=\"og:locale\" content=\"es_ES\" \/>\n<meta property=\"og:type\" content=\"article\" \/>\n<meta property=\"og:title\" content=\"Audi\u00f3logo del a\u00f1o - Rayovac Hearing Aid Batteries\" \/>\n<meta property=\"og:description\" content=\"El concurso \u00abAudi\u00f3logo del a\u00f1o\u00bb se organiz\u00f3 entre 2008 y 2019 para celebrar la extraordinaria atenci\u00f3n que los profesionales de la audici\u00f3n brindan a sus pacientes. Los organizadores del evento RAYOVAC\u00ae desean agradecerles su apoyo ahora que el concurso ha llegado a su final tras 11 exitosos a\u00f1os. Tras m\u00e1s de una d\u00e9cada de increibles [&hellip;]\" \/>\n<meta property=\"og:url\" content=\"https:\/\/rayovac.eu\/es\/discover\/audiologo-del-ano\/\" \/>\n<meta property=\"og:site_name\" content=\"Rayovac Hearing Aid Batteries\" \/>\n<meta property=\"article:modified_time\" content=\"2021-11-25T09:28:32+00:00\" \/>\n<meta name=\"twitter:card\" content=\"summary_large_image\" \/>\n<meta name=\"twitter:label1\" content=\"Tiempo de lectura\" \/>\n\t<meta name=\"twitter:data1\" content=\"1 minuto\" \/>\n<script type=\"application\/ld+json\" class=\"yoast-schema-graph\">{\"@context\":\"https:\/\/schema.org\",\"@graph\":[{\"@type\":\"WebPage\",\"@id\":\"https:\/\/rayovac.eu\/es\/discover\/audiologo-del-ano\/\",\"url\":\"https:\/\/rayovac.eu\/es\/discover\/audiologo-del-ano\/\",\"name\":\"Audi\u00f3logo del a\u00f1o - Rayovac Hearing Aid Batteries\",\"isPartOf\":{\"@id\":\"https:\/\/rayovac.eu\/es\/#website\"},\"datePublished\":\"2021-10-17T10:26:58+00:00\",\"dateModified\":\"2021-11-25T09:28:32+00:00\",\"breadcrumb\":{\"@id\":\"https:\/\/rayovac.eu\/es\/discover\/audiologo-del-ano\/#breadcrumb\"},\"inLanguage\":\"es\",\"potentialAction\":[{\"@type\":\"ReadAction\",\"target\":[\"https:\/\/rayovac.eu\/es\/discover\/audiologo-del-ano\/\"]}]},{\"@type\":\"BreadcrumbList\",\"@id\":\"https:\/\/rayovac.eu\/es\/discover\/audiologo-del-ano\/#breadcrumb\",\"itemListElement\":[{\"@type\":\"ListItem\",\"position\":1,\"name\":\"Home\",\"item\":\"https:\/\/rayovac.eu\/es\/\"},{\"@type\":\"ListItem\",\"position\":2,\"name\":\"Discover\",\"item\":\"https:\/\/rayovac.eu\/es\/discover\/\"},{\"@type\":\"ListItem\",\"position\":3,\"name\":\"Audi\u00f3logo del a\u00f1o\"}]},{\"@type\":\"WebSite\",\"@id\":\"https:\/\/rayovac.eu\/es\/#website\",\"url\":\"https:\/\/rayovac.eu\/es\/\",\"name\":\"Rayovac Hearing Aid Batteries\",\"description\":\"\",\"potentialAction\":[{\"@type\":\"SearchAction\",\"target\":{\"@type\":\"EntryPoint\",\"urlTemplate\":\"https:\/\/rayovac.eu\/es\/?s={search_term_string}\"},\"query-input\":{\"@type\":\"PropertyValueSpecification\",\"valueRequired\":true,\"valueName\":\"search_term_string\"}}],\"inLanguage\":\"es\"}]}<\/script>\n<!-- \/ Yoast SEO plugin. -->","yoast_head_json":{"title":"Audi\u00f3logo del a\u00f1o - Rayovac Hearing Aid Batteries","robots":{"index":"index","follow":"follow","max-snippet":"max-snippet:-1","max-image-preview":"max-image-preview:large","max-video-preview":"max-video-preview:-1"},"canonical":"https:\/\/rayovac.eu\/es\/discover\/audiologo-del-ano\/","og_locale":"es_ES","og_type":"article","og_title":"Audi\u00f3logo del a\u00f1o - Rayovac Hearing Aid Batteries","og_description":"El concurso \u00abAudi\u00f3logo del a\u00f1o\u00bb se organiz\u00f3 entre 2008 y 2019 para celebrar la extraordinaria atenci\u00f3n que los profesionales de la audici\u00f3n brindan a sus pacientes. Los organizadores del evento RAYOVAC\u00ae desean agradecerles su apoyo ahora que el concurso ha llegado a su final tras 11 exitosos a\u00f1os. Tras m\u00e1s de una d\u00e9cada de increibles [&hellip;]","og_url":"https:\/\/rayovac.eu\/es\/discover\/audiologo-del-ano\/","og_site_name":"Rayovac Hearing Aid Batteries","article_modified_time":"2021-11-25T09:28:32+00:00","twitter_card":"summary_large_image","twitter_misc":{"Tiempo de lectura":"1 minuto"},"schema":{"@context":"https:\/\/schema.org","@graph":[{"@type":"WebPage","@id":"https:\/\/rayovac.eu\/es\/discover\/audiologo-del-ano\/","url":"https:\/\/rayovac.eu\/es\/discover\/audiologo-del-ano\/","name":"Audi\u00f3logo del a\u00f1o - Rayovac Hearing Aid Batteries","isPartOf":{"@id":"https:\/\/rayovac.eu\/es\/#website"},"datePublished":"2021-10-17T10:26:58+00:00","dateModified":"2021-11-25T09:28:32+00:00","breadcrumb":{"@id":"https:\/\/rayovac.eu\/es\/discover\/audiologo-del-ano\/#breadcrumb"},"inLanguage":"es","potentialAction":[{"@type":"ReadAction","target":["https:\/\/rayovac.eu\/es\/discover\/audiologo-del-ano\/"]}]},{"@type":"BreadcrumbList","@id":"https:\/\/rayovac.eu\/es\/discover\/audiologo-del-ano\/#breadcrumb","itemListElement":[{"@type":"ListItem","position":1,"name":"Home","item":"https:\/\/rayovac.eu\/es\/"},{"@type":"ListItem","position":2,"name":"Discover","item":"https:\/\/rayovac.eu\/es\/discover\/"},{"@type":"ListItem","position":3,"name":"Audi\u00f3logo del a\u00f1o"}]},{"@type":"WebSite","@id":"https:\/\/rayovac.eu\/es\/#website","url":"https:\/\/rayovac.eu\/es\/","name":"Rayovac Hearing Aid Batteries","description":"","potentialAction":[{"@type":"SearchAction","target":{"@type":"EntryPoint","urlTemplate":"https:\/\/rayovac.eu\/es\/?s={search_term_string}"},"query-input":{"@type":"PropertyValueSpecification","valueRequired":true,"valueName":"search_term_string"}}],"inLanguage":"es"}]}},"_links":{"self":[{"href":"https:\/\/rayovac.eu\/es\/wp-json\/wp\/v2\/pages\/4603","targetHints":{"allow":["GET"]}}],"collection":[{"href":"https:\/\/rayovac.eu\/es\/wp-json\/wp\/v2\/pages"}],"about":[{"href":"https:\/\/rayovac.eu\/es\/wp-json\/wp\/v2\/types\/page"}],"author":[{"embeddable":true,"href":"https:\/\/rayovac.eu\/es\/wp-json\/wp\/v2\/users\/3"}],"replies":[{"embeddable":true,"href":"https:\/\/rayovac.eu\/es\/wp-json\/wp\/v2\/comments?post=4603"}],"version-history":[{"count":1,"href":"https:\/\/rayovac.eu\/es\/wp-json\/wp\/v2\/pages\/4603\/revisions"}],"predecessor-version":[{"id":4964,"href":"https:\/\/rayovac.eu\/es\/wp-json\/wp\/v2\/pages\/4603\/revisions\/4964"}],"up":[{"embeddable":true,"href":"https:\/\/rayovac.eu\/es\/wp-json\/wp\/v2\/pages\/4648"}],"wp:attachment":[{"href":"https:\/\/rayovac.eu\/es\/wp-json\/wp\/v2\/media?parent=4603"}],"curies":[{"name":"wp","href":"https:\/\/api.w.org\/{rel}","templated":true}]}}