{"id":4572,"date":"2021-10-17T11:27:27","date_gmt":"2021-10-17T10:27:27","guid":{"rendered":"http:\/\/rayovac.eu\/how-to-test-your-hearing\/"},"modified":"2021-11-25T09:32:58","modified_gmt":"2021-11-25T09:32:58","slug":"compruebe-su-audicion","status":"publish","type":"page","link":"https:\/\/rayovac.eu\/es\/discover\/compruebe-su-audicion\/","title":{"rendered":"Compruebe su audici\u00f3n"},"content":{"rendered":"<h3>C\u00f3mo comprobar su audici\u00f3n<\/h3>\n<p>Es importante cuidarse el o\u00eddo y ser consciente de cualquier peque\u00f1o cambio en la calidad de su audici\u00f3n, ya que podr\u00eda ser un s\u00edntoma que le alerte de posibles problemas auditivos. En esta p\u00e1gina podr\u00e1 ver algunas preguntas habituales, as\u00ed como sugerencias sobre c\u00f3mo comprobar su audici\u00f3n. Si tiene cualquier duda sobre su audici\u00f3n es importante que acuda a un profesional de la audici\u00f3n para que pueda ayudarle.<\/p>\n<p><strong>Los aud\u00edfonos reducen los efectos de la p\u00e9rdida de audici\u00f3n<\/strong><\/p>\n<p>Es un mito muy extendido que los aud\u00edfonos puedan recuperar totalmente la audici\u00f3n. A pesar de que los aud\u00edfonos pueden ser de gran ayuda para mejorar la p\u00e9rdida de audici\u00f3n, no pueden restaurarla por completo. Hay dos tipos de aud\u00edfonos: anal\u00f3gicos y digitales.<\/p>\n<ul>\n<li>Los aud\u00edfonos anal\u00f3gicos simplemente amplifican todos los sonidos, lo que puede provocar problemas con el ruido de fondo para el usuario, puesto que puede generarle demasiado ruido.<\/li>\n<li>Los aud\u00edfonos digitales son m\u00e1s sofisticados en la medida en que pueden ayudar a reducir las interferencias provocadas por el ruido de fondo, pero tampoco las a\u00edsla del todo.<\/li>\n<\/ul>\n<p><strong>\u00bfQu\u00e9 provoca la p\u00e9rdida de audici\u00f3n?<\/strong><\/p>\n<p>La p\u00e9rdida de audici\u00f3n puede estar provocada por diversos factores, tales como la edad, una infecci\u00f3n, la acumulaci\u00f3n de cera y enfermedades hereditarias. No existe una sola causa, pero puede trabajar para tratar de evitar la p\u00e9rdida de audici\u00f3n reduciendo la exposici\u00f3n a ruidos fuertes, eliminando la cera y cuerpos extra\u00f1os y tratando las infecciones lo antes posible.<\/p>\n<p><strong>\u00bfQu\u00e9 es un implante coclear?<\/strong><\/p>\n<p>Un implante coclear se utiliza en individuos con p\u00e9rdidas de audici\u00f3n profundas a quienes el uso de aud\u00edfonos no les beneficiar\u00eda. Este dispositivo consta de dos partes: la interna y la externa. La parte interna se implanta quir\u00fargicamente en el hueso de detr\u00e1s del o\u00eddo, con electrodos insertados en la zona de la c\u00f3clea del o\u00eddo interno. Los electrodos convierten las se\u00f1ales en impulsos el\u00e9ctricos.<\/p>\n<p>La secci\u00f3n externa consta de un micr\u00f3fono y un procesador de la voz que convierte el sonido en se\u00f1ales el\u00e9ctricas que se env\u00edan a los electrodos del o\u00eddo interno. A continuaci\u00f3n, estos estimulan el nervio auditivo enviando una se\u00f1al al cerebro, donde es percibida como sonido.<\/p>\n<p><strong>\u00bfC\u00f3mo puedo saber si he perdido audici\u00f3n?<\/strong><\/p>\n<p>Si sospecha que ha perdido algo de audici\u00f3n, deber\u00eda hacer esta <strong><a href=\"http:\/\/www.actiononhearingloss.org.uk\/your-hearing\/look-after-your-hearing\/check-your-hearing\/take-the-check.aspx\" rel=\"noopener\" target=\"_blank\">prueba en l\u00ednea<\/a><\/strong>. Aunque esta prueba puede serle \u00fatil, si tiene cualquier duda deber\u00eda consultar a una profesional de la audici\u00f3n para que le ayude.<\/p>\n","protected":false},"excerpt":{"rendered":"<p>C\u00f3mo comprobar su audici\u00f3n Es importante cuidarse el o\u00eddo y ser consciente de cualquier peque\u00f1o cambio en la calidad de su audici\u00f3n, ya que podr\u00eda ser un s\u00edntoma que le alerte de posibles problemas auditivos. En esta p\u00e1gina podr\u00e1 ver algunas preguntas habituales, as\u00ed como sugerencias sobre c\u00f3mo comprobar su audici\u00f3n. Si tiene cualquier duda [&hellip;]<\/p>\n","protected":false},"author":3,"featured_media":0,"parent":4648,"menu_order":3,"comment_status":"closed","ping_status":"closed","template":"","meta":{"_acf_changed":false,"footnotes":""},"class_list":["post-4572","page","type-page","status-publish","hentry"],"acf":[],"yoast_head":"<!-- This site is optimized with the Yoast SEO plugin v27.2 - https:\/\/yoast.com\/product\/yoast-seo-wordpress\/ -->\n<title>Compruebe su audici\u00f3n - Rayovac Hearing Aid Batteries<\/title>\n<meta name=\"robots\" content=\"index, follow, max-snippet:-1, max-image-preview:large, max-video-preview:-1\" \/>\n<link rel=\"canonical\" href=\"https:\/\/rayovac.eu\/es\/discover\/compruebe-su-audicion\/\" \/>\n<meta property=\"og:locale\" content=\"es_ES\" \/>\n<meta property=\"og:type\" content=\"article\" \/>\n<meta property=\"og:title\" content=\"Compruebe su audici\u00f3n - Rayovac Hearing Aid Batteries\" \/>\n<meta property=\"og:description\" content=\"C\u00f3mo comprobar su audici\u00f3n Es importante cuidarse el o\u00eddo y ser consciente de cualquier peque\u00f1o cambio en la calidad de su audici\u00f3n, ya que podr\u00eda ser un s\u00edntoma que le alerte de posibles problemas auditivos. En esta p\u00e1gina podr\u00e1 ver algunas preguntas habituales, as\u00ed como sugerencias sobre c\u00f3mo comprobar su audici\u00f3n. Si tiene cualquier duda [&hellip;]\" \/>\n<meta property=\"og:url\" content=\"https:\/\/rayovac.eu\/es\/discover\/compruebe-su-audicion\/\" \/>\n<meta property=\"og:site_name\" content=\"Rayovac Hearing Aid Batteries\" \/>\n<meta property=\"article:modified_time\" content=\"2021-11-25T09:32:58+00:00\" \/>\n<meta name=\"twitter:card\" content=\"summary_large_image\" \/>\n<meta name=\"twitter:label1\" content=\"Tiempo de lectura\" \/>\n\t<meta name=\"twitter:data1\" content=\"2 minutos\" \/>\n<script type=\"application\/ld+json\" class=\"yoast-schema-graph\">{\"@context\":\"https:\/\/schema.org\",\"@graph\":[{\"@type\":\"WebPage\",\"@id\":\"https:\/\/rayovac.eu\/es\/discover\/compruebe-su-audicion\/\",\"url\":\"https:\/\/rayovac.eu\/es\/discover\/compruebe-su-audicion\/\",\"name\":\"Compruebe su audici\u00f3n - Rayovac Hearing Aid Batteries\",\"isPartOf\":{\"@id\":\"https:\/\/rayovac.eu\/es\/#website\"},\"datePublished\":\"2021-10-17T10:27:27+00:00\",\"dateModified\":\"2021-11-25T09:32:58+00:00\",\"breadcrumb\":{\"@id\":\"https:\/\/rayovac.eu\/es\/discover\/compruebe-su-audicion\/#breadcrumb\"},\"inLanguage\":\"es\",\"potentialAction\":[{\"@type\":\"ReadAction\",\"target\":[\"https:\/\/rayovac.eu\/es\/discover\/compruebe-su-audicion\/\"]}]},{\"@type\":\"BreadcrumbList\",\"@id\":\"https:\/\/rayovac.eu\/es\/discover\/compruebe-su-audicion\/#breadcrumb\",\"itemListElement\":[{\"@type\":\"ListItem\",\"position\":1,\"name\":\"Home\",\"item\":\"https:\/\/rayovac.eu\/es\/\"},{\"@type\":\"ListItem\",\"position\":2,\"name\":\"Discover\",\"item\":\"https:\/\/rayovac.eu\/es\/discover\/\"},{\"@type\":\"ListItem\",\"position\":3,\"name\":\"Compruebe su audici\u00f3n\"}]},{\"@type\":\"WebSite\",\"@id\":\"https:\/\/rayovac.eu\/es\/#website\",\"url\":\"https:\/\/rayovac.eu\/es\/\",\"name\":\"Rayovac Hearing Aid Batteries\",\"description\":\"\",\"potentialAction\":[{\"@type\":\"SearchAction\",\"target\":{\"@type\":\"EntryPoint\",\"urlTemplate\":\"https:\/\/rayovac.eu\/es\/?s={search_term_string}\"},\"query-input\":{\"@type\":\"PropertyValueSpecification\",\"valueRequired\":true,\"valueName\":\"search_term_string\"}}],\"inLanguage\":\"es\"}]}<\/script>\n<!-- \/ Yoast SEO plugin. -->","yoast_head_json":{"title":"Compruebe su audici\u00f3n - Rayovac Hearing Aid Batteries","robots":{"index":"index","follow":"follow","max-snippet":"max-snippet:-1","max-image-preview":"max-image-preview:large","max-video-preview":"max-video-preview:-1"},"canonical":"https:\/\/rayovac.eu\/es\/discover\/compruebe-su-audicion\/","og_locale":"es_ES","og_type":"article","og_title":"Compruebe su audici\u00f3n - Rayovac Hearing Aid Batteries","og_description":"C\u00f3mo comprobar su audici\u00f3n Es importante cuidarse el o\u00eddo y ser consciente de cualquier peque\u00f1o cambio en la calidad de su audici\u00f3n, ya que podr\u00eda ser un s\u00edntoma que le alerte de posibles problemas auditivos. En esta p\u00e1gina podr\u00e1 ver algunas preguntas habituales, as\u00ed como sugerencias sobre c\u00f3mo comprobar su audici\u00f3n. Si tiene cualquier duda [&hellip;]","og_url":"https:\/\/rayovac.eu\/es\/discover\/compruebe-su-audicion\/","og_site_name":"Rayovac Hearing Aid Batteries","article_modified_time":"2021-11-25T09:32:58+00:00","twitter_card":"summary_large_image","twitter_misc":{"Tiempo de lectura":"2 minutos"},"schema":{"@context":"https:\/\/schema.org","@graph":[{"@type":"WebPage","@id":"https:\/\/rayovac.eu\/es\/discover\/compruebe-su-audicion\/","url":"https:\/\/rayovac.eu\/es\/discover\/compruebe-su-audicion\/","name":"Compruebe su audici\u00f3n - Rayovac Hearing Aid Batteries","isPartOf":{"@id":"https:\/\/rayovac.eu\/es\/#website"},"datePublished":"2021-10-17T10:27:27+00:00","dateModified":"2021-11-25T09:32:58+00:00","breadcrumb":{"@id":"https:\/\/rayovac.eu\/es\/discover\/compruebe-su-audicion\/#breadcrumb"},"inLanguage":"es","potentialAction":[{"@type":"ReadAction","target":["https:\/\/rayovac.eu\/es\/discover\/compruebe-su-audicion\/"]}]},{"@type":"BreadcrumbList","@id":"https:\/\/rayovac.eu\/es\/discover\/compruebe-su-audicion\/#breadcrumb","itemListElement":[{"@type":"ListItem","position":1,"name":"Home","item":"https:\/\/rayovac.eu\/es\/"},{"@type":"ListItem","position":2,"name":"Discover","item":"https:\/\/rayovac.eu\/es\/discover\/"},{"@type":"ListItem","position":3,"name":"Compruebe su audici\u00f3n"}]},{"@type":"WebSite","@id":"https:\/\/rayovac.eu\/es\/#website","url":"https:\/\/rayovac.eu\/es\/","name":"Rayovac Hearing Aid Batteries","description":"","potentialAction":[{"@type":"SearchAction","target":{"@type":"EntryPoint","urlTemplate":"https:\/\/rayovac.eu\/es\/?s={search_term_string}"},"query-input":{"@type":"PropertyValueSpecification","valueRequired":true,"valueName":"search_term_string"}}],"inLanguage":"es"}]}},"_links":{"self":[{"href":"https:\/\/rayovac.eu\/es\/wp-json\/wp\/v2\/pages\/4572","targetHints":{"allow":["GET"]}}],"collection":[{"href":"https:\/\/rayovac.eu\/es\/wp-json\/wp\/v2\/pages"}],"about":[{"href":"https:\/\/rayovac.eu\/es\/wp-json\/wp\/v2\/types\/page"}],"author":[{"embeddable":true,"href":"https:\/\/rayovac.eu\/es\/wp-json\/wp\/v2\/users\/3"}],"replies":[{"embeddable":true,"href":"https:\/\/rayovac.eu\/es\/wp-json\/wp\/v2\/comments?post=4572"}],"version-history":[{"count":2,"href":"https:\/\/rayovac.eu\/es\/wp-json\/wp\/v2\/pages\/4572\/revisions"}],"predecessor-version":[{"id":4968,"href":"https:\/\/rayovac.eu\/es\/wp-json\/wp\/v2\/pages\/4572\/revisions\/4968"}],"up":[{"embeddable":true,"href":"https:\/\/rayovac.eu\/es\/wp-json\/wp\/v2\/pages\/4648"}],"wp:attachment":[{"href":"https:\/\/rayovac.eu\/es\/wp-json\/wp\/v2\/media?parent=4572"}],"curies":[{"name":"wp","href":"https:\/\/api.w.org\/{rel}","templated":true}]}}