{"id":3950,"date":"2021-11-08T09:17:27","date_gmt":"2021-11-08T09:17:27","guid":{"rendered":"http:\/\/rayovac.eu\/privacy-policy\/"},"modified":"2021-11-25T10:02:10","modified_gmt":"2021-11-25T10:02:10","slug":"politica-de-privacidad","status":"publish","type":"page","link":"https:\/\/rayovac.eu\/es\/politica-de-privacidad\/","title":{"rendered":"Pol\u00edtica de privacidad"},"content":{"rendered":"<h1 class=\"text-center\">Pol\u00edtica de privacidad<\/h1>\n<p>&nbsp;<\/p>\n<p>&nbsp;<\/p>\n<h2 class=\"section-title\">Le damos la bienvenida a nuestros sitios web<\/h2>\n<p>Su privacidad y su confianza son importantes para nosotros. En este aviso de privacidad se explica c\u00f3mo utilizamos su informaci\u00f3n personal en nuestros sitios web, aplicaciones, incluidas las aplicaciones de dispositivos m\u00f3viles, productos, software, promociones o servicios (en conjunto denominados \u00abServicios\u00bb). Este aviso es de aplicaci\u00f3n a menos que se ofrezca un aviso de privacidad separado o adicional.<\/p>\n<p>&nbsp;<\/p>\n<h2 class=\"section-title\">INFORMACI\u00d3N DE PRIVACIDAD Y DEL USUARIO<\/h2>\n","protected":false},"excerpt":{"rendered":"<p>Pol\u00edtica de privacidad &nbsp; &nbsp; Le damos la bienvenida a nuestros sitios web Su privacidad y su confianza son importantes para nosotros. En este aviso de privacidad se explica c\u00f3mo utilizamos su informaci\u00f3n personal en nuestros sitios web, aplicaciones, incluidas las aplicaciones de dispositivos m\u00f3viles, productos, software, promociones o servicios (en conjunto denominados \u00abServicios\u00bb). Este [&hellip;]<\/p>\n","protected":false},"author":3,"featured_media":0,"parent":0,"menu_order":99,"comment_status":"closed","ping_status":"closed","template":"page-privacy.php","meta":{"_acf_changed":false,"footnotes":""},"class_list":["post-3950","page","type-page","status-publish","hentry"],"acf":[],"yoast_head":"<!-- This site is optimized with the Yoast SEO plugin v27.2 - https:\/\/yoast.com\/product\/yoast-seo-wordpress\/ -->\n<title>Pol\u00edtica de privacidad - Rayovac Hearing Aid Batteries<\/title>\n<meta name=\"robots\" content=\"index, follow, max-snippet:-1, max-image-preview:large, max-video-preview:-1\" \/>\n<link rel=\"canonical\" href=\"https:\/\/rayovac.eu\/es\/politica-de-privacidad\/\" \/>\n<meta property=\"og:locale\" content=\"es_ES\" \/>\n<meta property=\"og:type\" content=\"article\" \/>\n<meta property=\"og:title\" content=\"Pol\u00edtica de privacidad - Rayovac Hearing Aid Batteries\" \/>\n<meta property=\"og:description\" content=\"Pol\u00edtica de privacidad &nbsp; &nbsp; Le damos la bienvenida a nuestros sitios web Su privacidad y su confianza son importantes para nosotros. En este aviso de privacidad se explica c\u00f3mo utilizamos su informaci\u00f3n personal en nuestros sitios web, aplicaciones, incluidas las aplicaciones de dispositivos m\u00f3viles, productos, software, promociones o servicios (en conjunto denominados \u00abServicios\u00bb). Este [&hellip;]\" \/>\n<meta property=\"og:url\" content=\"https:\/\/rayovac.eu\/es\/politica-de-privacidad\/\" \/>\n<meta property=\"og:site_name\" content=\"Rayovac Hearing Aid Batteries\" \/>\n<meta property=\"article:modified_time\" content=\"2021-11-25T10:02:10+00:00\" \/>\n<meta name=\"twitter:card\" content=\"summary_large_image\" \/>\n<script type=\"application\/ld+json\" class=\"yoast-schema-graph\">{\"@context\":\"https:\/\/schema.org\",\"@graph\":[{\"@type\":\"WebPage\",\"@id\":\"https:\/\/rayovac.eu\/es\/politica-de-privacidad\/\",\"url\":\"https:\/\/rayovac.eu\/es\/politica-de-privacidad\/\",\"name\":\"Pol\u00edtica de privacidad - Rayovac Hearing Aid Batteries\",\"isPartOf\":{\"@id\":\"https:\/\/rayovac.eu\/es\/#website\"},\"datePublished\":\"2021-11-08T09:17:27+00:00\",\"dateModified\":\"2021-11-25T10:02:10+00:00\",\"breadcrumb\":{\"@id\":\"https:\/\/rayovac.eu\/es\/politica-de-privacidad\/#breadcrumb\"},\"inLanguage\":\"es\",\"potentialAction\":[{\"@type\":\"ReadAction\",\"target\":[\"https:\/\/rayovac.eu\/es\/politica-de-privacidad\/\"]}]},{\"@type\":\"BreadcrumbList\",\"@id\":\"https:\/\/rayovac.eu\/es\/politica-de-privacidad\/#breadcrumb\",\"itemListElement\":[{\"@type\":\"ListItem\",\"position\":1,\"name\":\"Home\",\"item\":\"https:\/\/rayovac.eu\/es\/\"},{\"@type\":\"ListItem\",\"position\":2,\"name\":\"Pol\u00edtica de privacidad\"}]},{\"@type\":\"WebSite\",\"@id\":\"https:\/\/rayovac.eu\/es\/#website\",\"url\":\"https:\/\/rayovac.eu\/es\/\",\"name\":\"Rayovac Hearing Aid Batteries\",\"description\":\"\",\"potentialAction\":[{\"@type\":\"SearchAction\",\"target\":{\"@type\":\"EntryPoint\",\"urlTemplate\":\"https:\/\/rayovac.eu\/es\/?s={search_term_string}\"},\"query-input\":{\"@type\":\"PropertyValueSpecification\",\"valueRequired\":true,\"valueName\":\"search_term_string\"}}],\"inLanguage\":\"es\"}]}<\/script>\n<!-- \/ Yoast SEO plugin. -->","yoast_head_json":{"title":"Pol\u00edtica de privacidad - Rayovac Hearing Aid Batteries","robots":{"index":"index","follow":"follow","max-snippet":"max-snippet:-1","max-image-preview":"max-image-preview:large","max-video-preview":"max-video-preview:-1"},"canonical":"https:\/\/rayovac.eu\/es\/politica-de-privacidad\/","og_locale":"es_ES","og_type":"article","og_title":"Pol\u00edtica de privacidad - Rayovac Hearing Aid Batteries","og_description":"Pol\u00edtica de privacidad &nbsp; &nbsp; Le damos la bienvenida a nuestros sitios web Su privacidad y su confianza son importantes para nosotros. En este aviso de privacidad se explica c\u00f3mo utilizamos su informaci\u00f3n personal en nuestros sitios web, aplicaciones, incluidas las aplicaciones de dispositivos m\u00f3viles, productos, software, promociones o servicios (en conjunto denominados \u00abServicios\u00bb). Este [&hellip;]","og_url":"https:\/\/rayovac.eu\/es\/politica-de-privacidad\/","og_site_name":"Rayovac Hearing Aid Batteries","article_modified_time":"2021-11-25T10:02:10+00:00","twitter_card":"summary_large_image","schema":{"@context":"https:\/\/schema.org","@graph":[{"@type":"WebPage","@id":"https:\/\/rayovac.eu\/es\/politica-de-privacidad\/","url":"https:\/\/rayovac.eu\/es\/politica-de-privacidad\/","name":"Pol\u00edtica de privacidad - Rayovac Hearing Aid Batteries","isPartOf":{"@id":"https:\/\/rayovac.eu\/es\/#website"},"datePublished":"2021-11-08T09:17:27+00:00","dateModified":"2021-11-25T10:02:10+00:00","breadcrumb":{"@id":"https:\/\/rayovac.eu\/es\/politica-de-privacidad\/#breadcrumb"},"inLanguage":"es","potentialAction":[{"@type":"ReadAction","target":["https:\/\/rayovac.eu\/es\/politica-de-privacidad\/"]}]},{"@type":"BreadcrumbList","@id":"https:\/\/rayovac.eu\/es\/politica-de-privacidad\/#breadcrumb","itemListElement":[{"@type":"ListItem","position":1,"name":"Home","item":"https:\/\/rayovac.eu\/es\/"},{"@type":"ListItem","position":2,"name":"Pol\u00edtica de privacidad"}]},{"@type":"WebSite","@id":"https:\/\/rayovac.eu\/es\/#website","url":"https:\/\/rayovac.eu\/es\/","name":"Rayovac Hearing Aid Batteries","description":"","potentialAction":[{"@type":"SearchAction","target":{"@type":"EntryPoint","urlTemplate":"https:\/\/rayovac.eu\/es\/?s={search_term_string}"},"query-input":{"@type":"PropertyValueSpecification","valueRequired":true,"valueName":"search_term_string"}}],"inLanguage":"es"}]}},"_links":{"self":[{"href":"https:\/\/rayovac.eu\/es\/wp-json\/wp\/v2\/pages\/3950","targetHints":{"allow":["GET"]}}],"collection":[{"href":"https:\/\/rayovac.eu\/es\/wp-json\/wp\/v2\/pages"}],"about":[{"href":"https:\/\/rayovac.eu\/es\/wp-json\/wp\/v2\/types\/page"}],"author":[{"embeddable":true,"href":"https:\/\/rayovac.eu\/es\/wp-json\/wp\/v2\/users\/3"}],"replies":[{"embeddable":true,"href":"https:\/\/rayovac.eu\/es\/wp-json\/wp\/v2\/comments?post=3950"}],"version-history":[{"count":3,"href":"https:\/\/rayovac.eu\/es\/wp-json\/wp\/v2\/pages\/3950\/revisions"}],"predecessor-version":[{"id":4977,"href":"https:\/\/rayovac.eu\/es\/wp-json\/wp\/v2\/pages\/3950\/revisions\/4977"}],"wp:attachment":[{"href":"https:\/\/rayovac.eu\/es\/wp-json\/wp\/v2\/media?parent=3950"}],"curies":[{"name":"wp","href":"https:\/\/api.w.org\/{rel}","templated":true}]}}