{"id":2741,"date":"2021-11-21T10:13:40","date_gmt":"2021-11-21T10:13:40","guid":{"rendered":"http:\/\/rayovac.eu\/?page_id=2741"},"modified":"2021-11-22T19:31:31","modified_gmt":"2021-11-22T19:31:31","slug":"testen-sie-ihr-hoervermoegen","status":"publish","type":"page","link":"https:\/\/rayovac.eu\/de\/entdecken\/testen-sie-ihr-hoervermoegen\/","title":{"rendered":"Testen Sie Ihr H\u00f6rverm\u00f6gen"},"content":{"rendered":"<h3>So k\u00f6nnen Sie Ihr H\u00f6rverm\u00f6gen testen<\/h3>\n<p>Es ist sehr wichtig, dass wir auf unser Geh\u00f6r achten. Bereits kleine Ver\u00e4nderungen des H\u00f6rverm\u00f6gens k\u00f6nnen ein Warnsignal f\u00fcr potenzielle H\u00f6rprobleme sein. Auf dieser Seite beantworten wir die h\u00e4ufigsten Fragen, die in Bezug auf unser H\u00f6rverm\u00f6gen gestellt werden und geben Anregungen zur \u00dcberpr\u00fcfung Ihres H\u00f6rverm\u00f6gens. Sollten Sie H\u00f6rprobleme haben, dann suchen Sie bitte auf jeden Fall einen H\u00f6rakustiker auf.<\/p>\n<p><strong>K\u00f6nnen H\u00f6rger\u00e4te das H\u00f6rverm\u00f6gen wieder komplett herstellen?<\/strong><\/p>\n<p>Diese f\u00e4lschliche Annahme ist weit verbreitet. Zwar k\u00f6nnen H\u00f6rger\u00e4te sehr wohl Ihr H\u00f6rverm\u00f6gen unterst\u00fctzen, einen erlittenen Geh\u00f6rverlust allerdings nicht komplett ausgleichen. Es gibt zwei Arten von H\u00f6rger\u00e4ten \u2013 analoge und digitale.<\/p>\n<ul>\n<li>Analoge H\u00f6rger\u00e4te verst\u00e4rken alle Ger\u00e4usche um uns herum, was bei Hintergrundger\u00e4uschen problematisch sein kann, da auch diese verst\u00e4rkt und eventuell zu laut werden.<\/li>\n<li>Digitale H\u00f6rger\u00e4te sind weiter entwickelt. Sie k\u00f6nnen St\u00f6rungen durch Hintergrundger\u00e4usche reduzieren, blenden Sie aber nicht v\u00f6llig aus.<\/li>\n<\/ul>\n<p><strong>Was sind die Ursachen f\u00fcr Geh\u00f6rverlust?<\/strong><\/p>\n<p>Sch\u00e4digungen des Geh\u00f6rs k\u00f6nnen aus vielen Gr\u00fcnden auftreten. Das Alter, eine Infektion, angesammeltes Cerumen und Erbkrankheiten k\u00f6nnen eine Rolle spielen. Einen einzigen bestimmten Grund gibt es nicht. Sie k\u00f6nnen allerdings einiges f\u00fcr Ihr Geh\u00f6r tun. Setzen Sie sich keinen zu lauten Ger\u00e4uschen aus, entfernen Sie Cerumen und eventuelle Fremdk\u00f6rper und lassen Sie Infektionen gegebenenfalls schnellstm\u00f6glich behandeln.<\/p>\n<p><strong>Was ist ein Cochlea-Implantat?<\/strong><\/p>\n<p>Ein Cochlea-Implantat wird bei Menschen mit starkem Geh\u00f6rverlust eingesetzt, bei denen normale H\u00f6rger\u00e4te unwirksam. Das Implantat besteht aus zwei Teilen, einem internen und einem externen Teil. Der interne Teil wird chirurgisch in den Knochen hinter dem Ohr eingesetzt und mittels Elektroden mit der Geh\u00f6rschnecke des Innenohrs verbunden. Die Elektroden wandeln die Signale in elektrische Impulse um.<br \/>\nDer externe Teil besteht aus einem Mikrofon und einem Sprachprozessor, die Ger\u00e4usche in ein elektrisches Signal umwandeln und an die Elektroden im Innenohr senden, die dann den H\u00f6rnerv stimulieren. Es folgt ein Signal an das Gehirn, wo der Impuls als Ger\u00e4usch wahrgenommen wird.<\/p>\n<p><strong>Wie stelle ich fest, ob ich unter Geh\u00f6rverlust leide?<\/strong><\/p>\n<p>Wenn Sie vermuten, dass Ihr Geh\u00f6r beeintr\u00e4chtigt sein k\u00f6nnte, steht Ihnen dieser Online-Test zur Verf\u00fcgung. Eine differenzierte Untersuchung f\u00fchrt Ihr H\u00f6rakustiker oder Ohrenarzt durch.<\/p>\n","protected":false},"excerpt":{"rendered":"<p>So k\u00f6nnen Sie Ihr H\u00f6rverm\u00f6gen testen Es ist sehr wichtig, dass wir auf unser Geh\u00f6r achten. Bereits kleine Ver\u00e4nderungen des H\u00f6rverm\u00f6gens k\u00f6nnen ein Warnsignal f\u00fcr potenzielle H\u00f6rprobleme sein. Auf dieser Seite beantworten wir die h\u00e4ufigsten Fragen, die in Bezug auf unser H\u00f6rverm\u00f6gen gestellt werden und geben Anregungen zur \u00dcberpr\u00fcfung Ihres H\u00f6rverm\u00f6gens. Sollten Sie H\u00f6rprobleme haben, [&hellip;]<\/p>\n","protected":false},"author":3,"featured_media":0,"parent":2735,"menu_order":3,"comment_status":"closed","ping_status":"closed","template":"","meta":{"_acf_changed":false,"footnotes":""},"class_list":["post-2741","page","type-page","status-publish","hentry"],"acf":[],"yoast_head":"<!-- This site is optimized with the Yoast SEO plugin v27.2 - https:\/\/yoast.com\/product\/yoast-seo-wordpress\/ -->\n<title>Testen Sie Ihr H\u00f6rverm\u00f6gen - Rayovac Hearing Aid Batteries<\/title>\n<meta name=\"robots\" content=\"index, follow, max-snippet:-1, max-image-preview:large, max-video-preview:-1\" \/>\n<link rel=\"canonical\" href=\"https:\/\/rayovac.eu\/de\/entdecken\/testen-sie-ihr-hoervermoegen\/\" \/>\n<meta property=\"og:locale\" content=\"de_DE\" \/>\n<meta property=\"og:type\" content=\"article\" \/>\n<meta property=\"og:title\" content=\"Testen Sie Ihr H\u00f6rverm\u00f6gen - Rayovac Hearing Aid Batteries\" \/>\n<meta property=\"og:description\" content=\"So k\u00f6nnen Sie Ihr H\u00f6rverm\u00f6gen testen Es ist sehr wichtig, dass wir auf unser Geh\u00f6r achten. Bereits kleine Ver\u00e4nderungen des H\u00f6rverm\u00f6gens k\u00f6nnen ein Warnsignal f\u00fcr potenzielle H\u00f6rprobleme sein. Auf dieser Seite beantworten wir die h\u00e4ufigsten Fragen, die in Bezug auf unser H\u00f6rverm\u00f6gen gestellt werden und geben Anregungen zur \u00dcberpr\u00fcfung Ihres H\u00f6rverm\u00f6gens. Sollten Sie H\u00f6rprobleme haben, [&hellip;]\" \/>\n<meta property=\"og:url\" content=\"https:\/\/rayovac.eu\/de\/entdecken\/testen-sie-ihr-hoervermoegen\/\" \/>\n<meta property=\"og:site_name\" content=\"Rayovac Hearing Aid Batteries\" \/>\n<meta property=\"article:modified_time\" content=\"2021-11-22T19:31:31+00:00\" \/>\n<meta name=\"twitter:card\" content=\"summary_large_image\" \/>\n<meta name=\"twitter:label1\" content=\"Gesch\u00e4tzte Lesezeit\" \/>\n\t<meta name=\"twitter:data1\" content=\"2\u00a0Minuten\" \/>\n<script type=\"application\/ld+json\" class=\"yoast-schema-graph\">{\"@context\":\"https:\/\/schema.org\",\"@graph\":[{\"@type\":\"WebPage\",\"@id\":\"https:\/\/rayovac.eu\/de\/entdecken\/testen-sie-ihr-hoervermoegen\/\",\"url\":\"https:\/\/rayovac.eu\/de\/entdecken\/testen-sie-ihr-hoervermoegen\/\",\"name\":\"Testen Sie Ihr H\u00f6rverm\u00f6gen - Rayovac Hearing Aid Batteries\",\"isPartOf\":{\"@id\":\"https:\/\/rayovac.eu\/de\/#website\"},\"datePublished\":\"2021-11-21T10:13:40+00:00\",\"dateModified\":\"2021-11-22T19:31:31+00:00\",\"breadcrumb\":{\"@id\":\"https:\/\/rayovac.eu\/de\/entdecken\/testen-sie-ihr-hoervermoegen\/#breadcrumb\"},\"inLanguage\":\"de\",\"potentialAction\":[{\"@type\":\"ReadAction\",\"target\":[\"https:\/\/rayovac.eu\/de\/entdecken\/testen-sie-ihr-hoervermoegen\/\"]}]},{\"@type\":\"BreadcrumbList\",\"@id\":\"https:\/\/rayovac.eu\/de\/entdecken\/testen-sie-ihr-hoervermoegen\/#breadcrumb\",\"itemListElement\":[{\"@type\":\"ListItem\",\"position\":1,\"name\":\"Home\",\"item\":\"https:\/\/rayovac.eu\/de\/\"},{\"@type\":\"ListItem\",\"position\":2,\"name\":\"Entdecken\",\"item\":\"https:\/\/rayovac.eu\/de\/entdecken\/\"},{\"@type\":\"ListItem\",\"position\":3,\"name\":\"Testen Sie Ihr H\u00f6rverm\u00f6gen\"}]},{\"@type\":\"WebSite\",\"@id\":\"https:\/\/rayovac.eu\/de\/#website\",\"url\":\"https:\/\/rayovac.eu\/de\/\",\"name\":\"Rayovac Hearing Aid Batteries\",\"description\":\"\",\"potentialAction\":[{\"@type\":\"SearchAction\",\"target\":{\"@type\":\"EntryPoint\",\"urlTemplate\":\"https:\/\/rayovac.eu\/de\/?s={search_term_string}\"},\"query-input\":{\"@type\":\"PropertyValueSpecification\",\"valueRequired\":true,\"valueName\":\"search_term_string\"}}],\"inLanguage\":\"de\"}]}<\/script>\n<!-- \/ Yoast SEO plugin. -->","yoast_head_json":{"title":"Testen Sie Ihr H\u00f6rverm\u00f6gen - Rayovac Hearing Aid Batteries","robots":{"index":"index","follow":"follow","max-snippet":"max-snippet:-1","max-image-preview":"max-image-preview:large","max-video-preview":"max-video-preview:-1"},"canonical":"https:\/\/rayovac.eu\/de\/entdecken\/testen-sie-ihr-hoervermoegen\/","og_locale":"de_DE","og_type":"article","og_title":"Testen Sie Ihr H\u00f6rverm\u00f6gen - Rayovac Hearing Aid Batteries","og_description":"So k\u00f6nnen Sie Ihr H\u00f6rverm\u00f6gen testen Es ist sehr wichtig, dass wir auf unser Geh\u00f6r achten. Bereits kleine Ver\u00e4nderungen des H\u00f6rverm\u00f6gens k\u00f6nnen ein Warnsignal f\u00fcr potenzielle H\u00f6rprobleme sein. Auf dieser Seite beantworten wir die h\u00e4ufigsten Fragen, die in Bezug auf unser H\u00f6rverm\u00f6gen gestellt werden und geben Anregungen zur \u00dcberpr\u00fcfung Ihres H\u00f6rverm\u00f6gens. Sollten Sie H\u00f6rprobleme haben, [&hellip;]","og_url":"https:\/\/rayovac.eu\/de\/entdecken\/testen-sie-ihr-hoervermoegen\/","og_site_name":"Rayovac Hearing Aid Batteries","article_modified_time":"2021-11-22T19:31:31+00:00","twitter_card":"summary_large_image","twitter_misc":{"Gesch\u00e4tzte Lesezeit":"2\u00a0Minuten"},"schema":{"@context":"https:\/\/schema.org","@graph":[{"@type":"WebPage","@id":"https:\/\/rayovac.eu\/de\/entdecken\/testen-sie-ihr-hoervermoegen\/","url":"https:\/\/rayovac.eu\/de\/entdecken\/testen-sie-ihr-hoervermoegen\/","name":"Testen Sie Ihr H\u00f6rverm\u00f6gen - Rayovac Hearing Aid Batteries","isPartOf":{"@id":"https:\/\/rayovac.eu\/de\/#website"},"datePublished":"2021-11-21T10:13:40+00:00","dateModified":"2021-11-22T19:31:31+00:00","breadcrumb":{"@id":"https:\/\/rayovac.eu\/de\/entdecken\/testen-sie-ihr-hoervermoegen\/#breadcrumb"},"inLanguage":"de","potentialAction":[{"@type":"ReadAction","target":["https:\/\/rayovac.eu\/de\/entdecken\/testen-sie-ihr-hoervermoegen\/"]}]},{"@type":"BreadcrumbList","@id":"https:\/\/rayovac.eu\/de\/entdecken\/testen-sie-ihr-hoervermoegen\/#breadcrumb","itemListElement":[{"@type":"ListItem","position":1,"name":"Home","item":"https:\/\/rayovac.eu\/de\/"},{"@type":"ListItem","position":2,"name":"Entdecken","item":"https:\/\/rayovac.eu\/de\/entdecken\/"},{"@type":"ListItem","position":3,"name":"Testen Sie Ihr H\u00f6rverm\u00f6gen"}]},{"@type":"WebSite","@id":"https:\/\/rayovac.eu\/de\/#website","url":"https:\/\/rayovac.eu\/de\/","name":"Rayovac Hearing Aid Batteries","description":"","potentialAction":[{"@type":"SearchAction","target":{"@type":"EntryPoint","urlTemplate":"https:\/\/rayovac.eu\/de\/?s={search_term_string}"},"query-input":{"@type":"PropertyValueSpecification","valueRequired":true,"valueName":"search_term_string"}}],"inLanguage":"de"}]}},"_links":{"self":[{"href":"https:\/\/rayovac.eu\/de\/wp-json\/wp\/v2\/pages\/2741","targetHints":{"allow":["GET"]}}],"collection":[{"href":"https:\/\/rayovac.eu\/de\/wp-json\/wp\/v2\/pages"}],"about":[{"href":"https:\/\/rayovac.eu\/de\/wp-json\/wp\/v2\/types\/page"}],"author":[{"embeddable":true,"href":"https:\/\/rayovac.eu\/de\/wp-json\/wp\/v2\/users\/3"}],"replies":[{"embeddable":true,"href":"https:\/\/rayovac.eu\/de\/wp-json\/wp\/v2\/comments?post=2741"}],"version-history":[{"count":3,"href":"https:\/\/rayovac.eu\/de\/wp-json\/wp\/v2\/pages\/2741\/revisions"}],"predecessor-version":[{"id":2889,"href":"https:\/\/rayovac.eu\/de\/wp-json\/wp\/v2\/pages\/2741\/revisions\/2889"}],"up":[{"embeddable":true,"href":"https:\/\/rayovac.eu\/de\/wp-json\/wp\/v2\/pages\/2735"}],"wp:attachment":[{"href":"https:\/\/rayovac.eu\/de\/wp-json\/wp\/v2\/media?parent=2741"}],"curies":[{"name":"wp","href":"https:\/\/api.w.org\/{rel}","templated":true}]}}