{"id":2733,"date":"2021-11-21T10:11:57","date_gmt":"2021-11-21T10:11:57","guid":{"rendered":"http:\/\/rayovac.eu\/?page_id=2733"},"modified":"2021-11-22T19:22:44","modified_gmt":"2021-11-22T19:22:44","slug":"einfache-verpackung","status":"publish","type":"page","link":"https:\/\/rayovac.eu\/de\/innovation\/einfache-verpackung\/","title":{"rendered":"Einfache Verpackung"},"content":{"rendered":"<div id=\"easy-packaging\">\n<h3>Nutzerfreundliche Verpackung auch f\u00fcr unterwegs<\/h3>\n<p>Die auf Ihren Bedarf ausgerichtete Verpackung der H\u00f6rger\u00e4tebatterien von Rayovac ist nutzerfreundlich, sicher und praktisch f\u00fcr unterwegs. Unsere Verpackungen zeichnen sich aus durch:<\/p>\n<div class=\"spacer\"><\/div>\n<h3>Drehscheibe<\/h3>\n<p>Drehscheibe mit erh\u00f6hten Zellen f\u00fcr ein leichteres Ergreifen und Drehen der Scheibe<\/p>\n<p><img decoding=\"async\" src=\"http:\/\/rayovac.eu\/wp-content\/uploads\/2021\/11\/raised-dialhardedge.png\" alt=\"\" width=\"2100\" height=\"518\" class=\"aligncenter size-full wp-image-1916\" srcset=\"https:\/\/rayovac.eu\/wp-content\/uploads\/2021\/11\/raised-dialhardedge.png 2100w, https:\/\/rayovac.eu\/wp-content\/uploads\/2021\/11\/raised-dialhardedge-300x74.png 300w, https:\/\/rayovac.eu\/wp-content\/uploads\/2021\/11\/raised-dialhardedge-1024x253.png 1024w, https:\/\/rayovac.eu\/wp-content\/uploads\/2021\/11\/raised-dialhardedge-768x189.png 768w, https:\/\/rayovac.eu\/wp-content\/uploads\/2021\/11\/raised-dialhardedge-1536x379.png 1536w, https:\/\/rayovac.eu\/wp-content\/uploads\/2021\/11\/raised-dialhardedge-2048x505.png 2048w\" sizes=\"(max-width: 2100px) 100vw, 2100px\" \/><\/p>\n<div class=\"spacer\"><\/div>\n<h3>Kunststoff\u00f6ffnung auf der R\u00fcckseite<\/h3>\n<p>Kunststoff\u00f6ffnung auf der R\u00fcckseite zum Schutz Ihrer Batterien und f\u00fcr eine sichere Fixierung<\/p>\n<div class=\"spacer\"><\/div>\n<p><img decoding=\"async\" src=\"http:\/\/rayovac.eu\/wp-content\/uploads\/2021\/11\/plastic-door.png\" alt=\"\" width=\"500\" height=\"500\" class=\"aligncenter size-full wp-image-1917\" srcset=\"https:\/\/rayovac.eu\/wp-content\/uploads\/2021\/11\/plastic-door.png 500w, https:\/\/rayovac.eu\/wp-content\/uploads\/2021\/11\/plastic-door-300x300.png 300w, https:\/\/rayovac.eu\/wp-content\/uploads\/2021\/11\/plastic-door-150x150.png 150w\" sizes=\"(max-width: 500px) 100vw, 500px\" \/><\/p>\n<div class=\"spacer\"><\/div>\n<h3>Perforierter Karton<\/h3>\n<p>Perforierter Karton, der das Trennen der unteren Batteriedrehscheibe erleichtert \u2013 f\u00fcr den diskreten und einfachen Transport von Ersatzbatterien<\/p>\n<p><img decoding=\"async\" src=\"http:\/\/rayovac.eu\/wp-content\/uploads\/2021\/11\/white-perf.png\" alt=\"\" width=\"850\" height=\"250\" class=\"aligncenter size-full wp-image-1918\" srcset=\"https:\/\/rayovac.eu\/wp-content\/uploads\/2021\/11\/white-perf.png 850w, https:\/\/rayovac.eu\/wp-content\/uploads\/2021\/11\/white-perf-300x88.png 300w, https:\/\/rayovac.eu\/wp-content\/uploads\/2021\/11\/white-perf-768x226.png 768w\" sizes=\"(max-width: 850px) 100vw, 850px\" \/><\/p>\n<div class=\"spacer\"><\/div>\n<h3 class=\"page-title-lrg centered\">ERGONOMISCH GESTALTET<\/h3>\n<p>Die l\u00e4ngeren und breiteren Schutzstreifen machen das Einlegen der H\u00f6rger\u00e4tebatterie so einfach wie nie zuvor.<\/p>\n<\/div>\n","protected":false},"excerpt":{"rendered":"<p>Nutzerfreundliche Verpackung auch f\u00fcr unterwegs Die auf Ihren Bedarf ausgerichtete Verpackung der H\u00f6rger\u00e4tebatterien von Rayovac ist nutzerfreundlich, sicher und praktisch f\u00fcr unterwegs. Unsere Verpackungen zeichnen sich aus durch: Drehscheibe Drehscheibe mit erh\u00f6hten Zellen f\u00fcr ein leichteres Ergreifen und Drehen der Scheibe Kunststoff\u00f6ffnung auf der R\u00fcckseite Kunststoff\u00f6ffnung auf der R\u00fcckseite zum Schutz Ihrer Batterien und f\u00fcr [&hellip;]<\/p>\n","protected":false},"author":3,"featured_media":0,"parent":2723,"menu_order":5,"comment_status":"closed","ping_status":"closed","template":"","meta":{"_acf_changed":false,"footnotes":""},"class_list":["post-2733","page","type-page","status-publish","hentry"],"acf":[],"yoast_head":"<!-- This site is optimized with the Yoast SEO plugin v27.2 - https:\/\/yoast.com\/product\/yoast-seo-wordpress\/ -->\n<title>Einfache Verpackung - Rayovac Hearing Aid Batteries<\/title>\n<meta name=\"robots\" content=\"index, follow, max-snippet:-1, max-image-preview:large, max-video-preview:-1\" \/>\n<link rel=\"canonical\" href=\"https:\/\/rayovac.eu\/de\/innovation\/einfache-verpackung\/\" \/>\n<meta property=\"og:locale\" content=\"de_DE\" \/>\n<meta property=\"og:type\" content=\"article\" \/>\n<meta property=\"og:title\" content=\"Einfache Verpackung - Rayovac Hearing Aid Batteries\" \/>\n<meta property=\"og:description\" content=\"Nutzerfreundliche Verpackung auch f\u00fcr unterwegs Die auf Ihren Bedarf ausgerichtete Verpackung der H\u00f6rger\u00e4tebatterien von Rayovac ist nutzerfreundlich, sicher und praktisch f\u00fcr unterwegs. Unsere Verpackungen zeichnen sich aus durch: Drehscheibe Drehscheibe mit erh\u00f6hten Zellen f\u00fcr ein leichteres Ergreifen und Drehen der Scheibe Kunststoff\u00f6ffnung auf der R\u00fcckseite Kunststoff\u00f6ffnung auf der R\u00fcckseite zum Schutz Ihrer Batterien und f\u00fcr [&hellip;]\" \/>\n<meta property=\"og:url\" content=\"https:\/\/rayovac.eu\/de\/innovation\/einfache-verpackung\/\" \/>\n<meta property=\"og:site_name\" content=\"Rayovac Hearing Aid Batteries\" \/>\n<meta property=\"article:modified_time\" content=\"2021-11-22T19:22:44+00:00\" \/>\n<meta property=\"og:image\" content=\"http:\/\/rayovac.eu\/wp-content\/uploads\/2021\/11\/raised-dialhardedge.png\" \/>\n<meta name=\"twitter:card\" content=\"summary_large_image\" \/>\n<meta name=\"twitter:label1\" content=\"Gesch\u00e4tzte Lesezeit\" \/>\n\t<meta name=\"twitter:data1\" content=\"1\u00a0Minute\" \/>\n<script type=\"application\/ld+json\" class=\"yoast-schema-graph\">{\"@context\":\"https:\/\/schema.org\",\"@graph\":[{\"@type\":\"WebPage\",\"@id\":\"https:\/\/rayovac.eu\/de\/innovation\/einfache-verpackung\/\",\"url\":\"https:\/\/rayovac.eu\/de\/innovation\/einfache-verpackung\/\",\"name\":\"Einfache Verpackung - Rayovac Hearing Aid Batteries\",\"isPartOf\":{\"@id\":\"https:\/\/rayovac.eu\/de\/#website\"},\"primaryImageOfPage\":{\"@id\":\"https:\/\/rayovac.eu\/de\/innovation\/einfache-verpackung\/#primaryimage\"},\"image\":{\"@id\":\"https:\/\/rayovac.eu\/de\/innovation\/einfache-verpackung\/#primaryimage\"},\"thumbnailUrl\":\"http:\/\/rayovac.eu\/wp-content\/uploads\/2021\/11\/raised-dialhardedge.png\",\"datePublished\":\"2021-11-21T10:11:57+00:00\",\"dateModified\":\"2021-11-22T19:22:44+00:00\",\"breadcrumb\":{\"@id\":\"https:\/\/rayovac.eu\/de\/innovation\/einfache-verpackung\/#breadcrumb\"},\"inLanguage\":\"de\",\"potentialAction\":[{\"@type\":\"ReadAction\",\"target\":[\"https:\/\/rayovac.eu\/de\/innovation\/einfache-verpackung\/\"]}]},{\"@type\":\"ImageObject\",\"inLanguage\":\"de\",\"@id\":\"https:\/\/rayovac.eu\/de\/innovation\/einfache-verpackung\/#primaryimage\",\"url\":\"http:\/\/rayovac.eu\/wp-content\/uploads\/2021\/11\/raised-dialhardedge.png\",\"contentUrl\":\"http:\/\/rayovac.eu\/wp-content\/uploads\/2021\/11\/raised-dialhardedge.png\"},{\"@type\":\"BreadcrumbList\",\"@id\":\"https:\/\/rayovac.eu\/de\/innovation\/einfache-verpackung\/#breadcrumb\",\"itemListElement\":[{\"@type\":\"ListItem\",\"position\":1,\"name\":\"Home\",\"item\":\"https:\/\/rayovac.eu\/de\/\"},{\"@type\":\"ListItem\",\"position\":2,\"name\":\"Innovation\",\"item\":\"https:\/\/rayovac.eu\/de\/innovation\/\"},{\"@type\":\"ListItem\",\"position\":3,\"name\":\"Einfache Verpackung\"}]},{\"@type\":\"WebSite\",\"@id\":\"https:\/\/rayovac.eu\/de\/#website\",\"url\":\"https:\/\/rayovac.eu\/de\/\",\"name\":\"Rayovac Hearing Aid Batteries\",\"description\":\"\",\"potentialAction\":[{\"@type\":\"SearchAction\",\"target\":{\"@type\":\"EntryPoint\",\"urlTemplate\":\"https:\/\/rayovac.eu\/de\/?s={search_term_string}\"},\"query-input\":{\"@type\":\"PropertyValueSpecification\",\"valueRequired\":true,\"valueName\":\"search_term_string\"}}],\"inLanguage\":\"de\"}]}<\/script>\n<!-- \/ Yoast SEO plugin. -->","yoast_head_json":{"title":"Einfache Verpackung - Rayovac Hearing Aid Batteries","robots":{"index":"index","follow":"follow","max-snippet":"max-snippet:-1","max-image-preview":"max-image-preview:large","max-video-preview":"max-video-preview:-1"},"canonical":"https:\/\/rayovac.eu\/de\/innovation\/einfache-verpackung\/","og_locale":"de_DE","og_type":"article","og_title":"Einfache Verpackung - Rayovac Hearing Aid Batteries","og_description":"Nutzerfreundliche Verpackung auch f\u00fcr unterwegs Die auf Ihren Bedarf ausgerichtete Verpackung der H\u00f6rger\u00e4tebatterien von Rayovac ist nutzerfreundlich, sicher und praktisch f\u00fcr unterwegs. Unsere Verpackungen zeichnen sich aus durch: Drehscheibe Drehscheibe mit erh\u00f6hten Zellen f\u00fcr ein leichteres Ergreifen und Drehen der Scheibe Kunststoff\u00f6ffnung auf der R\u00fcckseite Kunststoff\u00f6ffnung auf der R\u00fcckseite zum Schutz Ihrer Batterien und f\u00fcr [&hellip;]","og_url":"https:\/\/rayovac.eu\/de\/innovation\/einfache-verpackung\/","og_site_name":"Rayovac Hearing Aid Batteries","article_modified_time":"2021-11-22T19:22:44+00:00","og_image":[{"url":"http:\/\/rayovac.eu\/wp-content\/uploads\/2021\/11\/raised-dialhardedge.png","type":"","width":"","height":""}],"twitter_card":"summary_large_image","twitter_misc":{"Gesch\u00e4tzte Lesezeit":"1\u00a0Minute"},"schema":{"@context":"https:\/\/schema.org","@graph":[{"@type":"WebPage","@id":"https:\/\/rayovac.eu\/de\/innovation\/einfache-verpackung\/","url":"https:\/\/rayovac.eu\/de\/innovation\/einfache-verpackung\/","name":"Einfache Verpackung - Rayovac Hearing Aid Batteries","isPartOf":{"@id":"https:\/\/rayovac.eu\/de\/#website"},"primaryImageOfPage":{"@id":"https:\/\/rayovac.eu\/de\/innovation\/einfache-verpackung\/#primaryimage"},"image":{"@id":"https:\/\/rayovac.eu\/de\/innovation\/einfache-verpackung\/#primaryimage"},"thumbnailUrl":"http:\/\/rayovac.eu\/wp-content\/uploads\/2021\/11\/raised-dialhardedge.png","datePublished":"2021-11-21T10:11:57+00:00","dateModified":"2021-11-22T19:22:44+00:00","breadcrumb":{"@id":"https:\/\/rayovac.eu\/de\/innovation\/einfache-verpackung\/#breadcrumb"},"inLanguage":"de","potentialAction":[{"@type":"ReadAction","target":["https:\/\/rayovac.eu\/de\/innovation\/einfache-verpackung\/"]}]},{"@type":"ImageObject","inLanguage":"de","@id":"https:\/\/rayovac.eu\/de\/innovation\/einfache-verpackung\/#primaryimage","url":"http:\/\/rayovac.eu\/wp-content\/uploads\/2021\/11\/raised-dialhardedge.png","contentUrl":"http:\/\/rayovac.eu\/wp-content\/uploads\/2021\/11\/raised-dialhardedge.png"},{"@type":"BreadcrumbList","@id":"https:\/\/rayovac.eu\/de\/innovation\/einfache-verpackung\/#breadcrumb","itemListElement":[{"@type":"ListItem","position":1,"name":"Home","item":"https:\/\/rayovac.eu\/de\/"},{"@type":"ListItem","position":2,"name":"Innovation","item":"https:\/\/rayovac.eu\/de\/innovation\/"},{"@type":"ListItem","position":3,"name":"Einfache Verpackung"}]},{"@type":"WebSite","@id":"https:\/\/rayovac.eu\/de\/#website","url":"https:\/\/rayovac.eu\/de\/","name":"Rayovac Hearing Aid Batteries","description":"","potentialAction":[{"@type":"SearchAction","target":{"@type":"EntryPoint","urlTemplate":"https:\/\/rayovac.eu\/de\/?s={search_term_string}"},"query-input":{"@type":"PropertyValueSpecification","valueRequired":true,"valueName":"search_term_string"}}],"inLanguage":"de"}]}},"_links":{"self":[{"href":"https:\/\/rayovac.eu\/de\/wp-json\/wp\/v2\/pages\/2733","targetHints":{"allow":["GET"]}}],"collection":[{"href":"https:\/\/rayovac.eu\/de\/wp-json\/wp\/v2\/pages"}],"about":[{"href":"https:\/\/rayovac.eu\/de\/wp-json\/wp\/v2\/types\/page"}],"author":[{"embeddable":true,"href":"https:\/\/rayovac.eu\/de\/wp-json\/wp\/v2\/users\/3"}],"replies":[{"embeddable":true,"href":"https:\/\/rayovac.eu\/de\/wp-json\/wp\/v2\/comments?post=2733"}],"version-history":[{"count":3,"href":"https:\/\/rayovac.eu\/de\/wp-json\/wp\/v2\/pages\/2733\/revisions"}],"predecessor-version":[{"id":2883,"href":"https:\/\/rayovac.eu\/de\/wp-json\/wp\/v2\/pages\/2733\/revisions\/2883"}],"up":[{"embeddable":true,"href":"https:\/\/rayovac.eu\/de\/wp-json\/wp\/v2\/pages\/2723"}],"wp:attachment":[{"href":"https:\/\/rayovac.eu\/de\/wp-json\/wp\/v2\/media?parent=2733"}],"curies":[{"name":"wp","href":"https:\/\/api.w.org\/{rel}","templated":true}]}}