{"id":2729,"date":"2021-11-21T10:11:09","date_gmt":"2021-11-21T10:11:09","guid":{"rendered":"http:\/\/rayovac.eu\/?page_id=2729"},"modified":"2021-11-22T19:18:05","modified_gmt":"2021-11-22T19:18:05","slug":"quecksilberfrei","status":"publish","type":"page","link":"https:\/\/rayovac.eu\/de\/innovation\/quecksilberfrei\/","title":{"rendered":"Quecksilberfrei"},"content":{"rendered":"<h3>Fortschritt ohne Auswirkung<\/h3>\n<p>Der Bedarf an umweltfreundlicher Technik ist heute gr\u00f6\u00dfer denn je. Die Notwendigkeit zur Verringerung von CO2-Emissionen und zum Schutz des Planeten ist allgegenw\u00e4rtig und Hersteller m\u00fcssen hierbei eine F\u00fchrungsrolle \u00fcbernehmen.<\/p>\n<p>Aus diesem Grund hat Rayovac Millionen investiert und viele Jahre der Forschung und Entwicklung unseren quecksilberfreien Batterien gewidmet. So ist eine umweltfreundliche Batterie entstanden, die den Leistungsanforderungen modernster H\u00f6rger\u00e4te gerecht wird. Unsere neuesten quecksilberfreien H\u00f6rger\u00e4tebatterien bleiben l\u00e4nger funktionsf\u00e4hig und bieten eine gleichbleibend hohe Qualit\u00e4t und Zuverl\u00e4ssigkeit, sodass der Kunde rundherum sehr gute Erfahrungen erlebt.<\/p>\n<h3>Gesetzgebung<\/h3>\n<p>Quecksilber wurde im Jahr 1996 in Alkali-Batterien verboten, jedoch wurden bestimmte Knopfzellen, wie etwa H\u00f6rger\u00e4te- und Uhrenbatterien, von diesem Verbot ausgenommen, da eine Alternative zu Quecksilber damals nicht verf\u00fcgbar war. Die meisten H\u00f6rger\u00e4tebatterien enthalten eine sehr kleine Menge Quecksilber, um die Batterie zu stabilisieren.<\/p>\n<p>Im Anschluss an eine detaillierte Machbarkeitsstudie k\u00fcndigte die Europ\u00e4ische Kommission in einer \u00c4nderung der Batterie-Richtlinie 2006\/66\/EG im Oktober 2014 an, dass ab dem 2. Oktober 2015 alle Knopfzellen frei von Quecksilber sein m\u00fcssen. Damit wurde der Verkauf quecksilberhaltiger Knopfzellen nach diesem Datum europaweit verboten.<\/p>\n<h3>Auszeichnungen<\/h3>\n<p><img decoding=\"async\" src=\"http:\/\/rayovac.eu\/wp-content\/uploads\/2021\/11\/qae-logo.jpeg\" alt=\"\" width=\"300\" height=\"285\" class=\"aligncenter size-full wp-image-1912\" \/><\/p>\n<p>Unser Erfolg bei der Entwicklung quecksilberfreier Batterien wurde mit einer Reihe von Auszeichnungen gew\u00fcrdigt. In Gro\u00dfbritannien erhielten wir 2011 den renommierten Queens Award for Enterprise Innovation. In den USA erhielt unser quecksilberfreies Sortiment zwei Auszeichnungen bei den International Business Awards, den \u201eStevies\u201c. Durch die Beseitigung von Quecksilber aus allen H\u00f6rger\u00e4tebatterien k\u00f6nnte die Umwelt um 6.500 kg Quecksilber pro Jahr entlastet werden. Dies entspricht dem Gewicht von 15.000 Fu\u00dfb\u00e4llen. Die Vorteile sind beachtlich, die Einsparung an Quecksilber enorm.<\/p>\n<p>Rayovac ist Teilnehmer am UNEP (United Nations Environment Programme) und Mitglied von Global Mercury Partnership. Dieses freiwillige Organ wurde mit dem Ziel ins Leben gerufen, den Einsatz von Quecksilber und anderen Schwermetallen in Waren des t\u00e4glichen Bedarfs zu verringern.<\/p>\n","protected":false},"excerpt":{"rendered":"<p>Fortschritt ohne Auswirkung Der Bedarf an umweltfreundlicher Technik ist heute gr\u00f6\u00dfer denn je. Die Notwendigkeit zur Verringerung von CO2-Emissionen und zum Schutz des Planeten ist allgegenw\u00e4rtig und Hersteller m\u00fcssen hierbei eine F\u00fchrungsrolle \u00fcbernehmen. Aus diesem Grund hat Rayovac Millionen investiert und viele Jahre der Forschung und Entwicklung unseren quecksilberfreien Batterien gewidmet. So ist eine umweltfreundliche [&hellip;]<\/p>\n","protected":false},"author":3,"featured_media":0,"parent":2723,"menu_order":3,"comment_status":"closed","ping_status":"closed","template":"","meta":{"_acf_changed":false,"footnotes":""},"class_list":["post-2729","page","type-page","status-publish","hentry"],"acf":[],"yoast_head":"<!-- This site is optimized with the Yoast SEO plugin v27.2 - https:\/\/yoast.com\/product\/yoast-seo-wordpress\/ -->\n<title>Quecksilberfrei - Rayovac Hearing Aid Batteries<\/title>\n<meta name=\"robots\" content=\"index, follow, max-snippet:-1, max-image-preview:large, max-video-preview:-1\" \/>\n<link rel=\"canonical\" href=\"https:\/\/rayovac.eu\/de\/innovation\/quecksilberfrei\/\" \/>\n<meta property=\"og:locale\" content=\"de_DE\" \/>\n<meta property=\"og:type\" content=\"article\" \/>\n<meta property=\"og:title\" content=\"Quecksilberfrei - Rayovac Hearing Aid Batteries\" \/>\n<meta property=\"og:description\" content=\"Fortschritt ohne Auswirkung Der Bedarf an umweltfreundlicher Technik ist heute gr\u00f6\u00dfer denn je. Die Notwendigkeit zur Verringerung von CO2-Emissionen und zum Schutz des Planeten ist allgegenw\u00e4rtig und Hersteller m\u00fcssen hierbei eine F\u00fchrungsrolle \u00fcbernehmen. Aus diesem Grund hat Rayovac Millionen investiert und viele Jahre der Forschung und Entwicklung unseren quecksilberfreien Batterien gewidmet. So ist eine umweltfreundliche [&hellip;]\" \/>\n<meta property=\"og:url\" content=\"https:\/\/rayovac.eu\/de\/innovation\/quecksilberfrei\/\" \/>\n<meta property=\"og:site_name\" content=\"Rayovac Hearing Aid Batteries\" \/>\n<meta property=\"article:modified_time\" content=\"2021-11-22T19:18:05+00:00\" \/>\n<meta property=\"og:image\" content=\"http:\/\/rayovac.eu\/wp-content\/uploads\/2021\/11\/qae-logo.jpeg\" \/>\n<meta name=\"twitter:card\" content=\"summary_large_image\" \/>\n<meta name=\"twitter:label1\" content=\"Gesch\u00e4tzte Lesezeit\" \/>\n\t<meta name=\"twitter:data1\" content=\"2\u00a0Minuten\" \/>\n<script type=\"application\/ld+json\" class=\"yoast-schema-graph\">{\"@context\":\"https:\/\/schema.org\",\"@graph\":[{\"@type\":\"WebPage\",\"@id\":\"https:\/\/rayovac.eu\/de\/innovation\/quecksilberfrei\/\",\"url\":\"https:\/\/rayovac.eu\/de\/innovation\/quecksilberfrei\/\",\"name\":\"Quecksilberfrei - Rayovac Hearing Aid Batteries\",\"isPartOf\":{\"@id\":\"https:\/\/rayovac.eu\/de\/#website\"},\"primaryImageOfPage\":{\"@id\":\"https:\/\/rayovac.eu\/de\/innovation\/quecksilberfrei\/#primaryimage\"},\"image\":{\"@id\":\"https:\/\/rayovac.eu\/de\/innovation\/quecksilberfrei\/#primaryimage\"},\"thumbnailUrl\":\"http:\/\/rayovac.eu\/wp-content\/uploads\/2021\/11\/qae-logo.jpeg\",\"datePublished\":\"2021-11-21T10:11:09+00:00\",\"dateModified\":\"2021-11-22T19:18:05+00:00\",\"breadcrumb\":{\"@id\":\"https:\/\/rayovac.eu\/de\/innovation\/quecksilberfrei\/#breadcrumb\"},\"inLanguage\":\"de\",\"potentialAction\":[{\"@type\":\"ReadAction\",\"target\":[\"https:\/\/rayovac.eu\/de\/innovation\/quecksilberfrei\/\"]}]},{\"@type\":\"ImageObject\",\"inLanguage\":\"de\",\"@id\":\"https:\/\/rayovac.eu\/de\/innovation\/quecksilberfrei\/#primaryimage\",\"url\":\"http:\/\/rayovac.eu\/wp-content\/uploads\/2021\/11\/qae-logo.jpeg\",\"contentUrl\":\"http:\/\/rayovac.eu\/wp-content\/uploads\/2021\/11\/qae-logo.jpeg\"},{\"@type\":\"BreadcrumbList\",\"@id\":\"https:\/\/rayovac.eu\/de\/innovation\/quecksilberfrei\/#breadcrumb\",\"itemListElement\":[{\"@type\":\"ListItem\",\"position\":1,\"name\":\"Home\",\"item\":\"https:\/\/rayovac.eu\/de\/\"},{\"@type\":\"ListItem\",\"position\":2,\"name\":\"Innovation\",\"item\":\"https:\/\/rayovac.eu\/de\/innovation\/\"},{\"@type\":\"ListItem\",\"position\":3,\"name\":\"Quecksilberfrei\"}]},{\"@type\":\"WebSite\",\"@id\":\"https:\/\/rayovac.eu\/de\/#website\",\"url\":\"https:\/\/rayovac.eu\/de\/\",\"name\":\"Rayovac Hearing Aid Batteries\",\"description\":\"\",\"potentialAction\":[{\"@type\":\"SearchAction\",\"target\":{\"@type\":\"EntryPoint\",\"urlTemplate\":\"https:\/\/rayovac.eu\/de\/?s={search_term_string}\"},\"query-input\":{\"@type\":\"PropertyValueSpecification\",\"valueRequired\":true,\"valueName\":\"search_term_string\"}}],\"inLanguage\":\"de\"}]}<\/script>\n<!-- \/ Yoast SEO plugin. -->","yoast_head_json":{"title":"Quecksilberfrei - Rayovac Hearing Aid Batteries","robots":{"index":"index","follow":"follow","max-snippet":"max-snippet:-1","max-image-preview":"max-image-preview:large","max-video-preview":"max-video-preview:-1"},"canonical":"https:\/\/rayovac.eu\/de\/innovation\/quecksilberfrei\/","og_locale":"de_DE","og_type":"article","og_title":"Quecksilberfrei - Rayovac Hearing Aid Batteries","og_description":"Fortschritt ohne Auswirkung Der Bedarf an umweltfreundlicher Technik ist heute gr\u00f6\u00dfer denn je. Die Notwendigkeit zur Verringerung von CO2-Emissionen und zum Schutz des Planeten ist allgegenw\u00e4rtig und Hersteller m\u00fcssen hierbei eine F\u00fchrungsrolle \u00fcbernehmen. Aus diesem Grund hat Rayovac Millionen investiert und viele Jahre der Forschung und Entwicklung unseren quecksilberfreien Batterien gewidmet. So ist eine umweltfreundliche [&hellip;]","og_url":"https:\/\/rayovac.eu\/de\/innovation\/quecksilberfrei\/","og_site_name":"Rayovac Hearing Aid Batteries","article_modified_time":"2021-11-22T19:18:05+00:00","og_image":[{"url":"http:\/\/rayovac.eu\/wp-content\/uploads\/2021\/11\/qae-logo.jpeg","type":"","width":"","height":""}],"twitter_card":"summary_large_image","twitter_misc":{"Gesch\u00e4tzte Lesezeit":"2\u00a0Minuten"},"schema":{"@context":"https:\/\/schema.org","@graph":[{"@type":"WebPage","@id":"https:\/\/rayovac.eu\/de\/innovation\/quecksilberfrei\/","url":"https:\/\/rayovac.eu\/de\/innovation\/quecksilberfrei\/","name":"Quecksilberfrei - Rayovac Hearing Aid Batteries","isPartOf":{"@id":"https:\/\/rayovac.eu\/de\/#website"},"primaryImageOfPage":{"@id":"https:\/\/rayovac.eu\/de\/innovation\/quecksilberfrei\/#primaryimage"},"image":{"@id":"https:\/\/rayovac.eu\/de\/innovation\/quecksilberfrei\/#primaryimage"},"thumbnailUrl":"http:\/\/rayovac.eu\/wp-content\/uploads\/2021\/11\/qae-logo.jpeg","datePublished":"2021-11-21T10:11:09+00:00","dateModified":"2021-11-22T19:18:05+00:00","breadcrumb":{"@id":"https:\/\/rayovac.eu\/de\/innovation\/quecksilberfrei\/#breadcrumb"},"inLanguage":"de","potentialAction":[{"@type":"ReadAction","target":["https:\/\/rayovac.eu\/de\/innovation\/quecksilberfrei\/"]}]},{"@type":"ImageObject","inLanguage":"de","@id":"https:\/\/rayovac.eu\/de\/innovation\/quecksilberfrei\/#primaryimage","url":"http:\/\/rayovac.eu\/wp-content\/uploads\/2021\/11\/qae-logo.jpeg","contentUrl":"http:\/\/rayovac.eu\/wp-content\/uploads\/2021\/11\/qae-logo.jpeg"},{"@type":"BreadcrumbList","@id":"https:\/\/rayovac.eu\/de\/innovation\/quecksilberfrei\/#breadcrumb","itemListElement":[{"@type":"ListItem","position":1,"name":"Home","item":"https:\/\/rayovac.eu\/de\/"},{"@type":"ListItem","position":2,"name":"Innovation","item":"https:\/\/rayovac.eu\/de\/innovation\/"},{"@type":"ListItem","position":3,"name":"Quecksilberfrei"}]},{"@type":"WebSite","@id":"https:\/\/rayovac.eu\/de\/#website","url":"https:\/\/rayovac.eu\/de\/","name":"Rayovac Hearing Aid Batteries","description":"","potentialAction":[{"@type":"SearchAction","target":{"@type":"EntryPoint","urlTemplate":"https:\/\/rayovac.eu\/de\/?s={search_term_string}"},"query-input":{"@type":"PropertyValueSpecification","valueRequired":true,"valueName":"search_term_string"}}],"inLanguage":"de"}]}},"_links":{"self":[{"href":"https:\/\/rayovac.eu\/de\/wp-json\/wp\/v2\/pages\/2729","targetHints":{"allow":["GET"]}}],"collection":[{"href":"https:\/\/rayovac.eu\/de\/wp-json\/wp\/v2\/pages"}],"about":[{"href":"https:\/\/rayovac.eu\/de\/wp-json\/wp\/v2\/types\/page"}],"author":[{"embeddable":true,"href":"https:\/\/rayovac.eu\/de\/wp-json\/wp\/v2\/users\/3"}],"replies":[{"embeddable":true,"href":"https:\/\/rayovac.eu\/de\/wp-json\/wp\/v2\/comments?post=2729"}],"version-history":[{"count":3,"href":"https:\/\/rayovac.eu\/de\/wp-json\/wp\/v2\/pages\/2729\/revisions"}],"predecessor-version":[{"id":2880,"href":"https:\/\/rayovac.eu\/de\/wp-json\/wp\/v2\/pages\/2729\/revisions\/2880"}],"up":[{"embeddable":true,"href":"https:\/\/rayovac.eu\/de\/wp-json\/wp\/v2\/pages\/2723"}],"wp:attachment":[{"href":"https:\/\/rayovac.eu\/de\/wp-json\/wp\/v2\/media?parent=2729"}],"curies":[{"name":"wp","href":"https:\/\/api.w.org\/{rel}","templated":true}]}}