{"id":2991,"date":"2021-11-21T10:07:58","date_gmt":"2021-11-21T10:07:58","guid":{"rendered":"http:\/\/rayovac.eu\/standorte\/"},"modified":"2021-11-21T10:07:58","modified_gmt":"2021-11-21T10:07:58","slug":"standorte","status":"publish","type":"page","link":"https:\/\/rayovac.eu\/de-at\/unternehmen\/standorte\/","title":{"rendered":"Standorte"},"content":{"rendered":"<p>Rayovac ist ein globales Unternehmen, das H\u00f6rger\u00e4tebatterien in \u00fcber 100 L\u00e4nder weltweit liefert und unsere Kunden mit der Energie versorgt, die sie f\u00fcr ein \u201eunterbrechungsfreies\u201c Leben ben\u00f6tigen. Um die weltweite Nachfrage nach unseren technologisch f\u00fchrenden Batterien zu erf\u00fcllen, verf\u00fcgen wir \u00fcber zwei Produktionsst\u00e4tten: eine in Washington, Gro\u00dfbritannien, und eine in Portage im US-Bundesstaat Wisconsin. Zwei Produktionsstandorte und \u00fcber die gesamte Welt verteilte Vertriebszentren versetzen uns in die Lage, unsere Produkte weltweit auf effiziente und effektive Weise zu vertreiben \u2013 damit Wir Sie schneller erreichen.<\/p>\n<p>Im Institute of Design and Innovation von Spectrum Brands, das in Middleton im US-Bundesstaat Wisconsin gelegen ist, arbeiten unsere kompetenten Forschungs- und Entwicklungstechniker daran, dass Rayovac-Batterien auch weiterhin f\u00fchrend darin bleiben, H\u00f6rger\u00e4te der neuesten Generation mit Strom zu versorgen.<\/p>\n<p>Dank regionaler Vertriebsstellen auf der ganzen Welt profitieren unsere Kunden von einem lokalen Kundendienst und Support: Wir stellen sicher, dass stets ein freundlicher, leicht verst\u00e4ndlicher Ansprechpartner verf\u00fcgbar ist.<\/p>\n","protected":false},"excerpt":{"rendered":"<p>Rayovac ist ein globales Unternehmen, das H\u00f6rger\u00e4tebatterien in \u00fcber 100 L\u00e4nder weltweit liefert und unsere Kunden mit der Energie versorgt, die sie f\u00fcr ein \u201eunterbrechungsfreies\u201c Leben ben\u00f6tigen. Um die weltweite Nachfrage nach unseren technologisch f\u00fchrenden Batterien zu erf\u00fcllen, verf\u00fcgen wir \u00fcber zwei Produktionsst\u00e4tten: eine in Washington, Gro\u00dfbritannien, und eine in Portage im US-Bundesstaat Wisconsin. Zwei [&hellip;]<\/p>\n","protected":false},"author":3,"featured_media":0,"parent":2997,"menu_order":4,"comment_status":"closed","ping_status":"closed","template":"","meta":{"_acf_changed":false,"footnotes":""},"class_list":["post-2991","page","type-page","status-publish","hentry"],"acf":[],"yoast_head":"<!-- This site is optimized with the Yoast SEO plugin v27.2 - https:\/\/yoast.com\/product\/yoast-seo-wordpress\/ -->\n<title>Standorte - Rayovac Hearing Aid Batteries<\/title>\n<meta name=\"robots\" content=\"index, follow, max-snippet:-1, max-image-preview:large, max-video-preview:-1\" \/>\n<link rel=\"canonical\" href=\"https:\/\/rayovac.eu\/de-at\/unternehmen\/standorte\/\" \/>\n<meta property=\"og:locale\" content=\"de_DE\" \/>\n<meta property=\"og:type\" content=\"article\" \/>\n<meta property=\"og:title\" content=\"Standorte - Rayovac Hearing Aid Batteries\" \/>\n<meta property=\"og:description\" content=\"Rayovac ist ein globales Unternehmen, das H\u00f6rger\u00e4tebatterien in \u00fcber 100 L\u00e4nder weltweit liefert und unsere Kunden mit der Energie versorgt, die sie f\u00fcr ein \u201eunterbrechungsfreies\u201c Leben ben\u00f6tigen. Um die weltweite Nachfrage nach unseren technologisch f\u00fchrenden Batterien zu erf\u00fcllen, verf\u00fcgen wir \u00fcber zwei Produktionsst\u00e4tten: eine in Washington, Gro\u00dfbritannien, und eine in Portage im US-Bundesstaat Wisconsin. Zwei [&hellip;]\" \/>\n<meta property=\"og:url\" content=\"https:\/\/rayovac.eu\/de-at\/unternehmen\/standorte\/\" \/>\n<meta property=\"og:site_name\" content=\"Rayovac Hearing Aid Batteries\" \/>\n<meta name=\"twitter:card\" content=\"summary_large_image\" \/>\n<meta name=\"twitter:label1\" content=\"Gesch\u00e4tzte Lesezeit\" \/>\n\t<meta name=\"twitter:data1\" content=\"1 Minute\" \/>\n<script type=\"application\/ld+json\" class=\"yoast-schema-graph\">{\"@context\":\"https:\/\/schema.org\",\"@graph\":[{\"@type\":\"WebPage\",\"@id\":\"https:\/\/rayovac.eu\/de-at\/unternehmen\/standorte\/\",\"url\":\"https:\/\/rayovac.eu\/de-at\/unternehmen\/standorte\/\",\"name\":\"Standorte - Rayovac Hearing Aid Batteries\",\"isPartOf\":{\"@id\":\"https:\/\/rayovac.eu\/de-at\/#website\"},\"datePublished\":\"2021-11-21T10:07:58+00:00\",\"breadcrumb\":{\"@id\":\"https:\/\/rayovac.eu\/de-at\/unternehmen\/standorte\/#breadcrumb\"},\"inLanguage\":\"de-AT\",\"potentialAction\":[{\"@type\":\"ReadAction\",\"target\":[\"https:\/\/rayovac.eu\/de-at\/unternehmen\/standorte\/\"]}]},{\"@type\":\"BreadcrumbList\",\"@id\":\"https:\/\/rayovac.eu\/de-at\/unternehmen\/standorte\/#breadcrumb\",\"itemListElement\":[{\"@type\":\"ListItem\",\"position\":1,\"name\":\"Home\",\"item\":\"https:\/\/rayovac.eu\/de-at\/\"},{\"@type\":\"ListItem\",\"position\":2,\"name\":\"Unternehmen\",\"item\":\"https:\/\/rayovac.eu\/de-at\/unternehmen\/\"},{\"@type\":\"ListItem\",\"position\":3,\"name\":\"Standorte\"}]},{\"@type\":\"WebSite\",\"@id\":\"https:\/\/rayovac.eu\/de-at\/#website\",\"url\":\"https:\/\/rayovac.eu\/de-at\/\",\"name\":\"Rayovac Hearing Aid Batteries\",\"description\":\"\",\"potentialAction\":[{\"@type\":\"SearchAction\",\"target\":{\"@type\":\"EntryPoint\",\"urlTemplate\":\"https:\/\/rayovac.eu\/de-at\/?s={search_term_string}\"},\"query-input\":{\"@type\":\"PropertyValueSpecification\",\"valueRequired\":true,\"valueName\":\"search_term_string\"}}],\"inLanguage\":\"de-AT\"}]}<\/script>\n<!-- \/ Yoast SEO plugin. -->","yoast_head_json":{"title":"Standorte - Rayovac Hearing Aid Batteries","robots":{"index":"index","follow":"follow","max-snippet":"max-snippet:-1","max-image-preview":"max-image-preview:large","max-video-preview":"max-video-preview:-1"},"canonical":"https:\/\/rayovac.eu\/de-at\/unternehmen\/standorte\/","og_locale":"de_DE","og_type":"article","og_title":"Standorte - Rayovac Hearing Aid Batteries","og_description":"Rayovac ist ein globales Unternehmen, das H\u00f6rger\u00e4tebatterien in \u00fcber 100 L\u00e4nder weltweit liefert und unsere Kunden mit der Energie versorgt, die sie f\u00fcr ein \u201eunterbrechungsfreies\u201c Leben ben\u00f6tigen. Um die weltweite Nachfrage nach unseren technologisch f\u00fchrenden Batterien zu erf\u00fcllen, verf\u00fcgen wir \u00fcber zwei Produktionsst\u00e4tten: eine in Washington, Gro\u00dfbritannien, und eine in Portage im US-Bundesstaat Wisconsin. Zwei [&hellip;]","og_url":"https:\/\/rayovac.eu\/de-at\/unternehmen\/standorte\/","og_site_name":"Rayovac Hearing Aid Batteries","twitter_card":"summary_large_image","twitter_misc":{"Gesch\u00e4tzte Lesezeit":"1 Minute"},"schema":{"@context":"https:\/\/schema.org","@graph":[{"@type":"WebPage","@id":"https:\/\/rayovac.eu\/de-at\/unternehmen\/standorte\/","url":"https:\/\/rayovac.eu\/de-at\/unternehmen\/standorte\/","name":"Standorte - Rayovac Hearing Aid Batteries","isPartOf":{"@id":"https:\/\/rayovac.eu\/de-at\/#website"},"datePublished":"2021-11-21T10:07:58+00:00","breadcrumb":{"@id":"https:\/\/rayovac.eu\/de-at\/unternehmen\/standorte\/#breadcrumb"},"inLanguage":"de-AT","potentialAction":[{"@type":"ReadAction","target":["https:\/\/rayovac.eu\/de-at\/unternehmen\/standorte\/"]}]},{"@type":"BreadcrumbList","@id":"https:\/\/rayovac.eu\/de-at\/unternehmen\/standorte\/#breadcrumb","itemListElement":[{"@type":"ListItem","position":1,"name":"Home","item":"https:\/\/rayovac.eu\/de-at\/"},{"@type":"ListItem","position":2,"name":"Unternehmen","item":"https:\/\/rayovac.eu\/de-at\/unternehmen\/"},{"@type":"ListItem","position":3,"name":"Standorte"}]},{"@type":"WebSite","@id":"https:\/\/rayovac.eu\/de-at\/#website","url":"https:\/\/rayovac.eu\/de-at\/","name":"Rayovac Hearing Aid Batteries","description":"","potentialAction":[{"@type":"SearchAction","target":{"@type":"EntryPoint","urlTemplate":"https:\/\/rayovac.eu\/de-at\/?s={search_term_string}"},"query-input":{"@type":"PropertyValueSpecification","valueRequired":true,"valueName":"search_term_string"}}],"inLanguage":"de-AT"}]}},"_links":{"self":[{"href":"https:\/\/rayovac.eu\/de-at\/wp-json\/wp\/v2\/pages\/2991","targetHints":{"allow":["GET"]}}],"collection":[{"href":"https:\/\/rayovac.eu\/de-at\/wp-json\/wp\/v2\/pages"}],"about":[{"href":"https:\/\/rayovac.eu\/de-at\/wp-json\/wp\/v2\/types\/page"}],"author":[{"embeddable":true,"href":"https:\/\/rayovac.eu\/de-at\/wp-json\/wp\/v2\/users\/3"}],"replies":[{"embeddable":true,"href":"https:\/\/rayovac.eu\/de-at\/wp-json\/wp\/v2\/comments?post=2991"}],"version-history":[{"count":0,"href":"https:\/\/rayovac.eu\/de-at\/wp-json\/wp\/v2\/pages\/2991\/revisions"}],"up":[{"embeddable":true,"href":"https:\/\/rayovac.eu\/de-at\/wp-json\/wp\/v2\/pages\/2997"}],"wp:attachment":[{"href":"https:\/\/rayovac.eu\/de-at\/wp-json\/wp\/v2\/media?parent=2991"}],"curies":[{"name":"wp","href":"https:\/\/api.w.org\/{rel}","templated":true}]}}