{"id":2973,"date":"2021-11-21T10:12:52","date_gmt":"2021-11-21T10:12:52","guid":{"rendered":"http:\/\/rayovac.eu\/audiologist-of-the-year\/"},"modified":"2021-11-21T10:12:52","modified_gmt":"2021-11-21T10:12:52","slug":"audiologist-of-the-year","status":"publish","type":"page","link":"https:\/\/rayovac.eu\/de-at\/entdecken\/audiologist-of-the-year\/","title":{"rendered":"Audiologist of the Year"},"content":{"rendered":"<h1>H\u00f6rakustiker des Jahres<\/h1>\n<p>Der Wettbewerb \u201eH\u00f6rakustiker des Jahres\u201c fand von 2008 bis 2019 statt und w\u00fcrdigte die herausragenden Leistungen, mit denen H\u00f6rakustiker ihren Patienten geholfen haben.<br \/>\nRAYOVAC\u00ae, Veranstalter des Events, m\u00f6chte allen Beteiligten nun, da der Wettbewerb nach elf erfolgreichen Jahren zu Ende geht, f\u00fcr ihre Unterst\u00fctzung danken.<\/p>\n<p>Nach mehr als einem Jahrzehnt herausragender Leistungen m\u00f6chten wir uns vom Wettbewerb \u201eEurop\u00e4ischer H\u00f6rakustiker des Jahres\u201c verabschieden.<\/p>\n<p>Es waren wunderbare elf Jahre und das ganze Team von RAYOVAC\u00ae wird sich gerne und voller Stolz an sie zur\u00fcckerinnern.<\/p>\n<p>VIELEN DANK an unsere Wettbewerbspartner und Jurymitglieder, an die Patienten, die ihre Geschichten mit uns geteilt haben, und nat\u00fcrlich an die H\u00f6rakustiker, die so vielen Menschen geholfen haben.<\/p>\n","protected":false},"excerpt":{"rendered":"<p>H\u00f6rakustiker des Jahres Der Wettbewerb \u201eH\u00f6rakustiker des Jahres\u201c fand von 2008 bis 2019 statt und w\u00fcrdigte die herausragenden Leistungen, mit denen H\u00f6rakustiker ihren Patienten geholfen haben. RAYOVAC\u00ae, Veranstalter des Events, m\u00f6chte allen Beteiligten nun, da der Wettbewerb nach elf erfolgreichen Jahren zu Ende geht, f\u00fcr ihre Unterst\u00fctzung danken. Nach mehr als einem Jahrzehnt herausragender Leistungen [&hellip;]<\/p>\n","protected":false},"author":3,"featured_media":0,"parent":2975,"menu_order":1,"comment_status":"closed","ping_status":"closed","template":"","meta":{"_acf_changed":false,"footnotes":""},"class_list":["post-2973","page","type-page","status-publish","hentry"],"acf":[],"yoast_head":"<!-- This site is optimized with the Yoast SEO plugin v27.2 - https:\/\/yoast.com\/product\/yoast-seo-wordpress\/ -->\n<title>Audiologist of the Year - Rayovac Hearing Aid Batteries<\/title>\n<meta name=\"robots\" content=\"index, follow, max-snippet:-1, max-image-preview:large, max-video-preview:-1\" \/>\n<link rel=\"canonical\" href=\"https:\/\/rayovac.eu\/de-at\/entdecken\/audiologist-of-the-year\/\" \/>\n<meta property=\"og:locale\" content=\"de_DE\" \/>\n<meta property=\"og:type\" content=\"article\" \/>\n<meta property=\"og:title\" content=\"Audiologist of the Year - Rayovac Hearing Aid Batteries\" \/>\n<meta property=\"og:description\" content=\"H\u00f6rakustiker des Jahres Der Wettbewerb \u201eH\u00f6rakustiker des Jahres\u201c fand von 2008 bis 2019 statt und w\u00fcrdigte die herausragenden Leistungen, mit denen H\u00f6rakustiker ihren Patienten geholfen haben. RAYOVAC\u00ae, Veranstalter des Events, m\u00f6chte allen Beteiligten nun, da der Wettbewerb nach elf erfolgreichen Jahren zu Ende geht, f\u00fcr ihre Unterst\u00fctzung danken. Nach mehr als einem Jahrzehnt herausragender Leistungen [&hellip;]\" \/>\n<meta property=\"og:url\" content=\"https:\/\/rayovac.eu\/de-at\/entdecken\/audiologist-of-the-year\/\" \/>\n<meta property=\"og:site_name\" content=\"Rayovac Hearing Aid Batteries\" \/>\n<meta name=\"twitter:card\" content=\"summary_large_image\" \/>\n<meta name=\"twitter:label1\" content=\"Gesch\u00e4tzte Lesezeit\" \/>\n\t<meta name=\"twitter:data1\" content=\"1 Minute\" \/>\n<script type=\"application\/ld+json\" class=\"yoast-schema-graph\">{\"@context\":\"https:\/\/schema.org\",\"@graph\":[{\"@type\":\"WebPage\",\"@id\":\"https:\/\/rayovac.eu\/de-at\/entdecken\/audiologist-of-the-year\/\",\"url\":\"https:\/\/rayovac.eu\/de-at\/entdecken\/audiologist-of-the-year\/\",\"name\":\"Audiologist of the Year - Rayovac Hearing Aid Batteries\",\"isPartOf\":{\"@id\":\"https:\/\/rayovac.eu\/de-at\/#website\"},\"datePublished\":\"2021-11-21T10:12:52+00:00\",\"breadcrumb\":{\"@id\":\"https:\/\/rayovac.eu\/de-at\/entdecken\/audiologist-of-the-year\/#breadcrumb\"},\"inLanguage\":\"de-AT\",\"potentialAction\":[{\"@type\":\"ReadAction\",\"target\":[\"https:\/\/rayovac.eu\/de-at\/entdecken\/audiologist-of-the-year\/\"]}]},{\"@type\":\"BreadcrumbList\",\"@id\":\"https:\/\/rayovac.eu\/de-at\/entdecken\/audiologist-of-the-year\/#breadcrumb\",\"itemListElement\":[{\"@type\":\"ListItem\",\"position\":1,\"name\":\"Home\",\"item\":\"https:\/\/rayovac.eu\/de-at\/\"},{\"@type\":\"ListItem\",\"position\":2,\"name\":\"Entdecken\",\"item\":\"https:\/\/rayovac.eu\/de-at\/entdecken\/\"},{\"@type\":\"ListItem\",\"position\":3,\"name\":\"Audiologist of the Year\"}]},{\"@type\":\"WebSite\",\"@id\":\"https:\/\/rayovac.eu\/de-at\/#website\",\"url\":\"https:\/\/rayovac.eu\/de-at\/\",\"name\":\"Rayovac Hearing Aid Batteries\",\"description\":\"\",\"potentialAction\":[{\"@type\":\"SearchAction\",\"target\":{\"@type\":\"EntryPoint\",\"urlTemplate\":\"https:\/\/rayovac.eu\/de-at\/?s={search_term_string}\"},\"query-input\":{\"@type\":\"PropertyValueSpecification\",\"valueRequired\":true,\"valueName\":\"search_term_string\"}}],\"inLanguage\":\"de-AT\"}]}<\/script>\n<!-- \/ Yoast SEO plugin. -->","yoast_head_json":{"title":"Audiologist of the Year - Rayovac Hearing Aid Batteries","robots":{"index":"index","follow":"follow","max-snippet":"max-snippet:-1","max-image-preview":"max-image-preview:large","max-video-preview":"max-video-preview:-1"},"canonical":"https:\/\/rayovac.eu\/de-at\/entdecken\/audiologist-of-the-year\/","og_locale":"de_DE","og_type":"article","og_title":"Audiologist of the Year - Rayovac Hearing Aid Batteries","og_description":"H\u00f6rakustiker des Jahres Der Wettbewerb \u201eH\u00f6rakustiker des Jahres\u201c fand von 2008 bis 2019 statt und w\u00fcrdigte die herausragenden Leistungen, mit denen H\u00f6rakustiker ihren Patienten geholfen haben. RAYOVAC\u00ae, Veranstalter des Events, m\u00f6chte allen Beteiligten nun, da der Wettbewerb nach elf erfolgreichen Jahren zu Ende geht, f\u00fcr ihre Unterst\u00fctzung danken. Nach mehr als einem Jahrzehnt herausragender Leistungen [&hellip;]","og_url":"https:\/\/rayovac.eu\/de-at\/entdecken\/audiologist-of-the-year\/","og_site_name":"Rayovac Hearing Aid Batteries","twitter_card":"summary_large_image","twitter_misc":{"Gesch\u00e4tzte Lesezeit":"1 Minute"},"schema":{"@context":"https:\/\/schema.org","@graph":[{"@type":"WebPage","@id":"https:\/\/rayovac.eu\/de-at\/entdecken\/audiologist-of-the-year\/","url":"https:\/\/rayovac.eu\/de-at\/entdecken\/audiologist-of-the-year\/","name":"Audiologist of the Year - Rayovac Hearing Aid Batteries","isPartOf":{"@id":"https:\/\/rayovac.eu\/de-at\/#website"},"datePublished":"2021-11-21T10:12:52+00:00","breadcrumb":{"@id":"https:\/\/rayovac.eu\/de-at\/entdecken\/audiologist-of-the-year\/#breadcrumb"},"inLanguage":"de-AT","potentialAction":[{"@type":"ReadAction","target":["https:\/\/rayovac.eu\/de-at\/entdecken\/audiologist-of-the-year\/"]}]},{"@type":"BreadcrumbList","@id":"https:\/\/rayovac.eu\/de-at\/entdecken\/audiologist-of-the-year\/#breadcrumb","itemListElement":[{"@type":"ListItem","position":1,"name":"Home","item":"https:\/\/rayovac.eu\/de-at\/"},{"@type":"ListItem","position":2,"name":"Entdecken","item":"https:\/\/rayovac.eu\/de-at\/entdecken\/"},{"@type":"ListItem","position":3,"name":"Audiologist of the Year"}]},{"@type":"WebSite","@id":"https:\/\/rayovac.eu\/de-at\/#website","url":"https:\/\/rayovac.eu\/de-at\/","name":"Rayovac Hearing Aid Batteries","description":"","potentialAction":[{"@type":"SearchAction","target":{"@type":"EntryPoint","urlTemplate":"https:\/\/rayovac.eu\/de-at\/?s={search_term_string}"},"query-input":{"@type":"PropertyValueSpecification","valueRequired":true,"valueName":"search_term_string"}}],"inLanguage":"de-AT"}]}},"_links":{"self":[{"href":"https:\/\/rayovac.eu\/de-at\/wp-json\/wp\/v2\/pages\/2973","targetHints":{"allow":["GET"]}}],"collection":[{"href":"https:\/\/rayovac.eu\/de-at\/wp-json\/wp\/v2\/pages"}],"about":[{"href":"https:\/\/rayovac.eu\/de-at\/wp-json\/wp\/v2\/types\/page"}],"author":[{"embeddable":true,"href":"https:\/\/rayovac.eu\/de-at\/wp-json\/wp\/v2\/users\/3"}],"replies":[{"embeddable":true,"href":"https:\/\/rayovac.eu\/de-at\/wp-json\/wp\/v2\/comments?post=2973"}],"version-history":[{"count":0,"href":"https:\/\/rayovac.eu\/de-at\/wp-json\/wp\/v2\/pages\/2973\/revisions"}],"up":[{"embeddable":true,"href":"https:\/\/rayovac.eu\/de-at\/wp-json\/wp\/v2\/pages\/2975"}],"wp:attachment":[{"href":"https:\/\/rayovac.eu\/de-at\/wp-json\/wp\/v2\/media?parent=2973"}],"curies":[{"name":"wp","href":"https:\/\/api.w.org\/{rel}","templated":true}]}}