{"id":2962,"date":"2021-11-21T10:17:00","date_gmt":"2021-11-21T10:17:00","guid":{"rendered":"http:\/\/rayovac.eu\/kundenbetreuung\/"},"modified":"2021-11-21T10:17:00","modified_gmt":"2021-11-21T10:17:00","slug":"kundenbetreuung","status":"publish","type":"page","link":"https:\/\/rayovac.eu\/de-at\/kundenbetreuung\/","title":{"rendered":"Kundenbetreuung"},"content":{"rendered":"<p>Rayovac richtet seine Produkte auf die individuellen Bed\u00fcrfnisse seiner Kunden aus. Von leistungsstarken H\u00f6rger\u00e4tebatterien \u00fcber Batterien f\u00fcr Cochlea-Implantate bis hin zu Zubeh\u00f6r f\u00fcr H\u00f6rger\u00e4te \u2013 wir bieten Ihnen genau die hochwertige L\u00f6sung, die Ihrem Bedarf entspricht.<\/p>\n<p>Wir engagieren uns daf\u00fcr, die Lebensqualit\u00e4t unserer Kunden zu verbessern und sie dabei zu unterst\u00fctzen, das Beste aus unseren Produkten herauszuholen. Mit einer breiten Palette an zus\u00e4tzlichen Materialien steht Rayovac Ihnen zur Seite, damit Sie Ihre Batterien optimal nutzen k\u00f6nnen.<\/p>\n<p>M\u00f6chten Sie mit uns sprechen? Unser engagierter Kundenservice beantwortet Ihre Fragen gern. Nehmen Sie Kontakt zu uns auf, indem Sie hier klicken.<\/p>\n","protected":false},"excerpt":{"rendered":"<p>Rayovac richtet seine Produkte auf die individuellen Bed\u00fcrfnisse seiner Kunden aus. Von leistungsstarken H\u00f6rger\u00e4tebatterien \u00fcber Batterien f\u00fcr Cochlea-Implantate bis hin zu Zubeh\u00f6r f\u00fcr H\u00f6rger\u00e4te \u2013 wir bieten Ihnen genau die hochwertige L\u00f6sung, die Ihrem Bedarf entspricht. Wir engagieren uns daf\u00fcr, die Lebensqualit\u00e4t unserer Kunden zu verbessern und sie dabei zu unterst\u00fctzen, das Beste aus unseren [&hellip;]<\/p>\n","protected":false},"author":3,"featured_media":0,"parent":0,"menu_order":7,"comment_status":"closed","ping_status":"closed","template":"","meta":{"_acf_changed":false,"footnotes":""},"class_list":["post-2962","page","type-page","status-publish","hentry"],"acf":[],"yoast_head":"<!-- This site is optimized with the Yoast SEO plugin v27.2 - https:\/\/yoast.com\/product\/yoast-seo-wordpress\/ -->\n<title>Kundenbetreuung - Rayovac Hearing Aid Batteries<\/title>\n<meta name=\"robots\" content=\"index, follow, max-snippet:-1, max-image-preview:large, max-video-preview:-1\" \/>\n<link rel=\"canonical\" href=\"https:\/\/rayovac.eu\/de-at\/kundenbetreuung\/\" \/>\n<meta property=\"og:locale\" content=\"de_DE\" \/>\n<meta property=\"og:type\" content=\"article\" \/>\n<meta property=\"og:title\" content=\"Kundenbetreuung - Rayovac Hearing Aid Batteries\" \/>\n<meta property=\"og:description\" content=\"Rayovac richtet seine Produkte auf die individuellen Bed\u00fcrfnisse seiner Kunden aus. Von leistungsstarken H\u00f6rger\u00e4tebatterien \u00fcber Batterien f\u00fcr Cochlea-Implantate bis hin zu Zubeh\u00f6r f\u00fcr H\u00f6rger\u00e4te \u2013 wir bieten Ihnen genau die hochwertige L\u00f6sung, die Ihrem Bedarf entspricht. Wir engagieren uns daf\u00fcr, die Lebensqualit\u00e4t unserer Kunden zu verbessern und sie dabei zu unterst\u00fctzen, das Beste aus unseren [&hellip;]\" \/>\n<meta property=\"og:url\" content=\"https:\/\/rayovac.eu\/de-at\/kundenbetreuung\/\" \/>\n<meta property=\"og:site_name\" content=\"Rayovac Hearing Aid Batteries\" \/>\n<meta name=\"twitter:card\" content=\"summary_large_image\" \/>\n<meta name=\"twitter:label1\" content=\"Gesch\u00e4tzte Lesezeit\" \/>\n\t<meta name=\"twitter:data1\" content=\"1 Minute\" \/>\n<script type=\"application\/ld+json\" class=\"yoast-schema-graph\">{\"@context\":\"https:\/\/schema.org\",\"@graph\":[{\"@type\":\"WebPage\",\"@id\":\"https:\/\/rayovac.eu\/de-at\/kundenbetreuung\/\",\"url\":\"https:\/\/rayovac.eu\/de-at\/kundenbetreuung\/\",\"name\":\"Kundenbetreuung - Rayovac Hearing Aid Batteries\",\"isPartOf\":{\"@id\":\"https:\/\/rayovac.eu\/de-at\/#website\"},\"datePublished\":\"2021-11-21T10:17:00+00:00\",\"breadcrumb\":{\"@id\":\"https:\/\/rayovac.eu\/de-at\/kundenbetreuung\/#breadcrumb\"},\"inLanguage\":\"de-AT\",\"potentialAction\":[{\"@type\":\"ReadAction\",\"target\":[\"https:\/\/rayovac.eu\/de-at\/kundenbetreuung\/\"]}]},{\"@type\":\"BreadcrumbList\",\"@id\":\"https:\/\/rayovac.eu\/de-at\/kundenbetreuung\/#breadcrumb\",\"itemListElement\":[{\"@type\":\"ListItem\",\"position\":1,\"name\":\"Home\",\"item\":\"https:\/\/rayovac.eu\/de-at\/\"},{\"@type\":\"ListItem\",\"position\":2,\"name\":\"Kundenbetreuung\"}]},{\"@type\":\"WebSite\",\"@id\":\"https:\/\/rayovac.eu\/de-at\/#website\",\"url\":\"https:\/\/rayovac.eu\/de-at\/\",\"name\":\"Rayovac Hearing Aid Batteries\",\"description\":\"\",\"potentialAction\":[{\"@type\":\"SearchAction\",\"target\":{\"@type\":\"EntryPoint\",\"urlTemplate\":\"https:\/\/rayovac.eu\/de-at\/?s={search_term_string}\"},\"query-input\":{\"@type\":\"PropertyValueSpecification\",\"valueRequired\":true,\"valueName\":\"search_term_string\"}}],\"inLanguage\":\"de-AT\"}]}<\/script>\n<!-- \/ Yoast SEO plugin. -->","yoast_head_json":{"title":"Kundenbetreuung - Rayovac Hearing Aid Batteries","robots":{"index":"index","follow":"follow","max-snippet":"max-snippet:-1","max-image-preview":"max-image-preview:large","max-video-preview":"max-video-preview:-1"},"canonical":"https:\/\/rayovac.eu\/de-at\/kundenbetreuung\/","og_locale":"de_DE","og_type":"article","og_title":"Kundenbetreuung - Rayovac Hearing Aid Batteries","og_description":"Rayovac richtet seine Produkte auf die individuellen Bed\u00fcrfnisse seiner Kunden aus. Von leistungsstarken H\u00f6rger\u00e4tebatterien \u00fcber Batterien f\u00fcr Cochlea-Implantate bis hin zu Zubeh\u00f6r f\u00fcr H\u00f6rger\u00e4te \u2013 wir bieten Ihnen genau die hochwertige L\u00f6sung, die Ihrem Bedarf entspricht. Wir engagieren uns daf\u00fcr, die Lebensqualit\u00e4t unserer Kunden zu verbessern und sie dabei zu unterst\u00fctzen, das Beste aus unseren [&hellip;]","og_url":"https:\/\/rayovac.eu\/de-at\/kundenbetreuung\/","og_site_name":"Rayovac Hearing Aid Batteries","twitter_card":"summary_large_image","twitter_misc":{"Gesch\u00e4tzte Lesezeit":"1 Minute"},"schema":{"@context":"https:\/\/schema.org","@graph":[{"@type":"WebPage","@id":"https:\/\/rayovac.eu\/de-at\/kundenbetreuung\/","url":"https:\/\/rayovac.eu\/de-at\/kundenbetreuung\/","name":"Kundenbetreuung - Rayovac Hearing Aid Batteries","isPartOf":{"@id":"https:\/\/rayovac.eu\/de-at\/#website"},"datePublished":"2021-11-21T10:17:00+00:00","breadcrumb":{"@id":"https:\/\/rayovac.eu\/de-at\/kundenbetreuung\/#breadcrumb"},"inLanguage":"de-AT","potentialAction":[{"@type":"ReadAction","target":["https:\/\/rayovac.eu\/de-at\/kundenbetreuung\/"]}]},{"@type":"BreadcrumbList","@id":"https:\/\/rayovac.eu\/de-at\/kundenbetreuung\/#breadcrumb","itemListElement":[{"@type":"ListItem","position":1,"name":"Home","item":"https:\/\/rayovac.eu\/de-at\/"},{"@type":"ListItem","position":2,"name":"Kundenbetreuung"}]},{"@type":"WebSite","@id":"https:\/\/rayovac.eu\/de-at\/#website","url":"https:\/\/rayovac.eu\/de-at\/","name":"Rayovac Hearing Aid Batteries","description":"","potentialAction":[{"@type":"SearchAction","target":{"@type":"EntryPoint","urlTemplate":"https:\/\/rayovac.eu\/de-at\/?s={search_term_string}"},"query-input":{"@type":"PropertyValueSpecification","valueRequired":true,"valueName":"search_term_string"}}],"inLanguage":"de-AT"}]}},"_links":{"self":[{"href":"https:\/\/rayovac.eu\/de-at\/wp-json\/wp\/v2\/pages\/2962","targetHints":{"allow":["GET"]}}],"collection":[{"href":"https:\/\/rayovac.eu\/de-at\/wp-json\/wp\/v2\/pages"}],"about":[{"href":"https:\/\/rayovac.eu\/de-at\/wp-json\/wp\/v2\/types\/page"}],"author":[{"embeddable":true,"href":"https:\/\/rayovac.eu\/de-at\/wp-json\/wp\/v2\/users\/3"}],"replies":[{"embeddable":true,"href":"https:\/\/rayovac.eu\/de-at\/wp-json\/wp\/v2\/comments?post=2962"}],"version-history":[{"count":0,"href":"https:\/\/rayovac.eu\/de-at\/wp-json\/wp\/v2\/pages\/2962\/revisions"}],"wp:attachment":[{"href":"https:\/\/rayovac.eu\/de-at\/wp-json\/wp\/v2\/media?parent=2962"}],"curies":[{"name":"wp","href":"https:\/\/api.w.org\/{rel}","templated":true}]}}