{"id":2934,"date":"2021-11-21T10:26:03","date_gmt":"2021-11-21T10:26:03","guid":{"rendered":"http:\/\/rayovac.eu\/cookie-richtlinien\/"},"modified":"2021-11-21T10:26:03","modified_gmt":"2021-11-21T10:26:03","slug":"cookie-richtlinien","status":"publish","type":"page","link":"https:\/\/rayovac.eu\/de-at\/cookie-richtlinien\/","title":{"rendered":"Cookie Richtlinien"},"content":{"rendered":"<h1>COOKIE RICHTLINIEN<\/h1>\n<p>Diese Cookie Richtlinien beschreibt, wie Energizer Holdings, Inc. Cookies auf der Website https:\/\/rayovac.eu\/ zur Verarbeitung von Daten verwendet werden. Zus\u00e4tzliche Informationen zur Nutzung, Speicherung und Weitergabe von Daten unserer Website-Nutzer lesen Sie bitte auch unsere Datenschutzerkl\u00e4rung.<\/p>\n<h2 class=\"section-title\">What are \u201cCookies\u201c?<\/h2>\n<p>Cookies sind kleine Textdateien, welche bei einem Besuch unserer Website oder Applikationen nach Ihrer Zustimmung (wo notwendig) auf Ihren Computer oder Ihr Mobilger\u00e4t \u00fcbertragen werden. Ihr Web Browser (so wie Internet Explorer, Mozilla Firefox, Safari oder Google Chrome) sendet dann bei jedem nachfolgenden Besuch diese Cookies zur\u00fcck zu der Website oder Applikation, so dass Sie wiedererkannt und Sachen wie personalisierte Details oder Benutzerpr\u00e4ferenzen gemerkt werden.<\/p>\n<p>Cookies sind sehr hilfreich und erf\u00fcllen verschiedene Aufgaben, sie helfen dabei Ihre Erfahrungen mit unserer Website so n\u00fctzlich und angenehm wie m\u00f6glich zu gestalten. Sie merken sich Ihre Pr\u00e4ferenzen und verbessern Ihre Benutzererfahrung im Allgemeinen.<\/p>\n<p>Es gibt zwei verschiedene Arten von Cookies:<\/p>\n<h5>Session Cookies<\/h5>\n<p>Diese dauern nur f\u00fcr Ihre Online Sitzung an und verschwinden von Ihrem Computer oder Ger\u00e4t, wenn Sie Ihren Browser schlie\u00dfen.<\/p>\n<h5>Persistent Cookies<\/h5>\n<p>Diese bleiben auf Ihrem Computer oder Ger\u00e4t nachdem der Browser geschlossen wurde und dauern f\u00fcr den im Cookie angegebenen Zeitraum an. Diese andauernden Cookies werden jedes Mal aktiviert wenn Sie die Seite besuchen, auf der dieser Cookie erstellt wurde.<\/p>\n<h2 class=\"section-title\">Wie benutzen wir Cookies?<\/h2>\n<p>Auf unserer Website, auf unseren Mobilen Seiten und Mobilen Applikationen werden Cookies f\u00fcr die vereinfachte Nutzung sowie zur Sammlung und Speicherung von Daten zu Marketing- und Optimierungszwecken eingesetzt. Cookies sind kleine Textdateien, die von unserer Website auf Ihrer Festplatte abgelegt werden und die eine Wiedererkennung des Internetbrowsers erm\u00f6glichen. Die bei uns eingesetzten Cookies enthalten keine Daten \u00fcber Sie, sondern es werden unter einem Pseudonym Nutzungsprofile erstellt. Cookies k\u00f6nnen keinen Schaden auf Ihrem System errichten.<\/p>\n<p>Wir verkaufen die von Cookies gesammelten Informationen nicht und leiten diese Informationen auch nicht an Dritte weiter, au\u00dfer wenn dies durch das Gesetz vorgeschrieben wird (zum Beispiel gegen\u00fcber staatlichen Beh\u00f6rden oder gesetzlichen Vertretern).<\/p>\n<p>Zwingend notwendige Cookies sind notwendig, um Ihnen die Website \u00fcberhaupt anbieten zu k\u00f6nnen. Solche Cookies nutzen wir ohne Ihre vorherige Zustimmung. S\u00e4mtliche weiteren Cookies werden erst dann hinterlegt, wenn Sie durch das Cookie Banner auf unserer Website zugestimmt haben. Mit dieser Zustimmung erkl\u00e4ren Sie Ihr Einverst\u00e4ndnis mit der Nutzung von Cookies gem\u00e4\u00df dieser Cookie Richtlinien.<\/p>\n<p>Diese Einwilligung kann jederzeit mit Wirkung f\u00fcr die Zukunft widerrufen werden, indem Sie in Ihren Browsereinstellungen die Annahme von Cookies verweigern. Sie k\u00f6nnen Ihren Browser so einstellen, dass Sie entweder \u00fcber das Setzen von Cookies informiert werden und Cookies nur im Einzelfall erlauben, oder dass die Annahme von Cookies f\u00fcr bestimmte F\u00e4lle oder generell ausgeschlossen ist. Jedoch weisen wir Sie darauf hin, dass dann unter Umst\u00e4nden nicht alle Funktionen unserer Website genutzt werden k\u00f6nnen.<\/p>\n<h2 class=\"section-title\">Welche Cookies verwenden wir?<\/h2>\n<p>Wenn Sie unsere Website, Mobilen Seiten oder Mobilen Applikationen verwenden, werden die folgenden Kategorien von Cookies m\u00f6glicherweise auf Ihrem Ger\u00e4t installiert:<\/p>\n<h5>Zwingend erforderliche Cookies<\/h5>\n<p>Diese Cookies sind notwendig, da Sie Ihnen helfen sich auf unserer Website zu bewegen und Funktionen wie die Registrierungsseiten zu benutzen. Ohne diese Cookies w\u00fcrde die Website nicht richtig funktionieren. Diese Cookies sammeln keine Informationen \u00fcber Sie.<\/p>\n<h5>Funktionale Cookies<\/h5>\n<p>Diese Cookies erlauben es der Website und Applikation sich Ihre gew\u00e4hlten Einstellungen zu merken (so wie Ihren Benutzernamen oder Spracheinstellungen). Sie erlauben uns Sie mit verbesserten und pers\u00f6nlicheren Funktionen zu versorgen. Mit den Informationen, welche diese Cookies sammeln, k\u00f6nnen wir Sie nicht pers\u00f6nlich identifizieren.<\/p>\n<h5>Performance Cookies<\/h5>\n<p>Diese Cookies helfen zu verstehen wie Besucher der Website mit dieser interagieren, indem sie Informationen dazu liefern, welche Bereiche besucht wurden, wieviel Zeit auf der Website verbracht wurde und ob es dabei zu Probleme wie beispielsweise Fehlermeldungen kam.<\/p>\n<h5>Analytische Cookies<\/h5>\n<p>Um unsere Website, Mobile Seiten und Mobile Applikationen ansprechend, leicht benutzbar und aktuell zu gestalten, verwenden wir den Webanalysedienst Google Analytics, um zu verstehen wie Besucher unsere Seiten benutzen. Zum Beispiel k\u00f6nnen wir so sehen welche Inhalte unserer Website am beliebtesten sind und sicherstellen, dass unsere Inhalte konstant aktualisiert und verbessert werden. Die Informationen die wir sammeln, sind anonym und dienen nur statistischen Zwecken.<\/p>\n<h2 class=\"section-title\">Welche Cookies von Drittanbietern nutzen wir?<\/h2>\n<h5>Google Analytics<\/h5>\n<p>Diese Website nutzt Google Analytics, einen Webanalysedienst von Google Inc., 1600 Amphitheatre Parkway, Mountain View, CA 94043, USA (&#8222;Google&#8220;). Google Analytics verwendet Cookies, zur Analyse der Nutzung unseres Angebots durch Google. Die durch den Cookie erfassten Informationen \u00fcber die Benutzung unserer Website (einschlie\u00dflich Ihrer IP-Adresse) werden in der Regel an einen Server von Google in die USA \u00fcbertragen und dort gespeichert.<\/p>\n<p>Im Falle der Aktivierung der IP-Anonymisierung auf dieser Website, wird Ihre IP-Adresse von Google jedoch innerhalb von Mitgliedstaaten der Europ\u00e4ischen Union oder in anderen Vertragsstaaten des Abkommens \u00fcber den Europ\u00e4ischen Wirtschaftsraum zuvor gek\u00fcrzt. Nur in Ausnahmef\u00e4llen wird die volle IP-Adresse an einen Server von Google in den USA \u00fcbertragen und dort gek\u00fcrzt. Die IP-Anonymisierung ist auf dieser Website aktiv. In unserem Auftrag wird Google diese Informationen benutzen, um Ihre Nutzung der Website auszuwerten, um Reports \u00fcber die Websiteaktivit\u00e4ten zusammenzustellen und um weitere mit der Websitenutzung und der Internetnutzung verbundene Dienstleistungen gegen\u00fcber dem Websitebetreiber zu erbringen.<\/p>\n<p>Die im Rahmen von Google Analytics von Ihrem Browser \u00fcbermittelte IP-Adresse wird nicht mit anderen Daten von Google zusammengef\u00fchrt.<\/p>\n<p>Durch die Nutzung dieser Website erkl\u00e4ren Sie sich mit der Bearbeitung der \u00fcber Sie erhobenen Daten durch Google und der zuvor beschriebenen Art und Weise der Datenverarbeitung sowie dem benannten Zweck einverstanden. Sie k\u00f6nnen die Speicherung der Cookies durch eine entsprechende Einstellung Ihrer Browser-Software verhindern; wir weisen Sie jedoch darauf hin, dass Sie in diesem Fall gegebenenfalls nicht s\u00e4mtliche Funktionen unserer Website vollumf\u00e4nglich werden nutzen k\u00f6nnen. Sie k\u00f6nnen dar\u00fcber hinaus die Erfassung der durch das Cookie erzeugten und auf Ihre Nutzung der Website bezogenen Daten (inkl. Ihrer IP-Adresse) an Google sowie die Verarbeitung dieser Daten durch Google verhindern, indem Sie das unter dem folgenden Link (http:\/\/tools.google.com\/dlpage\/gaoptout) verf\u00fcgbare Browser-Plugin herunterladen und installieren.<\/p>\n<p>Sie k\u00f6nnen au\u00dferdem durch Setzen eines Opt-out-Cookie die Erfassung durch Google innerhalb dieser Website verhindern. Hierzu gehen Sie bitte auf den folgenden link. Dabei wird ein Opt-Out-Cookie auf Ihrem Ger\u00e4t abgelegt. L\u00f6schen Sie Ihre Cookies, m\u00fcssen Sie diesen Link erneut klicken.<\/p>\n<p>N\u00e4here Informationen zu Nutzungsbedingungen und Datenschutz finden Sie unter http:\/\/www.google.com\/analytics\/terms\/de.html bzw. unter https:\/\/www.google.de\/intl\/de\/policies<\/p>\n<h5>Twitter Analytics \/ Twitter Advertising \/ Twitter Conversion Tracking<\/h5>\n<p>Wir nutzen die Twitter-Dienste, um zu \u00fcberwachen, wie unser Angebot auf Sozialen Medien den Traffic auf unserer Website pr\u00e4gt. Diese Dienste werden verwendet, um die Conversion-Rate zu messen und gezielte Angebote auf Websites Dritter zu platzieren. Die anonymen Conversion-Daten dienen dazu, den Wert verschiedener Werbepartner auf einem zentralen Ad-Server zu ermitteln und \u00fcber diesen Ad-Server gezielte Angebote auf den Webseiten Dritter anzuzeigen.<\/p>\n<p>Zu diesem Zweck wird ein Cookie namens personalization_id auf Ihrem Ger\u00e4t gespeichert. F\u00fcr weitere Informationen zu Art, Verwendung und Zweck des Cookies klicken Sie auf den folgenden Link: https:\/\/twitter.com\/privacy<\/p>\n<h5>Hotjar<\/h5>\n<p>Wir verwenden Hotjar, einen Service von Hotjar Ltd. aus Malta, um die angebotene Website zu analysieren und zu verbessern. Hotjar verwendet Cookies, um eine Analyse Ihrer Nutzung unserer Website zu erm\u00f6glichen. Die durch das Cookie erzeugten Informationen \u00fcber die Benutzung unserer Webseite werden an einen Server in Irland \u00fcbermittelt und dort gespeichert. Ihre IP-Adresse wird von Hotjar vor der \u00dcbermittlung immer gek\u00fcrzt und somit anonymisiert, so dass ein pers\u00f6nlicher Hinweis von Dritten nicht mehr erstellt werden kann. Die vollst\u00e4ndige Datenschutzrichtlinie von Hotjar finden Sie hier. Wenn Sie nicht m\u00f6chten, dass Ihre Daten von Hotjar gesammelt werden, k\u00f6nnen Sie hier widersprechen.<\/p>\n<h5>Facebook Pixels<\/h5>\n<p>Wir verwenden sowohl ein Facebook-Pixel als auch einen Facebook-Cookie (fr-cookie), damit wir Zielgruppen f\u00fcr Werbekampagnen, die auf Facebook geschaltet werden, messen, optimieren und ausbauen k\u00f6nnen. Insbesondere k\u00f6nnen wir sehen, wie sich unsere Nutzer beim Zugriff auf die Rayovac-Website und Facebook zwischen Ger\u00e4ten bewegen, um sicherzustellen, dass Rayovac Facebook-Werbung von denjenigen Nutzern gesehen wird, die am ehesten an einer solchen Werbung interessiert sind, indem sie analysieren, welche Inhalte ein Nutzer hat auf der Rayovac Website gesehen und interagiert. Weitere Informationen zum Facebook Pixel finden Sie unter: https:\/\/en-gb.facebook.com\/business\/help\/651294705016616 und https:\/\/www.facebook.com\/policies\/cookies\/<\/p>\n<h2 class=\"section-title\">Wie k\u00f6nnen Cookies kontrolliert oder gel\u00f6scht werden?<\/h2>\n<p>Die meisten Browser sind so voreingestellt, dass sie Cookies automatisch von Beginn an akzeptieren. Sie k\u00f6nnen die Einstellungen Ihres Browsers \u00e4ndern, um Cookies zu blocken oder um zu erfahren wenn Cookies an Ihr Ger\u00e4t gesendet werden. Es gibt dabei eine Reihe von Arten, Cookies zu verwalten. Bitte pr\u00fcfen Sie dazu die Einstellungen Ihres Browsers oder nutzen Sie die Hilfeseiten um zu erfahren, wie Sie die Einstellungen Ihres Browsers anpassen oder \u00e4ndern k\u00f6nnen.<\/p>\n<p>Wenn Sie die von uns genutzten Cookies abschalten, kann dies die Nutzung unserer Website beeinflussen. Zum Beispiel kann es sein, dass Sie Teile der Website nicht nutzen k\u00f6nnen oder von der Website keine auf Sie pers\u00f6nlich angepassten Informationen erhalten.<\/p>\n<p>Sollten Sie verschiedene Ger\u00e4te zur Ansicht und zum Zugriff auf unsere Website nutzen (z.B. Computer, Smartphone, Tablet, usw.), m\u00fcssen Sie sicherstellen, dass die Einstellungen jedes Browsers auf Ihre Pr\u00e4ferenzen bez\u00fcglich Cookies hin eingestellt sind.<\/p>\n<p>RAYOVAC\u00ae, Energizer Holdings, Inc. 2019<\/p>\n","protected":false},"excerpt":{"rendered":"<p>COOKIE RICHTLINIEN Diese Cookie Richtlinien beschreibt, wie Energizer Holdings, Inc. Cookies auf der Website https:\/\/rayovac.eu\/ zur Verarbeitung von Daten verwendet werden. Zus\u00e4tzliche Informationen zur Nutzung, Speicherung und Weitergabe von Daten unserer Website-Nutzer lesen Sie bitte auch unsere Datenschutzerkl\u00e4rung. What are \u201cCookies\u201c? Cookies sind kleine Textdateien, welche bei einem Besuch unserer Website oder Applikationen nach Ihrer [&hellip;]<\/p>\n","protected":false},"author":3,"featured_media":0,"parent":0,"menu_order":99,"comment_status":"closed","ping_status":"closed","template":"page-privacy.php","meta":{"_acf_changed":false,"footnotes":""},"class_list":["post-2934","page","type-page","status-publish","hentry"],"acf":[],"yoast_head":"<!-- This site is optimized with the Yoast SEO plugin v27.2 - https:\/\/yoast.com\/product\/yoast-seo-wordpress\/ -->\n<title>Cookie Richtlinien - Rayovac Hearing Aid Batteries<\/title>\n<meta name=\"robots\" content=\"index, follow, max-snippet:-1, max-image-preview:large, max-video-preview:-1\" \/>\n<link rel=\"canonical\" href=\"https:\/\/rayovac.eu\/de-at\/cookie-richtlinien\/\" \/>\n<meta property=\"og:locale\" content=\"de_DE\" \/>\n<meta property=\"og:type\" content=\"article\" \/>\n<meta property=\"og:title\" content=\"Cookie Richtlinien - Rayovac Hearing Aid Batteries\" \/>\n<meta property=\"og:description\" content=\"COOKIE RICHTLINIEN Diese Cookie Richtlinien beschreibt, wie Energizer Holdings, Inc. Cookies auf der Website https:\/\/rayovac.eu\/ zur Verarbeitung von Daten verwendet werden. Zus\u00e4tzliche Informationen zur Nutzung, Speicherung und Weitergabe von Daten unserer Website-Nutzer lesen Sie bitte auch unsere Datenschutzerkl\u00e4rung. What are \u201cCookies\u201c? Cookies sind kleine Textdateien, welche bei einem Besuch unserer Website oder Applikationen nach Ihrer [&hellip;]\" \/>\n<meta property=\"og:url\" content=\"https:\/\/rayovac.eu\/de-at\/cookie-richtlinien\/\" \/>\n<meta property=\"og:site_name\" content=\"Rayovac Hearing Aid Batteries\" \/>\n<meta name=\"twitter:card\" content=\"summary_large_image\" \/>\n<meta name=\"twitter:label1\" content=\"Gesch\u00e4tzte Lesezeit\" \/>\n\t<meta name=\"twitter:data1\" content=\"8 Minuten\" \/>\n<script type=\"application\/ld+json\" class=\"yoast-schema-graph\">{\"@context\":\"https:\/\/schema.org\",\"@graph\":[{\"@type\":\"WebPage\",\"@id\":\"https:\/\/rayovac.eu\/de-at\/cookie-richtlinien\/\",\"url\":\"https:\/\/rayovac.eu\/de-at\/cookie-richtlinien\/\",\"name\":\"Cookie Richtlinien - Rayovac Hearing Aid Batteries\",\"isPartOf\":{\"@id\":\"https:\/\/rayovac.eu\/de-at\/#website\"},\"datePublished\":\"2021-11-21T10:26:03+00:00\",\"breadcrumb\":{\"@id\":\"https:\/\/rayovac.eu\/de-at\/cookie-richtlinien\/#breadcrumb\"},\"inLanguage\":\"de-AT\",\"potentialAction\":[{\"@type\":\"ReadAction\",\"target\":[\"https:\/\/rayovac.eu\/de-at\/cookie-richtlinien\/\"]}]},{\"@type\":\"BreadcrumbList\",\"@id\":\"https:\/\/rayovac.eu\/de-at\/cookie-richtlinien\/#breadcrumb\",\"itemListElement\":[{\"@type\":\"ListItem\",\"position\":1,\"name\":\"Home\",\"item\":\"https:\/\/rayovac.eu\/de-at\/\"},{\"@type\":\"ListItem\",\"position\":2,\"name\":\"Cookie Richtlinien\"}]},{\"@type\":\"WebSite\",\"@id\":\"https:\/\/rayovac.eu\/de-at\/#website\",\"url\":\"https:\/\/rayovac.eu\/de-at\/\",\"name\":\"Rayovac Hearing Aid Batteries\",\"description\":\"\",\"potentialAction\":[{\"@type\":\"SearchAction\",\"target\":{\"@type\":\"EntryPoint\",\"urlTemplate\":\"https:\/\/rayovac.eu\/de-at\/?s={search_term_string}\"},\"query-input\":{\"@type\":\"PropertyValueSpecification\",\"valueRequired\":true,\"valueName\":\"search_term_string\"}}],\"inLanguage\":\"de-AT\"}]}<\/script>\n<!-- \/ Yoast SEO plugin. -->","yoast_head_json":{"title":"Cookie Richtlinien - Rayovac Hearing Aid Batteries","robots":{"index":"index","follow":"follow","max-snippet":"max-snippet:-1","max-image-preview":"max-image-preview:large","max-video-preview":"max-video-preview:-1"},"canonical":"https:\/\/rayovac.eu\/de-at\/cookie-richtlinien\/","og_locale":"de_DE","og_type":"article","og_title":"Cookie Richtlinien - Rayovac Hearing Aid Batteries","og_description":"COOKIE RICHTLINIEN Diese Cookie Richtlinien beschreibt, wie Energizer Holdings, Inc. Cookies auf der Website https:\/\/rayovac.eu\/ zur Verarbeitung von Daten verwendet werden. Zus\u00e4tzliche Informationen zur Nutzung, Speicherung und Weitergabe von Daten unserer Website-Nutzer lesen Sie bitte auch unsere Datenschutzerkl\u00e4rung. What are \u201cCookies\u201c? Cookies sind kleine Textdateien, welche bei einem Besuch unserer Website oder Applikationen nach Ihrer [&hellip;]","og_url":"https:\/\/rayovac.eu\/de-at\/cookie-richtlinien\/","og_site_name":"Rayovac Hearing Aid Batteries","twitter_card":"summary_large_image","twitter_misc":{"Gesch\u00e4tzte Lesezeit":"8 Minuten"},"schema":{"@context":"https:\/\/schema.org","@graph":[{"@type":"WebPage","@id":"https:\/\/rayovac.eu\/de-at\/cookie-richtlinien\/","url":"https:\/\/rayovac.eu\/de-at\/cookie-richtlinien\/","name":"Cookie Richtlinien - Rayovac Hearing Aid Batteries","isPartOf":{"@id":"https:\/\/rayovac.eu\/de-at\/#website"},"datePublished":"2021-11-21T10:26:03+00:00","breadcrumb":{"@id":"https:\/\/rayovac.eu\/de-at\/cookie-richtlinien\/#breadcrumb"},"inLanguage":"de-AT","potentialAction":[{"@type":"ReadAction","target":["https:\/\/rayovac.eu\/de-at\/cookie-richtlinien\/"]}]},{"@type":"BreadcrumbList","@id":"https:\/\/rayovac.eu\/de-at\/cookie-richtlinien\/#breadcrumb","itemListElement":[{"@type":"ListItem","position":1,"name":"Home","item":"https:\/\/rayovac.eu\/de-at\/"},{"@type":"ListItem","position":2,"name":"Cookie Richtlinien"}]},{"@type":"WebSite","@id":"https:\/\/rayovac.eu\/de-at\/#website","url":"https:\/\/rayovac.eu\/de-at\/","name":"Rayovac Hearing Aid Batteries","description":"","potentialAction":[{"@type":"SearchAction","target":{"@type":"EntryPoint","urlTemplate":"https:\/\/rayovac.eu\/de-at\/?s={search_term_string}"},"query-input":{"@type":"PropertyValueSpecification","valueRequired":true,"valueName":"search_term_string"}}],"inLanguage":"de-AT"}]}},"_links":{"self":[{"href":"https:\/\/rayovac.eu\/de-at\/wp-json\/wp\/v2\/pages\/2934","targetHints":{"allow":["GET"]}}],"collection":[{"href":"https:\/\/rayovac.eu\/de-at\/wp-json\/wp\/v2\/pages"}],"about":[{"href":"https:\/\/rayovac.eu\/de-at\/wp-json\/wp\/v2\/types\/page"}],"author":[{"embeddable":true,"href":"https:\/\/rayovac.eu\/de-at\/wp-json\/wp\/v2\/users\/3"}],"replies":[{"embeddable":true,"href":"https:\/\/rayovac.eu\/de-at\/wp-json\/wp\/v2\/comments?post=2934"}],"version-history":[{"count":0,"href":"https:\/\/rayovac.eu\/de-at\/wp-json\/wp\/v2\/pages\/2934\/revisions"}],"wp:attachment":[{"href":"https:\/\/rayovac.eu\/de-at\/wp-json\/wp\/v2\/media?parent=2934"}],"curies":[{"name":"wp","href":"https:\/\/api.w.org\/{rel}","templated":true}]}}