{"id":2932,"date":"2021-11-21T10:26:43","date_gmt":"2021-11-21T10:26:43","guid":{"rendered":"http:\/\/rayovac.eu\/sitemap\/"},"modified":"2021-11-21T10:26:43","modified_gmt":"2021-11-21T10:26:43","slug":"sitemap","status":"publish","type":"page","link":"https:\/\/rayovac.eu\/de-at\/sitemap\/","title":{"rendered":"Sitemap"},"content":{"rendered":"<h2 class=\"section-title\">Pages<\/h2>\n<ul>\n<li><a href=\"http:\/\/rayovac.eu\/de-at\/\">Home<\/a><\/li>\n<li><a href=\"http:\/\/rayovac.eu\/de\/products\/\">Produkte<\/a><\/li>\n<ul>\n<li><a href=\"http:\/\/rayovac.eu\/de-at\/products\/proline\/\">ProLine<\/a><\/li>\n<li><a href=\"http:\/\/rayovac.eu\/de-at\/products\/extra\/\">Extra<\/a><\/li>\n<li><a href=\"http:\/\/rayovac.eu\/de-at\/products\/rayovac-hoergeraetebatterien-einzelhandel\/\">Rayovac H\u00f6rger\u00e4tebatterien Einzelhandel<\/a><\/li>\n<li><a href=\"http:\/\/rayovac.eu\/de-at\/products\/implant-pro\/\">Implant Pro +<\/a><\/li>\n<li><a href=\"http:\/\/rayovac.eu\/de-at\/products\/alkaline\/\">Alkaline<\/a><\/li>\n<li><a href=\"http:\/\/rayovac.eu\/de-at\/products\/quartz\/\">Quartz<\/a><\/li>\n<li><a href=\"http:\/\/rayovac.eu\/de-at\/products\/accessories\/\">Accessories<\/a><\/li>\n<\/ul>\n<li><a href=\"http:\/\/rayovac.eu\/de\/unternehmen\/\">Unternehmen<\/a><\/li>\n<ul>\n<li><a href=\"http:\/\/rayovac.eu\/de\/unternehmen\/unternehmen-soziales\/\">Unternehmen &#038; Soziales<\/a><\/li>\n<li><a href=\"http:\/\/rayovac.eu\/de\/unternehmen\/umweltschutz\/\">Umweltschutz<\/a><\/li>\n<li><a href=\"http:\/\/rayovac.eu\/de\/unternehmen\/history\/\">History<\/a><\/li>\n<li><a href=\"http:\/\/rayovac.eu\/de\/unternehmen\/standorte\/\">Standorte<\/a><\/li>\n<li><a href=\"http:\/\/rayovac.eu\/de\/unternehmen\/soziales-engagement\/\">Soziales Engagement<\/a><\/li>\n<\/ul>\n<li><a href=\"http:\/\/rayovac.eu\/innovation\/\">Innovation<\/a><\/li>\n<ul>\n<li><a href=\"http:\/\/rayovac.eu\/de\/innovation\/active-core-plus\/\">Active Core Plus<\/a><\/li>\n<li><a href=\"http:\/\/rayovac.eu\/de\/innovation\/innovation-und-technologie\/\">Innovation und Technologie<\/a><\/li>\n<li><a href=\"http:\/\/rayovac.eu\/de\/innovation\/quecksilberfrei\/\">Quecksilberfrei<\/a><\/li>\n<li><a href=\"http:\/\/rayovac.eu\/de\/innovation\/qualitaetspruefung\/\">Qualit\u00e4tspr\u00fcfung<\/a><\/li>\n<li><a href=\"http:\/\/rayovac.eu\/de\/innovation\/einfache-verpackung\/\">Einfache Verpackung<\/a><\/li>\n<\/ul>\n<li><a href=\"http:\/\/rayovac.eu\/de\/entdecken\/\">Entdecken<\/a><\/li>\n<ul>\n<li><a href=\"http:\/\/rayovac.eu\/de\/entdecken\/audiologist-of-the-year\/\">Audiologist of the Year<\/a><\/li>\n<li><a href=\"http:\/\/rayovac.eu\/de\/entdecken\/rayovac-batteriegarantie\/\">Rayovac-Batteriegarantie<\/a><\/li>\n<li><a href=\"http:\/\/rayovac.eu\/de\/entdecken\/testen-sie-ihr-hoervermoegen\/\">Testen Sie Ihr H\u00f6rverm\u00f6gen<\/a><\/li>\n<li><a href=\"http:\/\/rayovac.eu\/de\/entdecken\/schuetzen-sie-ihr-gehoer-mit-rayovac\/\">Sch\u00fctzen Sie Ihr Geh\u00f6r mit Rayovac<\/a><\/li>\n<li><a href=\"http:\/\/rayovac.eu\/de\/entdecken\/die-batterielebensdauer-haengt-von-vielen-unterschiedlichen-faktoren-ab\/\">Die Batterielebensdauer h\u00e4ngt von vielen unterschiedlichen Faktoren ab<\/a><\/li>\n<\/ul>\n<li><a href=\"http:\/\/rayovac.eu\/de\/medienportal\/\">Medienportal<\/a><\/li>\n<li><a href=\"http:\/\/rayovac.eu\/customer-service\/\">Kundenbetreuung<\/a><\/li>\n<ul>\n<li><a href=\"http:\/\/rayovac.eu\/de\/kundenbetreuung\/kontakt\/\">Kontakt<\/a><\/li>\n<\/ul>\n<li><a href=\"http:\/\/rayovac.eu\/de\/gewerbliche-kunden\/\">Gewerbliche Kunden<\/a><\/li>\n<ul>\n<li><a href=\"http:\/\/rayovac.eu\/de\/gewerbliche-kunden\/hoerakustiker\/\">H\u00f6rakustiker<\/a><\/li>\n<li><a href=\"http:\/\/rayovac.eu\/de\/gewerbliche-kunden\/haendler\/\">H\u00e4ndler<\/a><\/li>\n<li><a href=\"http:\/\/rayovac.eu\/de\/gewerbliche-kunden\/einzelhaendler\/\">Einzelh\u00e4ndler<\/a><\/li>\n<\/ul>\n<li><a href=\"http:\/\/rayovac.eu\/battery-safety\/\">Battery Safety<\/a><\/li>\n<li><a href=\"http:\/\/rayovac.eu\/de\/worldhearingday\/\">World Hearing Day<\/a><\/li>\n<ul>\n<li><a href=\"http:\/\/rayovac.eu\/de\/worldhearingday\/casestudies\/\">CaseStudies<\/a><\/li>\n<li><a href=\"http:\/\/rayovac.eu\/de\/worldhearingday\/machen-sie-mit\/\">Machen Sie mit<\/a><\/li>\n<li><a href=\"http:\/\/rayovac.eu\/de\/worldhearingday\/reading\/\">Reading<\/a><\/li>\n<\/ul>\n<\/ul>\n<p>&nbsp;<\/p>\n<h2 class=\"section-title\">Site Information<\/h2>\n<ul>\n<li><a href=\"http:\/\/rayovac.eu\/de\/datenschutz-und-ihre-daten\/\">Datenschutz Und Ihre Daten<\/a><\/li>\n<li><a href=\"http:\/\/rayovac.eu\/de\/agbs\/\">AGB&#8217;s<\/a><\/li>\n<li><a href=\"http:\/\/rayovac.eu\/de\/cookie-richtlinien\/\">Cookie Richtlinien<\/a><\/li>\n<li><a href=\"http:\/\/rayovac.eu\/de\/impressum\/\">Impressum<\/a><\/li>\n<li><a href=\"http:\/\/rayovac.eu\/sitemap\/\">Sitemap<\/a><\/li>\n<\/ul>\n","protected":false},"excerpt":{"rendered":"<p>Pages Home Produkte ProLine Extra Rayovac H\u00f6rger\u00e4tebatterien Einzelhandel Implant Pro + Alkaline Quartz Accessories Unternehmen Unternehmen &#038; Soziales Umweltschutz History Standorte Soziales Engagement Innovation Active Core Plus Innovation und Technologie Quecksilberfrei Qualit\u00e4tspr\u00fcfung Einfache Verpackung Entdecken Audiologist of the Year Rayovac-Batteriegarantie Testen Sie Ihr H\u00f6rverm\u00f6gen Sch\u00fctzen Sie Ihr Geh\u00f6r mit Rayovac Die Batterielebensdauer h\u00e4ngt von vielen [&hellip;]<\/p>\n","protected":false},"author":3,"featured_media":0,"parent":0,"menu_order":99,"comment_status":"closed","ping_status":"closed","template":"","meta":{"_acf_changed":false,"footnotes":""},"class_list":["post-2932","page","type-page","status-publish","hentry"],"acf":[],"yoast_head":"<!-- This site is optimized with the Yoast SEO plugin v27.2 - https:\/\/yoast.com\/product\/yoast-seo-wordpress\/ -->\n<title>Sitemap - Rayovac Hearing Aid Batteries<\/title>\n<meta name=\"robots\" content=\"index, follow, max-snippet:-1, max-image-preview:large, max-video-preview:-1\" \/>\n<link rel=\"canonical\" href=\"https:\/\/rayovac.eu\/de-at\/sitemap\/\" \/>\n<meta property=\"og:locale\" content=\"de_DE\" \/>\n<meta property=\"og:type\" content=\"article\" \/>\n<meta property=\"og:title\" content=\"Sitemap - Rayovac Hearing Aid Batteries\" \/>\n<meta property=\"og:description\" content=\"Pages Home Produkte ProLine Extra Rayovac H\u00f6rger\u00e4tebatterien Einzelhandel Implant Pro + Alkaline Quartz Accessories Unternehmen Unternehmen &#038; Soziales Umweltschutz History Standorte Soziales Engagement Innovation Active Core Plus Innovation und Technologie Quecksilberfrei Qualit\u00e4tspr\u00fcfung Einfache Verpackung Entdecken Audiologist of the Year Rayovac-Batteriegarantie Testen Sie Ihr H\u00f6rverm\u00f6gen Sch\u00fctzen Sie Ihr Geh\u00f6r mit Rayovac Die Batterielebensdauer h\u00e4ngt von vielen [&hellip;]\" \/>\n<meta property=\"og:url\" content=\"https:\/\/rayovac.eu\/de-at\/sitemap\/\" \/>\n<meta property=\"og:site_name\" content=\"Rayovac Hearing Aid Batteries\" \/>\n<meta name=\"twitter:card\" content=\"summary_large_image\" \/>\n<script type=\"application\/ld+json\" class=\"yoast-schema-graph\">{\"@context\":\"https:\/\/schema.org\",\"@graph\":[{\"@type\":\"WebPage\",\"@id\":\"https:\/\/rayovac.eu\/de-at\/sitemap\/\",\"url\":\"https:\/\/rayovac.eu\/de-at\/sitemap\/\",\"name\":\"Sitemap - Rayovac Hearing Aid Batteries\",\"isPartOf\":{\"@id\":\"https:\/\/rayovac.eu\/de-at\/#website\"},\"datePublished\":\"2021-11-21T10:26:43+00:00\",\"breadcrumb\":{\"@id\":\"https:\/\/rayovac.eu\/de-at\/sitemap\/#breadcrumb\"},\"inLanguage\":\"de-AT\",\"potentialAction\":[{\"@type\":\"ReadAction\",\"target\":[\"https:\/\/rayovac.eu\/de-at\/sitemap\/\"]}]},{\"@type\":\"BreadcrumbList\",\"@id\":\"https:\/\/rayovac.eu\/de-at\/sitemap\/#breadcrumb\",\"itemListElement\":[{\"@type\":\"ListItem\",\"position\":1,\"name\":\"Home\",\"item\":\"https:\/\/rayovac.eu\/de-at\/\"},{\"@type\":\"ListItem\",\"position\":2,\"name\":\"Sitemap\"}]},{\"@type\":\"WebSite\",\"@id\":\"https:\/\/rayovac.eu\/de-at\/#website\",\"url\":\"https:\/\/rayovac.eu\/de-at\/\",\"name\":\"Rayovac Hearing Aid Batteries\",\"description\":\"\",\"potentialAction\":[{\"@type\":\"SearchAction\",\"target\":{\"@type\":\"EntryPoint\",\"urlTemplate\":\"https:\/\/rayovac.eu\/de-at\/?s={search_term_string}\"},\"query-input\":{\"@type\":\"PropertyValueSpecification\",\"valueRequired\":true,\"valueName\":\"search_term_string\"}}],\"inLanguage\":\"de-AT\"}]}<\/script>\n<!-- \/ Yoast SEO plugin. -->","yoast_head_json":{"title":"Sitemap - Rayovac Hearing Aid Batteries","robots":{"index":"index","follow":"follow","max-snippet":"max-snippet:-1","max-image-preview":"max-image-preview:large","max-video-preview":"max-video-preview:-1"},"canonical":"https:\/\/rayovac.eu\/de-at\/sitemap\/","og_locale":"de_DE","og_type":"article","og_title":"Sitemap - Rayovac Hearing Aid Batteries","og_description":"Pages Home Produkte ProLine Extra Rayovac H\u00f6rger\u00e4tebatterien Einzelhandel Implant Pro + Alkaline Quartz Accessories Unternehmen Unternehmen &#038; Soziales Umweltschutz History Standorte Soziales Engagement Innovation Active Core Plus Innovation und Technologie Quecksilberfrei Qualit\u00e4tspr\u00fcfung Einfache Verpackung Entdecken Audiologist of the Year Rayovac-Batteriegarantie Testen Sie Ihr H\u00f6rverm\u00f6gen Sch\u00fctzen Sie Ihr Geh\u00f6r mit Rayovac Die Batterielebensdauer h\u00e4ngt von vielen [&hellip;]","og_url":"https:\/\/rayovac.eu\/de-at\/sitemap\/","og_site_name":"Rayovac Hearing Aid Batteries","twitter_card":"summary_large_image","schema":{"@context":"https:\/\/schema.org","@graph":[{"@type":"WebPage","@id":"https:\/\/rayovac.eu\/de-at\/sitemap\/","url":"https:\/\/rayovac.eu\/de-at\/sitemap\/","name":"Sitemap - Rayovac Hearing Aid Batteries","isPartOf":{"@id":"https:\/\/rayovac.eu\/de-at\/#website"},"datePublished":"2021-11-21T10:26:43+00:00","breadcrumb":{"@id":"https:\/\/rayovac.eu\/de-at\/sitemap\/#breadcrumb"},"inLanguage":"de-AT","potentialAction":[{"@type":"ReadAction","target":["https:\/\/rayovac.eu\/de-at\/sitemap\/"]}]},{"@type":"BreadcrumbList","@id":"https:\/\/rayovac.eu\/de-at\/sitemap\/#breadcrumb","itemListElement":[{"@type":"ListItem","position":1,"name":"Home","item":"https:\/\/rayovac.eu\/de-at\/"},{"@type":"ListItem","position":2,"name":"Sitemap"}]},{"@type":"WebSite","@id":"https:\/\/rayovac.eu\/de-at\/#website","url":"https:\/\/rayovac.eu\/de-at\/","name":"Rayovac Hearing Aid Batteries","description":"","potentialAction":[{"@type":"SearchAction","target":{"@type":"EntryPoint","urlTemplate":"https:\/\/rayovac.eu\/de-at\/?s={search_term_string}"},"query-input":{"@type":"PropertyValueSpecification","valueRequired":true,"valueName":"search_term_string"}}],"inLanguage":"de-AT"}]}},"_links":{"self":[{"href":"https:\/\/rayovac.eu\/de-at\/wp-json\/wp\/v2\/pages\/2932","targetHints":{"allow":["GET"]}}],"collection":[{"href":"https:\/\/rayovac.eu\/de-at\/wp-json\/wp\/v2\/pages"}],"about":[{"href":"https:\/\/rayovac.eu\/de-at\/wp-json\/wp\/v2\/types\/page"}],"author":[{"embeddable":true,"href":"https:\/\/rayovac.eu\/de-at\/wp-json\/wp\/v2\/users\/3"}],"replies":[{"embeddable":true,"href":"https:\/\/rayovac.eu\/de-at\/wp-json\/wp\/v2\/comments?post=2932"}],"version-history":[{"count":0,"href":"https:\/\/rayovac.eu\/de-at\/wp-json\/wp\/v2\/pages\/2932\/revisions"}],"wp:attachment":[{"href":"https:\/\/rayovac.eu\/de-at\/wp-json\/wp\/v2\/media?parent=2932"}],"curies":[{"name":"wp","href":"https:\/\/api.w.org\/{rel}","templated":true}]}}